{"id":966,"date":"2019-01-12T07:20:21","date_gmt":"2019-01-12T06:20:21","guid":{"rendered":"http:\/\/www.laser-maker.com\/?page_id=966"},"modified":"2019-01-12T11:43:17","modified_gmt":"2019-01-12T10:43:17","slug":"security-tec-pcb","status":"publish","type":"page","link":"https:\/\/www.laser-maker.com\/index.php\/alos-project\/security-tec-pcb\/","title":{"rendered":"Security + TEC PCB"},"content":{"rendered":"<p><span style=\"color: #00ccff;\"><span id=\"result_box\" class=\"\" lang=\"en\" tabindex=\"-1\"><img loading=\"lazy\" decoding=\"async\" class=\"aligncenter size-large wp-image-982\" src=\"http:\/\/www.laser-maker.com\/wp-content\/uploads\/2019\/01\/SECURITY-V0.3-1-1024x703.png\" alt=\"\" width=\"900\" height=\"618\" srcset=\"https:\/\/www.laser-maker.com\/wp-content\/uploads\/2019\/01\/SECURITY-V0.3-1-1024x703.png 1024w, https:\/\/www.laser-maker.com\/wp-content\/uploads\/2019\/01\/SECURITY-V0.3-1-300x206.png 300w, https:\/\/www.laser-maker.com\/wp-content\/uploads\/2019\/01\/SECURITY-V0.3-1-768x527.png 768w\" sizes=\"auto, (max-width: 900px) 100vw, 900px\" \/>\u00a0The &#8220;Security + TEC PCB&#8221; <\/span>provides the following functions:<\/span><\/p>\n<ul>\n<li><span style=\"color: #00ccff;\">Hardware protection against electrical, mechanical and electronic failure<\/span><\/li>\n<li><span style=\"color: #00ccff;\">This is achieved by continuously analyzing the speed of scanners<\/span><\/li>\n<li><span style=\"color: #00ccff;\">Retrieves error information for the embedded system<\/span><\/li>\n<li><span id=\"result_box\" class=\"\" lang=\"en\" style=\"color: #00ccff;\" tabindex=\"-1\">Provides the current needed for interlock shutter (7V 5mA)<\/span><\/li>\n<li><span id=\"result_box\" class=\"\" lang=\"en\" style=\"color: #00ccff;\" tabindex=\"-1\">Manages a TEC for cooling the laser diodes<\/span><\/li>\n<li><span id=\"result_box\" class=\"\" lang=\"en\" style=\"color: #00ccff;\" tabindex=\"-1\">Provides the regulated power supply for the amplifiers<br \/>\n<\/span><\/li>\n<li><span id=\"result_box\" class=\"\" lang=\"en\" style=\"color: #00ccff;\" tabindex=\"-1\">A sensor can supply the value of the current in the TEC<\/span><span id=\"result_box\" class=\"\" lang=\"en\" tabindex=\"-1\"><br \/>\n<\/span><\/li>\n<\/ul>\n<p><span style=\"color: #33cccc;\">La carte &#8220;PCB s\u00e9curit\u00e9 + TEC&#8221; assure les fonctions suivantes:<\/span><\/p>\n<ul>\n<li><span style=\"color: #33cccc;\">Circuit de protection contre les pannes \u00e9lectriques, m\u00e9caniques et \u00e9lectroniques<\/span><\/li>\n<li><span style=\"color: #33cccc;\">Ceci est r\u00e9alis\u00e9 en analysant en permanence la vitesse des scanners<\/span><\/li>\n<li><span style=\"color: #33cccc;\">R\u00e9cup\u00e8re l&#8217;information d&#8217;erreur pour le syst\u00e8me embarqu\u00e9<\/span><\/li>\n<li><span style=\"color: #33cccc;\">D\u00e9livre le courant n\u00e9cessaire pour le shutter d&#8217;interlock (7V 5mA)<\/span><\/li>\n<li><span style=\"color: #33cccc;\">G\u00e8re un Peltier de refroidissement des diodes lasers<\/span><\/li>\n<li><span style=\"color: #33cccc;\">Fourni l&#8217;alimentation r\u00e9gul\u00e9e des amplificateurs<\/span><\/li>\n<li><span style=\"color: #33cccc;\">Un capteur peut fournir la valeur du courant dans le Peltier<\/span><\/li>\n<\/ul>\n<p><span id=\"result_box\" class=\"\" lang=\"en\" tabindex=\"-1\"><a href=\"http:\/\/www.laser-maker.com\/wp-content\/uploads\/2019\/01\/ALOS-SECURITY-DATASHEET.png\"><img loading=\"lazy\" decoding=\"async\" class=\"aligncenter size-medium wp-image-968\" src=\"http:\/\/www.laser-maker.com\/wp-content\/uploads\/2019\/01\/ALOS-SECURITY-DATASHEET-230x300.png\" alt=\"\" width=\"230\" height=\"300\" srcset=\"https:\/\/www.laser-maker.com\/wp-content\/uploads\/2019\/01\/ALOS-SECURITY-DATASHEET-230x300.png 230w, https:\/\/www.laser-maker.com\/wp-content\/uploads\/2019\/01\/ALOS-SECURITY-DATASHEET.png 689w\" sizes=\"auto, (max-width: 230px) 100vw, 230px\" \/><\/a><\/span><\/p>\n<p><span id=\"result_box\" class=\"\" lang=\"en\" tabindex=\"-1\"><a href=\"http:\/\/www.laser-maker.com\/wp-content\/uploads\/2019\/01\/LEVEL-0.3-SECURITY-V0.4.jpg\"><img loading=\"lazy\" decoding=\"async\" class=\"aligncenter size-medium wp-image-969\" src=\"http:\/\/www.laser-maker.com\/wp-content\/uploads\/2019\/01\/LEVEL-0.3-SECURITY-V0.4-300x270.jpg\" alt=\"\" width=\"300\" height=\"270\" srcset=\"https:\/\/www.laser-maker.com\/wp-content\/uploads\/2019\/01\/LEVEL-0.3-SECURITY-V0.4-300x270.jpg 300w, https:\/\/www.laser-maker.com\/wp-content\/uploads\/2019\/01\/LEVEL-0.3-SECURITY-V0.4-768x691.jpg 768w, https:\/\/www.laser-maker.com\/wp-content\/uploads\/2019\/01\/LEVEL-0.3-SECURITY-V0.4.jpg 900w\" sizes=\"auto, (max-width: 300px) 100vw, 300px\" \/><\/a><\/span><\/p>\n<p>Test Video<\/p>\n<iframe loading=\"lazy\"  id=\"_ytid_31172\"  width=\"900\" height=\"506\"  data-origwidth=\"900\" data-origheight=\"506\" src=\"https:\/\/www.youtube.com\/embed\/1sK3jXTTLr8?enablejsapi=1&origin=https:\/\/www.laser-maker.com&autoplay=0&cc_load_policy=0&cc_lang_pref=&iv_load_policy=1&loop=0&rel=0&fs=1&playsinline=0&autohide=2&theme=dark&color=red&controls=1&disablekb=0&\" class=\"__youtube_prefs__  no-lazyload\" title=\"YouTube player\"  allow=\"fullscreen; accelerometer; autoplay; clipboard-write; encrypted-media; gyroscope; picture-in-picture; web-share\" referrerpolicy=\"strict-origin-when-cross-origin\" allowfullscreen data-no-lazy=\"1\" data-skipgform_ajax_framebjll=\"\"><\/iframe>\n<p><a href=\"http:\/\/www.laser-maker.com\/index.php\/alos-project\/00-description\/\">Project description \/ Description du projet<\/a><\/p>\n","protected":false},"excerpt":{"rendered":"<p>\u00a0The &#8220;Security + TEC PCB&#8221; provides the following functions: Hardware protection against electrical, mechanical and electronic failure This is achieved by continuously analyzing the speed of scanners Retrieves error information for the embedded system Provides the current needed for interlock shutter (7V 5mA) Manages a TEC for cooling the laser diodes Provides the regulated power [&hellip;]<\/p>\n","protected":false},"author":1,"featured_media":0,"parent":111,"menu_order":0,"comment_status":"closed","ping_status":"closed","template":"","meta":{"footnotes":""},"class_list":["post-966","page","type-page","status-publish","hentry"],"_links":{"self":[{"href":"https:\/\/www.laser-maker.com\/index.php\/wp-json\/wp\/v2\/pages\/966","targetHints":{"allow":["GET"]}}],"collection":[{"href":"https:\/\/www.laser-maker.com\/index.php\/wp-json\/wp\/v2\/pages"}],"about":[{"href":"https:\/\/www.laser-maker.com\/index.php\/wp-json\/wp\/v2\/types\/page"}],"author":[{"embeddable":true,"href":"https:\/\/www.laser-maker.com\/index.php\/wp-json\/wp\/v2\/users\/1"}],"replies":[{"embeddable":true,"href":"https:\/\/www.laser-maker.com\/index.php\/wp-json\/wp\/v2\/comments?post=966"}],"version-history":[{"count":8,"href":"https:\/\/www.laser-maker.com\/index.php\/wp-json\/wp\/v2\/pages\/966\/revisions"}],"predecessor-version":[{"id":984,"href":"https:\/\/www.laser-maker.com\/index.php\/wp-json\/wp\/v2\/pages\/966\/revisions\/984"}],"up":[{"embeddable":true,"href":"https:\/\/www.laser-maker.com\/index.php\/wp-json\/wp\/v2\/pages\/111"}],"wp:attachment":[{"href":"https:\/\/www.laser-maker.com\/index.php\/wp-json\/wp\/v2\/media?parent=966"}],"curies":[{"name":"wp","href":"https:\/\/api.w.org\/{rel}","templated":true}]}}