{"id":771,"date":"2018-10-08T14:14:24","date_gmt":"2018-10-08T12:14:24","guid":{"rendered":"http:\/\/www.laser-maker.com\/?page_id=771"},"modified":"2019-07-22T09:53:44","modified_gmt":"2019-07-22T07:53:44","slug":"00-description-english","status":"publish","type":"page","link":"https:\/\/www.laser-maker.com\/index.php\/alos-project\/00-description-english\/","title":{"rendered":"00 &#8211; Description (English)"},"content":{"rendered":"<p><a href=\"http:\/\/www.laser-maker.com\/wp-content\/uploads\/2019\/04\/0-pres.jpg\"><img loading=\"lazy\" decoding=\"async\" class=\"aligncenter size-large wp-image-1232\" src=\"http:\/\/www.laser-maker.com\/wp-content\/uploads\/2019\/04\/0-pres-1024x911.jpg\" alt=\"\" width=\"900\" height=\"801\" srcset=\"https:\/\/www.laser-maker.com\/wp-content\/uploads\/2019\/04\/0-pres-1024x911.jpg 1024w, https:\/\/www.laser-maker.com\/wp-content\/uploads\/2019\/04\/0-pres-300x267.jpg 300w, https:\/\/www.laser-maker.com\/wp-content\/uploads\/2019\/04\/0-pres-768x684.jpg 768w, https:\/\/www.laser-maker.com\/wp-content\/uploads\/2019\/04\/0-pres.jpg 1256w\" sizes=\"auto, (max-width: 900px) 100vw, 900px\" \/><\/a><\/p>\n<p><span id=\"result_box\" class=\"\" lang=\"en\" style=\"color: #00ccff;\" tabindex=\"-1\"><span title=\"Le but de ce projet est de r\u00e9aliser un projecteur laser \u00e0 partir d'un recyclage de coffret! \">The goal of this project is to make a 5W laser show projector from an enclosure recycling! <\/span><\/span><\/p>\n<p><span id=\"result_box\" class=\"\" lang=\"en\" style=\"color: #00ccff;\" tabindex=\"-1\"><span title=\"Le but de ce projet est de r\u00e9aliser un projecteur laser \u00e0 partir d'un recyclage de coffret! \">An old 19&#8221; amplifier rack 3U and 28cm depth or you can use an old out of order laser projector.<br \/>\n<\/span><span title=\"La partie commande du projet est faite \u00e0 partir d'une Franboise et de deux cartes HAT (Hardware Attached on Top) donc on ajoute plusieurs cartes \u00e9lectronique au dessus du nano ordinateur. \">The control part of the project is made from a Raspberry PI model B and two HAT PCB cards (Hardware Attached on Top) so we add two printed circuit boards on top of the nano computer.<\/span><\/span><\/p>\n<p><span style=\"color: #00ccff;\"><span title=\"La carte 1 permet de g\u00e9rer les entr\u00e9es \/ sorties (2 DEL, 2 boutons poussoirs) et la partie s\u00e9curit\u00e9 (coupure lors de l'appuie sur le stop d'urgence ou la clef) Elle permet aussi le r\u00e9glage des niveaux lasers de chaque sources\"><a href=\"http:\/\/www.laser-maker.com\/index.php\/alos-project\/level-setting-pcb\">PCB 1<\/a> allows to manage the inputs \/ outputs (2 LEDs, 2 push buttons) and the security part (shut when pressing on the emergency stop or the key) It also allows the adjustment of the laser levels of each source <\/span><span title=\"(jusqu'\u00e0 4) et le reffroidissement de l'ordinateur avec un ventilateur.\">(up to 4) and the cooling of the computer with a fan. <\/span><span title=\"C'est aussi sur cette carte que l'on ajoute les capteurs additionnels (Temp\u00e9rature, humidit\u00e9, courant dans les diodes...) \">It is also on this PCB that we add the additional sensors (temperature, humidity, current in the diodes &#8230;)<\/span><\/span><\/p>\n<p><span style=\"color: #00ccff;\" title=\"La carte 2 permet de g\u00e9rer la temp\u00e9rature via le contr\u00f4le d'un peltier et aussi contient le circuit \u00e9lectronique &quot;scan-safe&quot; qui v\u00e9rifie en permanence que les scanners lasers fonctionnent et coupe les sources lasers en cas de probl\u00e8me en agissant sur la partie s\u00e9curit\u00e9 \"><a href=\"http:\/\/www.laser-maker.com\/index.php\/alos-project\/security-tec-pcb\/\">PCB 2<\/a> manage the laser diodes temperature via the control of a TEC and also contains the electronic circuit &#8220;scan-safe&#8221; which constantly checks that the laser scanners work and cuts the laser sources in case of problem by acting on the security part.<\/span><\/p>\n<p><span style=\"color: #00ccff;\"><span title=\"Chaque carte HAT poss\u00e9de son propre circuit de clef mat\u00e9riel. \">Each HAT PCB card has its own hardware key chip.<br \/>\n<\/span><span title=\"Au dessus de tout \u00e7a se trouve l'\u00e9cran \u00e0 cristaux liquides pour afficher les diff\u00e9rentes informations \u00e0 l'arriere du projecteur laser. \">Above all this is the LCD screen to display the different informations at the back of the laser projector.<\/span><\/span><\/p>\n<p><span style=\"color: #00ccff;\" title=\"Cet ensemble de circuits constitue un &quot;serveur&quot; et l'application g\u00e8re au maximum 3 serveurs (pour le moment) donc 3 projecteurs lasers diff\u00e9rents peuvent \u00eatre control\u00e9s sur une seule application cliente.\">This set of circuits constitutes a &#8220;server&#8221; and the application manages a maximum of 3 servers (currently) so 3 different laser projectors can be controlled on a single client application.<\/span><\/p>\n<p><span id=\"result_box\" class=\"\" lang=\"en\" style=\"color: #00ccff;\" tabindex=\"-1\">Communications between servers and clients are done using a bidirectional secure protocol based on TCP \/ IP.<\/span><\/p>\n<p><span style=\"color: #00ccff;\">Regarding the optical part it is made with a red green blue laser source, already assembled and already aligned. (1.5W red, 1.1W green, 2.4W blue, with overall divergence under 1.3mRad)<\/span><\/p>\n<p><span style=\"color: #00ccff;\">This is to limit the risks to the maximum, because as you know the lasers are very dangerous for the eyes, the skin, and many other surfaces!<\/span><\/p>\n<p><span style=\"color: #00ccff;\">For this, we ask you to scrupulously respect the steps of the project and we remind you that laser-maker can not be held responsible in any case.<\/span><\/p>\n<p><span id=\"result_box\" class=\"\" lang=\"en\" style=\"color: #00ccff;\" tabindex=\"-1\"><span class=\"alt-edited\">The construction of a projector is measured in hundreds of hours.<\/span><br \/>\n<span class=\"\">If you have neither time nor patience, then go your way.<\/span><\/span><\/p>\n<p><span style=\"color: #00ccff;\">This tutorial is intended to help people who want to assemble their own laser projector, while limiting the risks.<\/span><\/p>\n<p><span id=\"result_box\" class=\"\" lang=\"en\" style=\"color: #00ccff;\" tabindex=\"-1\">Fortunately, the application manages the levels because with 5 W of power this laser projector will illuminate all your small, medium and even big private parties!<\/span><\/p>\n<p><span class=\"\" style=\"color: #00ccff;\">Good luck, maker!<\/span><\/p>\n<p>&nbsp;<\/p>\n<p><a href=\"http:\/\/www.laser-maker.com\/wp-content\/uploads\/2019\/07\/Evenement2.jpg\"><img loading=\"lazy\" decoding=\"async\" class=\"aligncenter size-large wp-image-1465\" src=\"http:\/\/www.laser-maker.com\/wp-content\/uploads\/2019\/07\/Evenement2-1024x768.jpg\" alt=\"\" width=\"900\" height=\"675\" srcset=\"https:\/\/www.laser-maker.com\/wp-content\/uploads\/2019\/07\/Evenement2-1024x768.jpg 1024w, https:\/\/www.laser-maker.com\/wp-content\/uploads\/2019\/07\/Evenement2-300x225.jpg 300w, https:\/\/www.laser-maker.com\/wp-content\/uploads\/2019\/07\/Evenement2-768x576.jpg 768w, https:\/\/www.laser-maker.com\/wp-content\/uploads\/2019\/07\/Evenement2-320x240.jpg 320w\" sizes=\"auto, (max-width: 900px) 100vw, 900px\" \/><\/a> <a href=\"http:\/\/www.laser-maker.com\/wp-content\/uploads\/2019\/07\/Evenement3.jpg\"><img loading=\"lazy\" decoding=\"async\" class=\"aligncenter size-large wp-image-1466\" src=\"http:\/\/www.laser-maker.com\/wp-content\/uploads\/2019\/07\/Evenement3-1024x768.jpg\" alt=\"\" width=\"900\" height=\"675\" srcset=\"https:\/\/www.laser-maker.com\/wp-content\/uploads\/2019\/07\/Evenement3-1024x768.jpg 1024w, https:\/\/www.laser-maker.com\/wp-content\/uploads\/2019\/07\/Evenement3-300x225.jpg 300w, https:\/\/www.laser-maker.com\/wp-content\/uploads\/2019\/07\/Evenement3-768x576.jpg 768w, https:\/\/www.laser-maker.com\/wp-content\/uploads\/2019\/07\/Evenement3-320x240.jpg 320w\" sizes=\"auto, (max-width: 900px) 100vw, 900px\" \/><\/a><\/p>\n<p style=\"text-align: center;\"><span style=\"color: #00ccff;\">The application as of March 1, 2019<\/span><\/p>\n<p style=\"text-align: center;\"><iframe loading=\"lazy\"  id=\"_ytid_96384\"  width=\"900\" height=\"506\"  data-origwidth=\"900\" data-origheight=\"506\" src=\"https:\/\/www.youtube.com\/embed\/azMUECdPoFc?enablejsapi=1&origin=https:\/\/www.laser-maker.com&autoplay=0&cc_load_policy=0&cc_lang_pref=&iv_load_policy=1&loop=0&rel=0&fs=1&playsinline=0&autohide=2&theme=dark&color=red&controls=1&disablekb=0&\" class=\"__youtube_prefs__  no-lazyload\" title=\"YouTube player\"  allow=\"fullscreen; accelerometer; autoplay; clipboard-write; encrypted-media; gyroscope; picture-in-picture; web-share\" referrerpolicy=\"strict-origin-when-cross-origin\" allowfullscreen data-no-lazy=\"1\" data-skipgform_ajax_framebjll=\"\"><\/iframe><\/p>\n<p>&nbsp;<\/p>\n<p style=\"text-align: center;\"><a href=\"http:\/\/www.laser-maker.com\/index.php\/alos-project\/01-enclosure\/\">Step 1: Enclosure<\/a><\/p>\n<p><a href=\"http:\/\/www.laser-maker.com\/index.php\/alos-project\/\">Back to summary<\/a><\/p>\n","protected":false},"excerpt":{"rendered":"<p>The goal of this project is to make a 5W laser show projector from an enclosure recycling! An old 19&#8221; amplifier rack 3U and 28cm depth or you can use an old out of order laser projector. The control part of the project is made from a Raspberry PI model B and two HAT PCB [&hellip;]<\/p>\n","protected":false},"author":1,"featured_media":0,"parent":111,"menu_order":0,"comment_status":"closed","ping_status":"closed","template":"","meta":{"footnotes":""},"class_list":["post-771","page","type-page","status-publish","hentry"],"_links":{"self":[{"href":"https:\/\/www.laser-maker.com\/index.php\/wp-json\/wp\/v2\/pages\/771","targetHints":{"allow":["GET"]}}],"collection":[{"href":"https:\/\/www.laser-maker.com\/index.php\/wp-json\/wp\/v2\/pages"}],"about":[{"href":"https:\/\/www.laser-maker.com\/index.php\/wp-json\/wp\/v2\/types\/page"}],"author":[{"embeddable":true,"href":"https:\/\/www.laser-maker.com\/index.php\/wp-json\/wp\/v2\/users\/1"}],"replies":[{"embeddable":true,"href":"https:\/\/www.laser-maker.com\/index.php\/wp-json\/wp\/v2\/comments?post=771"}],"version-history":[{"count":29,"href":"https:\/\/www.laser-maker.com\/index.php\/wp-json\/wp\/v2\/pages\/771\/revisions"}],"predecessor-version":[{"id":1468,"href":"https:\/\/www.laser-maker.com\/index.php\/wp-json\/wp\/v2\/pages\/771\/revisions\/1468"}],"up":[{"embeddable":true,"href":"https:\/\/www.laser-maker.com\/index.php\/wp-json\/wp\/v2\/pages\/111"}],"wp:attachment":[{"href":"https:\/\/www.laser-maker.com\/index.php\/wp-json\/wp\/v2\/media?parent=771"}],"curies":[{"name":"wp","href":"https:\/\/api.w.org\/{rel}","templated":true}]}}