{"id":761,"date":"2018-10-08T13:44:53","date_gmt":"2018-10-08T11:44:53","guid":{"rendered":"http:\/\/www.laser-maker.com\/?page_id=761"},"modified":"2019-04-22T11:54:10","modified_gmt":"2019-04-22T09:54:10","slug":"03-beamtable-start","status":"publish","type":"page","link":"https:\/\/www.laser-maker.com\/index.php\/alos-project\/03-beamtable-start\/","title":{"rendered":"03 &#8211; Beamtable start"},"content":{"rendered":"<p><a href=\"http:\/\/www.laser-maker.com\/wp-content\/uploads\/2019\/04\/Sch\u00e9ma-ALOS-WEB.png\"><img loading=\"lazy\" decoding=\"async\" class=\"aligncenter wp-image-1061 size-large\" src=\"http:\/\/www.laser-maker.com\/wp-content\/uploads\/2019\/04\/Sch\u00e9ma-ALOS-WEB-1024x767.png\" alt=\"\" width=\"900\" height=\"674\" srcset=\"https:\/\/www.laser-maker.com\/wp-content\/uploads\/2019\/04\/Sch\u00e9ma-ALOS-WEB-1024x767.png 1024w, https:\/\/www.laser-maker.com\/wp-content\/uploads\/2019\/04\/Sch\u00e9ma-ALOS-WEB-300x225.png 300w, https:\/\/www.laser-maker.com\/wp-content\/uploads\/2019\/04\/Sch\u00e9ma-ALOS-WEB-768x575.png 768w, https:\/\/www.laser-maker.com\/wp-content\/uploads\/2019\/04\/Sch\u00e9ma-ALOS-WEB-320x240.png 320w\" sizes=\"auto, (max-width: 900px) 100vw, 900px\" \/><\/a><\/p>\n<p style=\"text-align: center;\"><span style=\"color: #00ccff;\">\u00a0Here is the outline of the beam table<\/span><br \/>\n<span style=\"color: #00ccff;\">There are 4.5mm \/ 6mm holes and M3 \/ M4 threaded holes<\/span><\/p>\n<p style=\"text-align: center;\"><span style=\"color: #33cccc;\">Voici le plan de la beam table<\/span><br \/>\n<span style=\"color: #33cccc;\">Il y a des trous 4.5mm \/ 6mm et des trous taraud\u00e9s M3 \/ M4<\/span><\/p>\n<p style=\"text-align: center;\"><a href=\"http:\/\/www.laser-maker.com\/wp-content\/uploads\/2019\/04\/Sch\u00e9ma-ALOS-WEB.pdf\">Sch\u00e9ma ALOS-WEB PDF<\/a><\/p>\n<p><a href=\"http:\/\/www.laser-maker.com\/wp-content\/uploads\/2019\/04\/P_20180924_180335.jpg\"><img loading=\"lazy\" decoding=\"async\" class=\"aligncenter wp-image-1266 size-medium\" src=\"http:\/\/www.laser-maker.com\/wp-content\/uploads\/2019\/04\/P_20180924_180335-300x169.jpg\" alt=\"\" width=\"300\" height=\"169\" srcset=\"https:\/\/www.laser-maker.com\/wp-content\/uploads\/2019\/04\/P_20180924_180335-300x169.jpg 300w, https:\/\/www.laser-maker.com\/wp-content\/uploads\/2019\/04\/P_20180924_180335-768x433.jpg 768w, https:\/\/www.laser-maker.com\/wp-content\/uploads\/2019\/04\/P_20180924_180335-1024x578.jpg 1024w, https:\/\/www.laser-maker.com\/wp-content\/uploads\/2019\/04\/P_20180924_180335.jpg 1170w\" sizes=\"auto, (max-width: 300px) 100vw, 300px\" \/><\/a><\/p>\n<p style=\"text-align: center;\"><span style=\"color: #00ccff;\">NB: 3.5mm holes are for bars (3mm screw + insulation ring)<\/span><br \/>\n<span style=\"color: #00ccff;\">These holes on the beam table are threaded M3<\/span><\/p>\n<p style=\"text-align: center;\"><span style=\"color: #33cccc;\">NB: Les trous de 3.5mm sont pour les barres (vis de 3mm + bague d&#8217;isolation)<\/span><br \/>\n<span style=\"color: #33cccc;\">Ces trous sur la beam table sont taraud\u00e9s M3<\/span><\/p>\n<p><span id=\"result_box\" class=\"\" lang=\"en\" tabindex=\"-1\"><span class=\"\"><a href=\"http:\/\/www.laser-maker.com\/wp-content\/uploads\/2018\/10\/12_plaque_alu.jpg\"><img loading=\"lazy\" decoding=\"async\" class=\"aligncenter size-medium wp-image-860\" src=\"http:\/\/www.laser-maker.com\/wp-content\/uploads\/2018\/10\/12_plaque_alu-225x300.jpg\" alt=\"\" width=\"225\" height=\"300\" srcset=\"https:\/\/www.laser-maker.com\/wp-content\/uploads\/2018\/10\/12_plaque_alu-225x300.jpg 225w, https:\/\/www.laser-maker.com\/wp-content\/uploads\/2018\/10\/12_plaque_alu-768x1024.jpg 768w, https:\/\/www.laser-maker.com\/wp-content\/uploads\/2018\/10\/12_plaque_alu.jpg 1248w\" sizes=\"auto, (max-width: 225px) 100vw, 225px\" \/><\/a><\/span><\/span><\/p>\n<p style=\"text-align: center;\"><span id=\"result_box\" class=\"\" lang=\"en\" style=\"color: #00ccff;\" tabindex=\"-1\">An aluminum plate is needed (size 465 x 275 mm and 10mm thickness) 2017 hardness<br \/>\nThe size 435 x 275 (19&#8221; rack) may be suitable, just fit two power supplies on the enclosure<br \/>\n<\/span><\/p>\n<p style=\"text-align: center;\"><span style=\"color: #33cccc;\">\u00a0<\/span><\/p>\n<p style=\"text-align: center;\"><span style=\"color: #33cccc;\">Il faut une plaque d&#8217;aluminium (taille 465 x 275 mm et 10mm d&#8217;\u00e9paisseur) Duret\u00e9 2017<\/span><br \/>\n<span style=\"color: #33cccc;\">La taille 435 x 275 (rack 19&#8221;) peut convenir il faudra juste placer 2 alimentations sur le coffret<\/span><\/p>\n<p><a href=\"http:\/\/www.laser-maker.com\/wp-content\/uploads\/2018\/10\/13_poids.jpg\"><img loading=\"lazy\" decoding=\"async\" class=\"aligncenter size-medium wp-image-867\" src=\"http:\/\/www.laser-maker.com\/wp-content\/uploads\/2018\/10\/13_poids-300x104.jpg\" alt=\"\" width=\"300\" height=\"104\" srcset=\"https:\/\/www.laser-maker.com\/wp-content\/uploads\/2018\/10\/13_poids-300x104.jpg 300w, https:\/\/www.laser-maker.com\/wp-content\/uploads\/2018\/10\/13_poids-768x266.jpg 768w, https:\/\/www.laser-maker.com\/wp-content\/uploads\/2018\/10\/13_poids-1024x354.jpg 1024w, https:\/\/www.laser-maker.com\/wp-content\/uploads\/2018\/10\/13_poids.jpg 1480w\" sizes=\"auto, (max-width: 300px) 100vw, 300px\" \/><\/a><\/p>\n<p style=\"text-align: center;\"><span id=\"result_box\" class=\"\" lang=\"en\" style=\"color: #00ccff;\" tabindex=\"-1\">It starts to gain weight, but there will be heat to dissipate<\/span><\/p>\n<p style=\"text-align: center;\"><span style=\"color: #33cccc;\">Il y a du poids, mais il va y avoir de la chaleur \u00e0 dissiper<\/span><\/p>\n<p style=\"text-align: center;\"><a href=\"https:\/\/www.ebay.fr\/itm\/292764221707\"><strong>Ebay Link &#8211; Lien pour l&#8217;objet<\/strong><\/a><\/p>\n<p><a href=\"http:\/\/www.laser-maker.com\/wp-content\/uploads\/2018\/10\/14_mat\u00e9riel.jpg\"><img loading=\"lazy\" decoding=\"async\" class=\"aligncenter size-medium wp-image-873\" src=\"http:\/\/www.laser-maker.com\/wp-content\/uploads\/2018\/10\/14_mat\u00e9riel-225x300.jpg\" alt=\"\" width=\"225\" height=\"300\" srcset=\"https:\/\/www.laser-maker.com\/wp-content\/uploads\/2018\/10\/14_mat\u00e9riel-225x300.jpg 225w, https:\/\/www.laser-maker.com\/wp-content\/uploads\/2018\/10\/14_mat\u00e9riel-768x1024.jpg 768w, https:\/\/www.laser-maker.com\/wp-content\/uploads\/2018\/10\/14_mat\u00e9riel.jpg 936w\" sizes=\"auto, (max-width: 225px) 100vw, 225px\" \/><\/a><\/p>\n<p style=\"text-align: center;\"><span id=\"result_box\" class=\"\" lang=\"en\" style=\"color: #00ccff;\" tabindex=\"-1\"><span class=\"\">We start by marking the least accurate locations<\/span><br \/>\n<span class=\"\">It is therefore angles (see the outline above)<\/span><\/span><\/p>\n<p style=\"text-align: center;\"><span style=\"color: #33cccc;\">On commence par marquer les emplacements les moins pr\u00e9cis<\/span><br \/>\n<span style=\"color: #33cccc;\">Il s&#8217;agit donc des corni\u00e8res (voir le plan ci-dessus)<\/span><\/p>\n<p><a href=\"http:\/\/www.laser-maker.com\/wp-content\/uploads\/2018\/10\/14_cornieres.jpg\"><img loading=\"lazy\" decoding=\"async\" class=\"aligncenter size-medium wp-image-872\" src=\"http:\/\/www.laser-maker.com\/wp-content\/uploads\/2018\/10\/14_cornieres-300x225.jpg\" alt=\"\" width=\"300\" height=\"225\" srcset=\"https:\/\/www.laser-maker.com\/wp-content\/uploads\/2018\/10\/14_cornieres-300x225.jpg 300w, https:\/\/www.laser-maker.com\/wp-content\/uploads\/2018\/10\/14_cornieres-768x576.jpg 768w, https:\/\/www.laser-maker.com\/wp-content\/uploads\/2018\/10\/14_cornieres-1024x768.jpg 1024w, https:\/\/www.laser-maker.com\/wp-content\/uploads\/2018\/10\/14_cornieres-320x240.jpg 320w, https:\/\/www.laser-maker.com\/wp-content\/uploads\/2018\/10\/14_cornieres.jpg 1248w\" sizes=\"auto, (max-width: 300px) 100vw, 300px\" \/><\/a><\/p>\n<p style=\"text-align: center;\"><span id=\"result_box\" class=\"\" lang=\"en\" style=\"color: #00ccff;\" tabindex=\"-1\"><span class=\"\">It is necessary to cut angles 10 x 10 mm x 1mm thickness<\/span><\/span><\/p>\n<p style=\"text-align: center;\"><span style=\"color: #33cccc;\">Il faut couper des corni\u00e8res 10 x 10 mm x 1mm \u00e9paisseur<\/span><\/p>\n<p><a href=\"http:\/\/www.laser-maker.com\/wp-content\/uploads\/2018\/10\/15_plaque-alu.jpg\"><img loading=\"lazy\" decoding=\"async\" class=\"aligncenter size-medium wp-image-874\" src=\"http:\/\/www.laser-maker.com\/wp-content\/uploads\/2018\/10\/15_plaque-alu-225x300.jpg\" alt=\"\" width=\"225\" height=\"300\" srcset=\"https:\/\/www.laser-maker.com\/wp-content\/uploads\/2018\/10\/15_plaque-alu-225x300.jpg 225w, https:\/\/www.laser-maker.com\/wp-content\/uploads\/2018\/10\/15_plaque-alu-768x1024.jpg 768w, https:\/\/www.laser-maker.com\/wp-content\/uploads\/2018\/10\/15_plaque-alu.jpg 936w\" sizes=\"auto, (max-width: 225px) 100vw, 225px\" \/><\/a><\/p>\n<p style=\"text-align: center;\"><span id=\"result_box\" class=\"\" lang=\"en\" style=\"color: #00ccff;\" tabindex=\"-1\">The partitions are made of aluminum plates 120 mm high and 0.8mm thick<\/span><\/p>\n<p style=\"text-align: center;\"><span style=\"color: #33cccc;\">Les cloisons sont faites de plaques aluminium de 120 mm de hauteur sur une \u00e9paisseur de 0.8mm<\/span><\/p>\n<p><a href=\"http:\/\/www.laser-maker.com\/wp-content\/uploads\/2018\/10\/16_epaisseur.jpg\"><img loading=\"lazy\" decoding=\"async\" class=\"aligncenter size-medium wp-image-875\" src=\"http:\/\/www.laser-maker.com\/wp-content\/uploads\/2018\/10\/16_epaisseur-225x300.jpg\" alt=\"\" width=\"225\" height=\"300\" srcset=\"https:\/\/www.laser-maker.com\/wp-content\/uploads\/2018\/10\/16_epaisseur-225x300.jpg 225w, https:\/\/www.laser-maker.com\/wp-content\/uploads\/2018\/10\/16_epaisseur-768x1024.jpg 768w, https:\/\/www.laser-maker.com\/wp-content\/uploads\/2018\/10\/16_epaisseur.jpg 936w\" sizes=\"auto, (max-width: 225px) 100vw, 225px\" \/><\/a><br \/>\n<span id=\"result_box\" class=\"short_text\" lang=\"en\" tabindex=\"-1\"><\/span><\/p>\n<p style=\"text-align: center;\"><span id=\"result_box\" class=\"short_text\" lang=\"en\" style=\"color: #00ccff;\" tabindex=\"-1\">Take into account the thickness of the saw &#8230;<\/span><\/p>\n<p style=\"text-align: center;\"><span style=\"color: #33cccc;\">Prenez en compte l&#8217;\u00e9paisseur de la scie&#8230;<\/span><\/p>\n<p style=\"text-align: center;\"><span id=\"result_box\" class=\"short_text\" lang=\"en\" tabindex=\"-1\"><a href=\"http:\/\/www.laser-maker.com\/wp-content\/uploads\/2019\/04\/17_decoupe.jpg\"><img loading=\"lazy\" decoding=\"async\" class=\"aligncenter size-medium wp-image-1041\" src=\"http:\/\/www.laser-maker.com\/wp-content\/uploads\/2019\/04\/17_decoupe-300x225.jpg\" alt=\"\" width=\"300\" height=\"225\" srcset=\"https:\/\/www.laser-maker.com\/wp-content\/uploads\/2019\/04\/17_decoupe-300x225.jpg 300w, https:\/\/www.laser-maker.com\/wp-content\/uploads\/2019\/04\/17_decoupe-768x576.jpg 768w, https:\/\/www.laser-maker.com\/wp-content\/uploads\/2019\/04\/17_decoupe-1024x768.jpg 1024w, https:\/\/www.laser-maker.com\/wp-content\/uploads\/2019\/04\/17_decoupe-320x240.jpg 320w, https:\/\/www.laser-maker.com\/wp-content\/uploads\/2019\/04\/17_decoupe.jpg 1248w\" sizes=\"auto, (max-width: 300px) 100vw, 300px\" \/><\/a><\/span><\/p>\n<p style=\"text-align: center;\"><span style=\"color: #00ccff;\">With this thickness the cutting is done with the manual saw and with a vice<\/span><\/p>\n<p style=\"text-align: center;\"><span style=\"color: #33cccc;\">Avec cette \u00e9paisseur la d\u00e9coupe se fait \u00e0 la scie manuelle et avec un \u00e9tau<\/span><\/p>\n<p style=\"text-align: center;\"><span id=\"result_box\" class=\"short_text\" lang=\"en\" tabindex=\"-1\"><a href=\"http:\/\/www.laser-maker.com\/wp-content\/uploads\/2019\/04\/17_poncage.jpg\"><img loading=\"lazy\" decoding=\"async\" class=\"aligncenter wp-image-1043 size-medium\" src=\"http:\/\/www.laser-maker.com\/wp-content\/uploads\/2019\/04\/17_poncage-225x300.jpg\" alt=\"\" width=\"225\" height=\"300\" srcset=\"https:\/\/www.laser-maker.com\/wp-content\/uploads\/2019\/04\/17_poncage-225x300.jpg 225w, https:\/\/www.laser-maker.com\/wp-content\/uploads\/2019\/04\/17_poncage-768x1024.jpg 768w, https:\/\/www.laser-maker.com\/wp-content\/uploads\/2019\/04\/17_poncage.jpg 936w\" sizes=\"auto, (max-width: 225px) 100vw, 225px\" \/><\/a><\/span><\/p>\n<p style=\"text-align: center;\"><span style=\"color: #00ccff;\">Then with a file we finish cutting<\/span><\/p>\n<p style=\"text-align: center;\"><span style=\"color: #33cccc;\">Ensuite avec une lime on termine la d\u00e9coupe<\/span><\/p>\n<p style=\"text-align: center;\"><span id=\"result_box\" class=\"short_text\" lang=\"en\" tabindex=\"-1\"><a href=\"http:\/\/www.laser-maker.com\/wp-content\/uploads\/2019\/04\/17_preparation-peinture.jpg\"><img loading=\"lazy\" decoding=\"async\" class=\"aligncenter wp-image-1044 size-medium\" src=\"http:\/\/www.laser-maker.com\/wp-content\/uploads\/2019\/04\/17_preparation-peinture-300x225.jpg\" alt=\"\" width=\"300\" height=\"225\" srcset=\"https:\/\/www.laser-maker.com\/wp-content\/uploads\/2019\/04\/17_preparation-peinture-300x225.jpg 300w, https:\/\/www.laser-maker.com\/wp-content\/uploads\/2019\/04\/17_preparation-peinture-768x576.jpg 768w, https:\/\/www.laser-maker.com\/wp-content\/uploads\/2019\/04\/17_preparation-peinture-1024x768.jpg 1024w, https:\/\/www.laser-maker.com\/wp-content\/uploads\/2019\/04\/17_preparation-peinture-320x240.jpg 320w, https:\/\/www.laser-maker.com\/wp-content\/uploads\/2019\/04\/17_preparation-peinture.jpg 1248w\" sizes=\"auto, (max-width: 300px) 100vw, 300px\" \/><\/a><\/span><\/p>\n<p style=\"text-align: center;\"><span style=\"color: #00ccff;\">With sanding paper I prepare the plate for painting<\/span><\/p>\n<p style=\"text-align: center;\"><span style=\"color: #33cccc;\">Avec du papier \u00e0 poncer je pr\u00e9pare la plaque pour la peinture<\/span><\/p>\n<p><span id=\"result_box\" class=\"short_text\" lang=\"en\" tabindex=\"-1\"><a href=\"http:\/\/www.laser-maker.com\/wp-content\/uploads\/2019\/04\/17_nettoyage.jpg\"><img loading=\"lazy\" decoding=\"async\" class=\"wp-image-1042 size-medium aligncenter\" src=\"http:\/\/www.laser-maker.com\/wp-content\/uploads\/2019\/04\/17_nettoyage-225x300.jpg\" alt=\"\" width=\"225\" height=\"300\" srcset=\"https:\/\/www.laser-maker.com\/wp-content\/uploads\/2019\/04\/17_nettoyage-225x300.jpg 225w, https:\/\/www.laser-maker.com\/wp-content\/uploads\/2019\/04\/17_nettoyage-768x1024.jpg 768w, https:\/\/www.laser-maker.com\/wp-content\/uploads\/2019\/04\/17_nettoyage.jpg 936w\" sizes=\"auto, (max-width: 225px) 100vw, 225px\" \/><\/a><\/span><\/p>\n<p style=\"text-align: center;\"><span style=\"color: #00ccff;\">Clean and let the aluminum dry<\/span><\/p>\n<p style=\"text-align: center;\"><span style=\"color: #33cccc;\">Bien nettoyer et laisser s\u00e9cher l&#8217;aluminium<\/span><\/p>\n<p style=\"text-align: center;\"><span id=\"result_box\" class=\"short_text\" lang=\"en\" style=\"color: #00ccff;\" tabindex=\"-1\"> <a href=\"http:\/\/www.laser-maker.com\/wp-content\/uploads\/2019\/04\/17_murs.jpg\"><img loading=\"lazy\" decoding=\"async\" class=\"aligncenter wp-image-1039 size-medium\" src=\"http:\/\/www.laser-maker.com\/wp-content\/uploads\/2019\/04\/17_murs-300x225.jpg\" alt=\"\" width=\"300\" height=\"225\" srcset=\"https:\/\/www.laser-maker.com\/wp-content\/uploads\/2019\/04\/17_murs-300x225.jpg 300w, https:\/\/www.laser-maker.com\/wp-content\/uploads\/2019\/04\/17_murs-768x576.jpg 768w, https:\/\/www.laser-maker.com\/wp-content\/uploads\/2019\/04\/17_murs-1024x768.jpg 1024w, https:\/\/www.laser-maker.com\/wp-content\/uploads\/2019\/04\/17_murs-320x240.jpg 320w, https:\/\/www.laser-maker.com\/wp-content\/uploads\/2019\/04\/17_murs.jpg 1248w\" sizes=\"auto, (max-width: 300px) 100vw, 300px\" \/><\/a><\/span><\/p>\n<p style=\"text-align: center;\"><span id=\"result_box\" class=\"short_text\" lang=\"en\" style=\"color: #00ccff;\" tabindex=\"-1\"> The partitions protect the optical part (humidity, dust, etc.)<\/span><\/p>\n<p style=\"text-align: center;\"><span style=\"color: #33cccc;\">Les cloisons prot\u00e8gent la partie optique (humidit\u00e9, poussi\u00e8re, etc.)<\/span><\/p>\n<p style=\"text-align: center;\"><a href=\"http:\/\/www.laser-maker.com\/wp-content\/uploads\/2019\/04\/18_PERCEUSE.jpg\"><img loading=\"lazy\" decoding=\"async\" class=\"aligncenter wp-image-1048 size-medium\" src=\"http:\/\/www.laser-maker.com\/wp-content\/uploads\/2019\/04\/18_PERCEUSE-300x225.jpg\" alt=\"\" width=\"300\" height=\"225\" srcset=\"https:\/\/www.laser-maker.com\/wp-content\/uploads\/2019\/04\/18_PERCEUSE-300x225.jpg 300w, https:\/\/www.laser-maker.com\/wp-content\/uploads\/2019\/04\/18_PERCEUSE-768x576.jpg 768w, https:\/\/www.laser-maker.com\/wp-content\/uploads\/2019\/04\/18_PERCEUSE-1024x768.jpg 1024w, https:\/\/www.laser-maker.com\/wp-content\/uploads\/2019\/04\/18_PERCEUSE-320x240.jpg 320w, https:\/\/www.laser-maker.com\/wp-content\/uploads\/2019\/04\/18_PERCEUSE.jpg 1248w\" sizes=\"auto, (max-width: 300px) 100vw, 300px\" \/><\/a><\/p>\n<p style=\"text-align: center;\"><span style=\"color: #00ccff;\">The holes of the beam table are made using a drill press<\/span><\/p>\n<p style=\"text-align: center;\"><span style=\"color: #33cccc;\">Les trous de la beam table sont fait \u00e0 l&#8217;aide d&#8217;une perceuse colonne<\/span><\/p>\n<p><a href=\"http:\/\/www.laser-maker.com\/wp-content\/uploads\/2019\/04\/18.png\"><img loading=\"lazy\" decoding=\"async\" class=\"aligncenter size-medium wp-image-1051\" src=\"http:\/\/www.laser-maker.com\/wp-content\/uploads\/2019\/04\/18-300x38.png\" alt=\"\" width=\"300\" height=\"38\" srcset=\"https:\/\/www.laser-maker.com\/wp-content\/uploads\/2019\/04\/18-300x38.png 300w, https:\/\/www.laser-maker.com\/wp-content\/uploads\/2019\/04\/18.png 491w\" sizes=\"auto, (max-width: 300px) 100vw, 300px\" \/><\/a><\/p>\n<p style=\"text-align: center;\"><span style=\"color: #00ccff;\">Here is the drilling diameter for the tapped holes<br \/>\n<\/span><\/p>\n<p style=\"text-align: center;\"><span style=\"color: #00ccff;\">For the M4 it is possible to drill at 3.2 but it is necessary <strong>slightly<\/strong> enlarge the hole with a hand drill <\/span><\/p>\n<p style=\"text-align: center;\"><strong><span style=\"color: #00ccff;\">Practice before<\/span><\/strong><\/p>\n<p style=\"text-align: center;\"><span style=\"color: #33cccc;\">Voici les diam\u00e8tres de per\u00e7age pour les trous taraud\u00e9s<br \/>\n<\/span><\/p>\n<p style=\"text-align: center;\"><span style=\"color: #33cccc;\">Pour le M4 il est possible de percer \u00e0 3.2, ensuite il faut <strong>l\u00e9g\u00e8rement<\/strong> agrandir le trou avec une perceuse manuelle <\/span><\/p>\n<p style=\"text-align: center;\"><strong><span style=\"color: #33cccc;\">Entrainez vous avant<\/span><\/strong><\/p>\n<p style=\"text-align: center;\"><a href=\"http:\/\/www.laser-maker.com\/wp-content\/uploads\/2019\/04\/18_HUILE_BLOCAGE.jpg\"><img loading=\"lazy\" decoding=\"async\" class=\"aligncenter wp-image-1047 size-medium\" src=\"http:\/\/www.laser-maker.com\/wp-content\/uploads\/2019\/04\/18_HUILE_BLOCAGE-300x225.jpg\" alt=\"\" width=\"300\" height=\"225\" srcset=\"https:\/\/www.laser-maker.com\/wp-content\/uploads\/2019\/04\/18_HUILE_BLOCAGE-300x225.jpg 300w, https:\/\/www.laser-maker.com\/wp-content\/uploads\/2019\/04\/18_HUILE_BLOCAGE-768x576.jpg 768w, https:\/\/www.laser-maker.com\/wp-content\/uploads\/2019\/04\/18_HUILE_BLOCAGE-1024x768.jpg 1024w, https:\/\/www.laser-maker.com\/wp-content\/uploads\/2019\/04\/18_HUILE_BLOCAGE-320x240.jpg 320w, https:\/\/www.laser-maker.com\/wp-content\/uploads\/2019\/04\/18_HUILE_BLOCAGE.jpg 1248w\" sizes=\"auto, (max-width: 300px) 100vw, 300px\" \/><\/a><\/p>\n<p style=\"text-align: center;\"><span style=\"color: #00ccff;\">Remember to secure the plate and lubricate the drill well<\/span><\/p>\n<p style=\"text-align: center;\"><span style=\"color: #33cccc;\">Pensez \u00e0 bien fixer la plaque et \u00e0 bien lubrifier le foret<\/span><\/p>\n<p style=\"text-align: center;\"><a href=\"http:\/\/www.laser-maker.com\/wp-content\/uploads\/2019\/04\/18_SCAN.jpg\"><img loading=\"lazy\" decoding=\"async\" class=\"aligncenter wp-image-1054 size-medium\" src=\"http:\/\/www.laser-maker.com\/wp-content\/uploads\/2019\/04\/18_SCAN-225x300.jpg\" alt=\"\" width=\"225\" height=\"300\" srcset=\"https:\/\/www.laser-maker.com\/wp-content\/uploads\/2019\/04\/18_SCAN-225x300.jpg 225w, https:\/\/www.laser-maker.com\/wp-content\/uploads\/2019\/04\/18_SCAN-768x1024.jpg 768w, https:\/\/www.laser-maker.com\/wp-content\/uploads\/2019\/04\/18_SCAN.jpg 936w\" sizes=\"auto, (max-width: 225px) 100vw, 225px\" \/><\/a><\/p>\n<p style=\"text-align: center;\"><span style=\"color: #00ccff;\">The holes of scanners and amplifiers are 4.5mm in diameter<\/span><\/p>\n<p style=\"text-align: center;\"><span style=\"color: #33cccc;\">Les trous des scanners et amplificateurs font 4.5mm de diam\u00e8tre<\/span><\/p>\n<p><a href=\"http:\/\/www.laser-maker.com\/wp-content\/uploads\/2019\/04\/18_ALIGN.jpg\"><img loading=\"lazy\" decoding=\"async\" class=\"aligncenter size-medium wp-image-1055\" src=\"http:\/\/www.laser-maker.com\/wp-content\/uploads\/2019\/04\/18_ALIGN-300x225.jpg\" alt=\"\" width=\"300\" height=\"225\" srcset=\"https:\/\/www.laser-maker.com\/wp-content\/uploads\/2019\/04\/18_ALIGN-300x225.jpg 300w, https:\/\/www.laser-maker.com\/wp-content\/uploads\/2019\/04\/18_ALIGN-768x576.jpg 768w, https:\/\/www.laser-maker.com\/wp-content\/uploads\/2019\/04\/18_ALIGN-1024x768.jpg 1024w, https:\/\/www.laser-maker.com\/wp-content\/uploads\/2019\/04\/18_ALIGN-320x240.jpg 320w, https:\/\/www.laser-maker.com\/wp-content\/uploads\/2019\/04\/18_ALIGN.jpg 1248w\" sizes=\"auto, (max-width: 300px) 100vw, 300px\" \/><\/a><\/p>\n<p style=\"text-align: center;\"><span style=\"color: #00ccff;\">Check the alignment and sand lightly if necessary<\/span><\/p>\n<p style=\"text-align: center;\"><span style=\"color: #33cccc;\">V\u00e9rifier l&#8217;alignement et poncer l\u00e9g\u00e8rement si n\u00e9cessaire<\/span><\/p>\n<p><a href=\"http:\/\/www.laser-maker.com\/wp-content\/uploads\/2019\/04\/18_TARAUD.jpg\"><img loading=\"lazy\" decoding=\"async\" class=\"aligncenter size-medium wp-image-1049\" src=\"http:\/\/www.laser-maker.com\/wp-content\/uploads\/2019\/04\/18_TARAUD-156x300.jpg\" alt=\"\" width=\"156\" height=\"300\" srcset=\"https:\/\/www.laser-maker.com\/wp-content\/uploads\/2019\/04\/18_TARAUD-156x300.jpg 156w, https:\/\/www.laser-maker.com\/wp-content\/uploads\/2019\/04\/18_TARAUD-531x1024.jpg 531w, https:\/\/www.laser-maker.com\/wp-content\/uploads\/2019\/04\/18_TARAUD.jpg 656w\" sizes=\"auto, (max-width: 156px) 100vw, 156px\" \/><\/a><\/p>\n<p style=\"text-align: center;\"><span style=\"color: #00ccff;\">Now is the time to do the tapping!<\/span><\/p>\n<p style=\"text-align: center;\"><span style=\"color: #00ccff;\"> Take your time and do not hesitate to &#8220;turn left&#8221; as often as possible<\/span><\/p>\n<p style=\"text-align: center;\"><span style=\"color: #00ccff;\">lubricate it a lot (WD40)<\/span><\/p>\n<p style=\"text-align: center;\"><span style=\"color: #33cccc;\">C&#8217;est maintenant le moment de r\u00e9aliser les taraudages!<\/span><\/p>\n<p style=\"text-align: center;\"><span style=\"color: #33cccc;\"> Prenez votre temps et n\u2019h\u00e9sitez \u00e0 &#8220;tourner \u00e0 gauche&#8221; le plus souvent possible<\/span><\/p>\n<p style=\"text-align: center;\"><span style=\"color: #33cccc;\">Bien lubrifier le taraud (WD40)<\/span><\/p>\n<p>&nbsp;<\/p>\n<p><a href=\"http:\/\/www.laser-maker.com\/index.php\/alos-project\/04-ilda-buffer-pcb\/\">Step 04 &#8211; ILDA buffer PCB \/ \u00c9tape 04 Circuit de tampon ILDA<\/a><\/p>\n<p><a href=\"http:\/\/www.laser-maker.com\/index.php\/alos-project\/\">Back to summary \/ Retour au sommaire<\/a><\/p>\n","protected":false},"excerpt":{"rendered":"<p>\u00a0Here is the outline of the beam table There are 4.5mm \/ 6mm holes and M3 \/ M4 threaded holes Voici le plan de la beam table Il y a des trous 4.5mm \/ 6mm et des trous taraud\u00e9s M3 \/ M4 Sch\u00e9ma ALOS-WEB PDF NB: 3.5mm holes are for bars (3mm screw + insulation [&hellip;]<\/p>\n","protected":false},"author":1,"featured_media":0,"parent":111,"menu_order":0,"comment_status":"closed","ping_status":"closed","template":"","meta":{"footnotes":""},"class_list":["post-761","page","type-page","status-publish","hentry"],"_links":{"self":[{"href":"https:\/\/www.laser-maker.com\/index.php\/wp-json\/wp\/v2\/pages\/761","targetHints":{"allow":["GET"]}}],"collection":[{"href":"https:\/\/www.laser-maker.com\/index.php\/wp-json\/wp\/v2\/pages"}],"about":[{"href":"https:\/\/www.laser-maker.com\/index.php\/wp-json\/wp\/v2\/types\/page"}],"author":[{"embeddable":true,"href":"https:\/\/www.laser-maker.com\/index.php\/wp-json\/wp\/v2\/users\/1"}],"replies":[{"embeddable":true,"href":"https:\/\/www.laser-maker.com\/index.php\/wp-json\/wp\/v2\/comments?post=761"}],"version-history":[{"count":44,"href":"https:\/\/www.laser-maker.com\/index.php\/wp-json\/wp\/v2\/pages\/761\/revisions"}],"predecessor-version":[{"id":1269,"href":"https:\/\/www.laser-maker.com\/index.php\/wp-json\/wp\/v2\/pages\/761\/revisions\/1269"}],"up":[{"embeddable":true,"href":"https:\/\/www.laser-maker.com\/index.php\/wp-json\/wp\/v2\/pages\/111"}],"wp:attachment":[{"href":"https:\/\/www.laser-maker.com\/index.php\/wp-json\/wp\/v2\/media?parent=761"}],"curies":[{"name":"wp","href":"https:\/\/api.w.org\/{rel}","templated":true}]}}