{"id":758,"date":"2018-10-08T13:43:39","date_gmt":"2018-10-08T11:43:39","guid":{"rendered":"http:\/\/www.laser-maker.com\/?page_id=758"},"modified":"2019-04-22T11:43:44","modified_gmt":"2019-04-22T09:43:44","slug":"02-painting","status":"publish","type":"page","link":"https:\/\/www.laser-maker.com\/index.php\/alos-project\/02-painting\/","title":{"rendered":"02 &#8211; Painting"},"content":{"rendered":"<p><span id=\"result_box\" class=\"\" lang=\"en\" style=\"color: #00ccff;\" tabindex=\"-1\">This step takes a lot of time (<span id=\"result_box\" class=\"\" lang=\"en\" tabindex=\"-1\"><span class=\"\">The complete drying time of the paint takes 1 month<\/span><\/span>)<\/span><br \/>\n<span class=\"\" style=\"color: #00ccff;\">It is very important to paint the box well (matte black inside and the color you want outside!)<\/span><\/p>\n<p><span id=\"result_box\" class=\"\" lang=\"en\" style=\"color: #00ccff;\" tabindex=\"-1\"><span class=\"\">\u00a0<\/span><\/span><\/p>\n<p><span style=\"color: #33cccc;\">Cette \u00e9tape prends beaucoup de temps (Le temps de s\u00e9chage complet de la peinture prend 1 mois)<\/span><br \/>\n<span style=\"color: #33cccc;\">Il est tr\u00e8s important de bien peindre le coffret (noir mat int\u00e9rieur et la couleur que vous voulez \u00e0 l\u2019ext\u00e9rieur!)<\/span><\/p>\n<p>&nbsp;<\/p>\n<p style=\"text-align: center;\"><span id=\"result_box\" class=\"short_text\" lang=\"en\" style=\"color: #00ccff;\" tabindex=\"-1\"><span class=\"\">Start by sanding the enclosure<\/span><\/span><\/p>\n<p style=\"text-align: center;\"><span style=\"color: #33cccc;\">Commencer par poncer un peu le coffret<\/span><\/p>\n<p><a href=\"http:\/\/www.laser-maker.com\/wp-content\/uploads\/2018\/10\/4_PONCE.jpg\"><img loading=\"lazy\" decoding=\"async\" class=\"aligncenter size-medium wp-image-870\" src=\"http:\/\/www.laser-maker.com\/wp-content\/uploads\/2018\/10\/4_PONCE-300x149.jpg\" alt=\"\" width=\"300\" height=\"149\" srcset=\"https:\/\/www.laser-maker.com\/wp-content\/uploads\/2018\/10\/4_PONCE-300x149.jpg 300w, https:\/\/www.laser-maker.com\/wp-content\/uploads\/2018\/10\/4_PONCE-768x381.jpg 768w, https:\/\/www.laser-maker.com\/wp-content\/uploads\/2018\/10\/4_PONCE.jpg 935w\" sizes=\"auto, (max-width: 300px) 100vw, 300px\" \/><\/a><\/p>\n<p style=\"text-align: center;\"><span id=\"result_box\" class=\"short_text\" lang=\"en\" style=\"color: #00ccff;\" tabindex=\"-1\">Protections and matte paint required<\/span><\/p>\n<p style=\"text-align: center;\"><span style=\"color: #33cccc;\">Protections et peinture mat n\u00e9cessaire<\/span><\/p>\n<p><a href=\"http:\/\/www.laser-maker.com\/wp-content\/uploads\/2018\/10\/4_PAINT.jpg\"><img loading=\"lazy\" decoding=\"async\" class=\"aligncenter size-medium wp-image-869\" src=\"http:\/\/www.laser-maker.com\/wp-content\/uploads\/2018\/10\/4_PAINT-269x300.jpg\" alt=\"\" width=\"269\" height=\"300\" srcset=\"https:\/\/www.laser-maker.com\/wp-content\/uploads\/2018\/10\/4_PAINT-269x300.jpg 269w, https:\/\/www.laser-maker.com\/wp-content\/uploads\/2018\/10\/4_PAINT.jpg 624w\" sizes=\"auto, (max-width: 269px) 100vw, 269px\" \/><\/a><\/p>\n<p>&nbsp;<\/p>\n<p style=\"text-align: center;\"><span id=\"result_box\" class=\"\" lang=\"en\" style=\"color: #00ccff;\" tabindex=\"-1\"><span class=\"\">Start with masking tape you protect the printing<\/span><\/span><\/p>\n<p style=\"text-align: center;\"><span style=\"color: #33cccc;\">Avec du scotch de masking on prot\u00e8ge la s\u00e9rigraphie.<\/span><\/p>\n<p><span id=\"result_box\" class=\"\" lang=\"en\" style=\"color: #00ccff;\" tabindex=\"-1\"><span class=\"\"><span id=\"result_box\" class=\"\" lang=\"en\" tabindex=\"-1\"><\/span><a href=\"http:\/\/www.laser-maker.com\/wp-content\/uploads\/2018\/10\/6_peinture.jpg\"><img loading=\"lazy\" decoding=\"async\" class=\"aligncenter size-medium wp-image-845\" src=\"http:\/\/www.laser-maker.com\/wp-content\/uploads\/2018\/10\/6_peinture-300x225.jpg\" alt=\"\" width=\"300\" height=\"225\" srcset=\"https:\/\/www.laser-maker.com\/wp-content\/uploads\/2018\/10\/6_peinture-300x225.jpg 300w, https:\/\/www.laser-maker.com\/wp-content\/uploads\/2018\/10\/6_peinture-768x576.jpg 768w, https:\/\/www.laser-maker.com\/wp-content\/uploads\/2018\/10\/6_peinture-1024x768.jpg 1024w, https:\/\/www.laser-maker.com\/wp-content\/uploads\/2018\/10\/6_peinture-320x240.jpg 320w, https:\/\/www.laser-maker.com\/wp-content\/uploads\/2018\/10\/6_peinture.jpg 1248w\" sizes=\"auto, (max-width: 300px) 100vw, 300px\" \/><\/a><\/span><\/span><\/p>\n<p style=\"text-align: center;\"><span id=\"result_box\" class=\"\" lang=\"en\" style=\"color: #00ccff;\" tabindex=\"-1\">The earth point must not be painted and properly sanded<\/span><\/p>\n<p style=\"text-align: center;\"><span style=\"color: #33cccc;\">Le point de terre ne doit pas \u00eatre peint et correctement ponc\u00e9<\/span><\/p>\n<p><span id=\"result_box\" class=\"\" lang=\"en\" style=\"color: #00ccff;\" tabindex=\"-1\"><img loading=\"lazy\" decoding=\"async\" class=\"aligncenter size-medium wp-image-844\" src=\"http:\/\/www.laser-maker.com\/wp-content\/uploads\/2018\/10\/6_peintur-300x166.jpg\" alt=\"\" width=\"300\" height=\"166\" srcset=\"https:\/\/www.laser-maker.com\/wp-content\/uploads\/2018\/10\/6_peintur-300x166.jpg 300w, https:\/\/www.laser-maker.com\/wp-content\/uploads\/2018\/10\/6_peintur-768x424.jpg 768w, https:\/\/www.laser-maker.com\/wp-content\/uploads\/2018\/10\/6_peintur-1024x566.jpg 1024w, https:\/\/www.laser-maker.com\/wp-content\/uploads\/2018\/10\/6_peintur.jpg 1524w\" sizes=\"auto, (max-width: 300px) 100vw, 300px\" \/>\u00a0 <\/span><\/p>\n<p style=\"text-align: center;\"><span id=\"result_box\" class=\"short_text\" lang=\"en\" style=\"color: #00ccff;\" tabindex=\"-1\">Here is the result for the outside<\/span><\/p>\n<p style=\"text-align: center;\"><span style=\"color: #33cccc;\">Voici le r\u00e9sultat pour l\u2019ext\u00e9rieur<\/span><\/p>\n<p><span id=\"result_box\" class=\"\" lang=\"en\" style=\"color: #00ccff;\" tabindex=\"-1\"><a href=\"http:\/\/www.laser-maker.com\/wp-content\/uploads\/2018\/10\/6_peinture2.jpg\"><img loading=\"lazy\" decoding=\"async\" class=\"aligncenter size-medium wp-image-846\" src=\"http:\/\/www.laser-maker.com\/wp-content\/uploads\/2018\/10\/6_peinture2-300x97.jpg\" alt=\"\" width=\"300\" height=\"97\" srcset=\"https:\/\/www.laser-maker.com\/wp-content\/uploads\/2018\/10\/6_peinture2-300x97.jpg 300w, https:\/\/www.laser-maker.com\/wp-content\/uploads\/2018\/10\/6_peinture2-768x247.jpg 768w, https:\/\/www.laser-maker.com\/wp-content\/uploads\/2018\/10\/6_peinture2-1024x330.jpg 1024w, https:\/\/www.laser-maker.com\/wp-content\/uploads\/2018\/10\/6_peinture2.jpg 1100w\" sizes=\"auto, (max-width: 300px) 100vw, 300px\" \/><\/a><\/span><\/p>\n<p style=\"text-align: center;\"><span id=\"result_box\" class=\"\" lang=\"en\" style=\"color: #00ccff;\" tabindex=\"-1\"><span class=\"\">The matte black paint spray is for the inside of the cabinet.<\/span><br \/>\n<span class=\"\">Protect yourself and the room as much as possible from aerosols.<\/span><br \/>\n<span class=\"\">You have to put several layers and apply a little paint each time.<\/span><br \/>\n<span class=\"\">Well let dry between each layer, you&#8217;ve understood it will take time &#8230;<\/span><\/span><\/p>\n<p style=\"text-align: center;\"><span style=\"color: #33cccc;\">La bombe de peinture noire mat est pour l&#8217;int\u00e9rieur du coffret.<\/span><br \/>\n<span style=\"color: #33cccc;\">Prot\u00e9g\u00e9z-vous et la pi\u00e8ce le plus possible des a\u00e9rosols.<\/span><br \/>\n<span style=\"color: #33cccc;\">Il faut mettre plusieurs couches et d\u00e9poser peu de peinture \u00e0 chaque fois.<\/span><br \/>\n<span style=\"color: #33cccc;\">Bien laisser secher entre chaque couches, vous l&#8217;avez compris \u00e7a va prendre du temps&#8230;<\/span><\/p>\n<p><span id=\"result_box\" class=\"\" lang=\"en\" style=\"color: #00ccff;\" tabindex=\"-1\"> <a href=\"http:\/\/www.laser-maker.com\/wp-content\/uploads\/2018\/10\/6_peinture3.jpg\"><img loading=\"lazy\" decoding=\"async\" class=\"aligncenter size-medium wp-image-847\" src=\"http:\/\/www.laser-maker.com\/wp-content\/uploads\/2018\/10\/6_peinture3-225x300.jpg\" alt=\"\" width=\"225\" height=\"300\" srcset=\"https:\/\/www.laser-maker.com\/wp-content\/uploads\/2018\/10\/6_peinture3-225x300.jpg 225w, https:\/\/www.laser-maker.com\/wp-content\/uploads\/2018\/10\/6_peinture3-768x1024.jpg 768w, https:\/\/www.laser-maker.com\/wp-content\/uploads\/2018\/10\/6_peinture3.jpg 936w\" sizes=\"auto, (max-width: 225px) 100vw, 225px\" \/><\/a><\/span><\/p>\n<p style=\"text-align: center;\"><span style=\"color: #00ccff;\"><span id=\"result_box\" class=\"short_text\" lang=\"en\" tabindex=\"-1\">As a bonus the flight case will also be repainted<\/span> \ud83d\ude42<\/span><\/p>\n<p style=\"text-align: center;\"><span style=\"color: #33cccc;\">En bonus le flight case va aussi \u00eatre repeint \ud83d\ude42<\/span><\/p>\n<p style=\"text-align: left;\"><span id=\"result_box\" class=\"\" lang=\"en\" tabindex=\"-1\"><a href=\"http:\/\/www.laser-maker.com\/wp-content\/uploads\/2018\/10\/6_flight.jpg\"><img loading=\"lazy\" decoding=\"async\" class=\"aligncenter size-medium wp-image-851\" src=\"http:\/\/www.laser-maker.com\/wp-content\/uploads\/2018\/10\/6_flight-300x225.jpg\" alt=\"\" width=\"300\" height=\"225\" srcset=\"https:\/\/www.laser-maker.com\/wp-content\/uploads\/2018\/10\/6_flight-300x225.jpg 300w, https:\/\/www.laser-maker.com\/wp-content\/uploads\/2018\/10\/6_flight-768x576.jpg 768w, https:\/\/www.laser-maker.com\/wp-content\/uploads\/2018\/10\/6_flight-1024x768.jpg 1024w, https:\/\/www.laser-maker.com\/wp-content\/uploads\/2018\/10\/6_flight-320x240.jpg 320w, https:\/\/www.laser-maker.com\/wp-content\/uploads\/2018\/10\/6_flight.jpg 1664w\" sizes=\"auto, (max-width: 300px) 100vw, 300px\" \/><\/a><\/span><a href=\"http:\/\/www.laser-maker.com\/index.php\/alos-project\/03-beamtable-start\/\">Step 3: BeamTable start \/ \u00c9tape 3: D\u00e9but sur le banc optique<\/a><\/p>\n<p><a href=\"http:\/\/www.laser-maker.com\/index.php\/alos-project\/\">Back to summary \/ Retour au sommaire<\/a><\/p>\n","protected":false},"excerpt":{"rendered":"<p>This step takes a lot of time (The complete drying time of the paint takes 1 month) It is very important to paint the box well (matte black inside and the color you want outside!) \u00a0 Cette \u00e9tape prends beaucoup de temps (Le temps de s\u00e9chage complet de la peinture prend 1 mois) Il est [&hellip;]<\/p>\n","protected":false},"author":1,"featured_media":0,"parent":111,"menu_order":0,"comment_status":"closed","ping_status":"closed","template":"","meta":{"footnotes":""},"class_list":["post-758","page","type-page","status-publish","hentry"],"_links":{"self":[{"href":"https:\/\/www.laser-maker.com\/index.php\/wp-json\/wp\/v2\/pages\/758","targetHints":{"allow":["GET"]}}],"collection":[{"href":"https:\/\/www.laser-maker.com\/index.php\/wp-json\/wp\/v2\/pages"}],"about":[{"href":"https:\/\/www.laser-maker.com\/index.php\/wp-json\/wp\/v2\/types\/page"}],"author":[{"embeddable":true,"href":"https:\/\/www.laser-maker.com\/index.php\/wp-json\/wp\/v2\/users\/1"}],"replies":[{"embeddable":true,"href":"https:\/\/www.laser-maker.com\/index.php\/wp-json\/wp\/v2\/comments?post=758"}],"version-history":[{"count":10,"href":"https:\/\/www.laser-maker.com\/index.php\/wp-json\/wp\/v2\/pages\/758\/revisions"}],"predecessor-version":[{"id":1265,"href":"https:\/\/www.laser-maker.com\/index.php\/wp-json\/wp\/v2\/pages\/758\/revisions\/1265"}],"up":[{"embeddable":true,"href":"https:\/\/www.laser-maker.com\/index.php\/wp-json\/wp\/v2\/pages\/111"}],"wp:attachment":[{"href":"https:\/\/www.laser-maker.com\/index.php\/wp-json\/wp\/v2\/media?parent=758"}],"curies":[{"name":"wp","href":"https:\/\/api.w.org\/{rel}","templated":true}]}}