{"id":750,"date":"2018-10-07T20:47:03","date_gmt":"2018-10-07T18:47:03","guid":{"rendered":"http:\/\/www.laser-maker.com\/?page_id=750"},"modified":"2019-04-22T11:41:11","modified_gmt":"2019-04-22T09:41:11","slug":"01-enclosure","status":"publish","type":"page","link":"https:\/\/www.laser-maker.com\/index.php\/alos-project\/01-enclosure\/","title":{"rendered":"01 &#8211; Enclosure"},"content":{"rendered":"<p><a href=\"http:\/\/www.laser-maker.com\/wp-content\/uploads\/2018\/09\/Recuperation-1.jpg\"><img loading=\"lazy\" decoding=\"async\" class=\"aligncenter wp-image-559 size-large\" src=\"http:\/\/www.laser-maker.com\/wp-content\/uploads\/2018\/09\/Recuperation-1-1024x575.jpg\" alt=\"\" width=\"900\" height=\"505\" srcset=\"https:\/\/www.laser-maker.com\/wp-content\/uploads\/2018\/09\/Recuperation-1-1024x575.jpg 1024w, https:\/\/www.laser-maker.com\/wp-content\/uploads\/2018\/09\/Recuperation-1-300x169.jpg 300w, https:\/\/www.laser-maker.com\/wp-content\/uploads\/2018\/09\/Recuperation-1-768x432.jpg 768w\" sizes=\"auto, (max-width: 900px) 100vw, 900px\" \/><\/a><\/p>\n<p style=\"text-align: center;\"><span id=\"result_box\" class=\"\" lang=\"en\" style=\"color: #00ccff;\" tabindex=\"-1\"><span class=\"\">Retrieve an old laser box or buy a new one for the implementation of the project<\/span><br \/>\n<span class=\"\">The project also fits into a 19 &#8221; rack if it&#8217;s 3U high and at least 28cm deep<\/span><\/span><\/p>\n<p style=\"text-align: center;\"><span id=\"result_box\" class=\"\" lang=\"en\" style=\"color: #00ccff;\" tabindex=\"-1\"><span class=\"\">It can be the case of an old amplifier out of order<\/span><\/span><\/p>\n<p style=\"text-align: center;\"><span style=\"color: #33cccc;\">R\u00e9cup\u00e9rer un ancien coffret laser ou acheter en un neuf pour la mise en place du projet<\/span><br \/>\n<span style=\"color: #33cccc;\">Le projet rentre aussi dans un rack 19&#8221; si il fait 3U de hauteur et au moins 28cm de profondeur<\/span><\/p>\n<p style=\"text-align: center;\"><span style=\"color: #33cccc;\">Ce peut \u00eatre le cas d&#8217;un vieux amplificateur hors service<\/span><\/p>\n<p><a href=\"http:\/\/www.laser-maker.com\/wp-content\/uploads\/2018\/10\/1_demontage.jpg\"><img loading=\"lazy\" decoding=\"async\" class=\"aligncenter size-medium wp-image-825\" src=\"http:\/\/www.laser-maker.com\/wp-content\/uploads\/2018\/10\/1_demontage-300x170.jpg\" alt=\"\" width=\"300\" height=\"170\" srcset=\"https:\/\/www.laser-maker.com\/wp-content\/uploads\/2018\/10\/1_demontage-300x170.jpg 300w, https:\/\/www.laser-maker.com\/wp-content\/uploads\/2018\/10\/1_demontage-768x435.jpg 768w, https:\/\/www.laser-maker.com\/wp-content\/uploads\/2018\/10\/1_demontage-1024x580.jpg 1024w, https:\/\/www.laser-maker.com\/wp-content\/uploads\/2018\/10\/1_demontage.jpg 1580w\" sizes=\"auto, (max-width: 300px) 100vw, 300px\" \/><\/a><\/p>\n<p style=\"text-align: center;\"><span id=\"result_box\" class=\"short_text\" lang=\"en\" style=\"color: #00ccff;\" tabindex=\"-1\">Now we dismount everything!<\/span><\/p>\n<p style=\"text-align: center;\"><span style=\"color: #33cccc;\">Maintenant on d\u00e9monte tout!<\/span><\/p>\n<p>&nbsp;<\/p>\n<p><a href=\"http:\/\/www.laser-maker.com\/wp-content\/uploads\/2018\/10\/Sch\u00e9ma-ALOS-D\u00e9coupe-lcd.png\"><img loading=\"lazy\" decoding=\"async\" class=\"aligncenter size-medium wp-image-897\" src=\"http:\/\/www.laser-maker.com\/wp-content\/uploads\/2018\/10\/Sch\u00e9ma-ALOS-D\u00e9coupe-lcd-300x265.png\" alt=\"\" width=\"300\" height=\"265\" srcset=\"https:\/\/www.laser-maker.com\/wp-content\/uploads\/2018\/10\/Sch\u00e9ma-ALOS-D\u00e9coupe-lcd-300x265.png 300w, https:\/\/www.laser-maker.com\/wp-content\/uploads\/2018\/10\/Sch\u00e9ma-ALOS-D\u00e9coupe-lcd-768x679.png 768w, https:\/\/www.laser-maker.com\/wp-content\/uploads\/2018\/10\/Sch\u00e9ma-ALOS-D\u00e9coupe-lcd-1024x905.png 1024w, https:\/\/www.laser-maker.com\/wp-content\/uploads\/2018\/10\/Sch\u00e9ma-ALOS-D\u00e9coupe-lcd.png 1276w\" sizes=\"auto, (max-width: 300px) 100vw, 300px\" \/><\/a><\/p>\n<p style=\"text-align: center;\"><span id=\"result_box\" class=\"short_text\" lang=\"en\" tabindex=\"-1\"><span id=\"result_box\" class=\"\" lang=\"en\" tabindex=\"-1\"><span style=\"color: #00ccff;\">Cutting must be done for the LCD screen (82,5x53mm)<\/span><br \/>\n<span style=\"color: #00ccff;\">At this moment, it is enough to cut a little bigger even if it is not super precise<\/span><\/span><\/span><\/p>\n<p>&nbsp;<\/p>\n<p style=\"text-align: center;\"><span style=\"color: #33cccc;\">Il faut r\u00e9aliser la d\u00e9coupe pour l&#8217;\u00e9cran \u00e0 cristaux liquide (82,5x53mm)<\/span><br \/>\n<span style=\"color: #33cccc;\">A ce moment, il suffit de d\u00e9couper un peu plus grand m\u00eame si ce n&#8217;est pas super pr\u00e9cis<\/span><\/p>\n<p><a href=\"http:\/\/www.laser-maker.com\/wp-content\/uploads\/2018\/10\/2_decoupe.jpg\"><img loading=\"lazy\" decoding=\"async\" class=\"aligncenter size-medium wp-image-826\" src=\"http:\/\/www.laser-maker.com\/wp-content\/uploads\/2018\/10\/2_decoupe-300x225.jpg\" alt=\"\" width=\"300\" height=\"225\" srcset=\"https:\/\/www.laser-maker.com\/wp-content\/uploads\/2018\/10\/2_decoupe-300x225.jpg 300w, https:\/\/www.laser-maker.com\/wp-content\/uploads\/2018\/10\/2_decoupe-768x576.jpg 768w, https:\/\/www.laser-maker.com\/wp-content\/uploads\/2018\/10\/2_decoupe-1024x768.jpg 1024w, https:\/\/www.laser-maker.com\/wp-content\/uploads\/2018\/10\/2_decoupe-320x240.jpg 320w, https:\/\/www.laser-maker.com\/wp-content\/uploads\/2018\/10\/2_decoupe.jpg 1664w\" sizes=\"auto, (max-width: 300px) 100vw, 300px\" \/><\/a><\/p>\n<p style=\"text-align: center;\"><span id=\"result_box\" class=\"short_text\" lang=\"en\" style=\"color: #00ccff;\" tabindex=\"-1\"><span id=\"result_box\" class=\"\" lang=\"en\" tabindex=\"-1\">Later I will cut an aluminum back panel garnish to +\/- 0.5mm<br \/>\nThe whole project must be done with this precision<\/span><\/span><\/p>\n<p style=\"text-align: center;\"><span style=\"color: #33cccc;\">Plus tard je vais d\u00e9couper un enjoliveur en aluminium \u00e0 +\/- 0.5mm<\/span><br \/>\n<span style=\"color: #33cccc;\">Tout le projet doit \u00eatre r\u00e9alis\u00e9 avec cette pr\u00e9cision.<\/span><\/p>\n<p><a href=\"http:\/\/www.laser-maker.com\/wp-content\/uploads\/2018\/10\/3_fans.jpg\"><img loading=\"lazy\" decoding=\"async\" class=\"aligncenter size-medium wp-image-827\" src=\"http:\/\/www.laser-maker.com\/wp-content\/uploads\/2018\/10\/3_fans-300x149.jpg\" alt=\"\" width=\"300\" height=\"149\" srcset=\"https:\/\/www.laser-maker.com\/wp-content\/uploads\/2018\/10\/3_fans-300x149.jpg 300w, https:\/\/www.laser-maker.com\/wp-content\/uploads\/2018\/10\/3_fans-768x382.jpg 768w, https:\/\/www.laser-maker.com\/wp-content\/uploads\/2018\/10\/3_fans-1024x509.jpg 1024w, https:\/\/www.laser-maker.com\/wp-content\/uploads\/2018\/10\/3_fans.jpg 1578w\" sizes=\"auto, (max-width: 300px) 100vw, 300px\" \/><\/a><\/p>\n<p style=\"text-align: center;\"><span id=\"result_box\" class=\"\" lang=\"en\" style=\"color: #00ccff;\" tabindex=\"-1\">It is reasonable to change the fans for recent models and using bearings.<\/span><\/p>\n<p style=\"text-align: center;\"><span id=\"result_box\" class=\"\" lang=\"en\" style=\"color: #00ccff;\" tabindex=\"-1\"><span class=\"alt-edited\">Caution to the wind direction, these two fans enter the air in the enclosure.<\/span><br \/>\n<span class=\"\">So you have to change the filters for new ones.<\/span><\/span><\/p>\n<p style=\"text-align: center;\"><span style=\"color: #33cccc;\">Il est raisonnable de changer les ventilateurs pour des mod\u00e8les r\u00e9cents et utilisant des roulements.<\/span><\/p>\n<p style=\"text-align: center;\"><span style=\"color: #33cccc;\">Attention au sens du vent, ces deux ventilateurs rentrent l&#8217;air dans le coffret.<\/span><br \/>\n<span style=\"color: #33cccc;\">Il faut donc aussi changer les filtres pour des nouveaux.<\/span><\/p>\n<p><a href=\"http:\/\/www.laser-maker.com\/wp-content\/uploads\/2018\/10\/4_peinture.jpg\"><img loading=\"lazy\" decoding=\"async\" class=\"aligncenter size-medium wp-image-841\" src=\"http:\/\/www.laser-maker.com\/wp-content\/uploads\/2018\/10\/4_peinture-300x208.jpg\" alt=\"\" width=\"300\" height=\"208\" srcset=\"https:\/\/www.laser-maker.com\/wp-content\/uploads\/2018\/10\/4_peinture-300x208.jpg 300w, https:\/\/www.laser-maker.com\/wp-content\/uploads\/2018\/10\/4_peinture-768x531.jpg 768w, https:\/\/www.laser-maker.com\/wp-content\/uploads\/2018\/10\/4_peinture-1024x708.jpg 1024w, https:\/\/www.laser-maker.com\/wp-content\/uploads\/2018\/10\/4_peinture.jpg 1359w\" sizes=\"auto, (max-width: 300px) 100vw, 300px\" \/><\/a><\/p>\n<p style=\"text-align: center;\"><span id=\"result_box\" class=\"\" lang=\"en\" style=\"color: #00ccff;\" tabindex=\"-1\">Use metal files and protect your hands from cuts!<\/span><\/p>\n<p style=\"text-align: center;\"><span style=\"color: #33cccc;\">Utiliser des limes \u00e0 m\u00e9taux et prot\u00e9ger vous les mains des coupures!<\/span><\/p>\n<p><a href=\"http:\/\/www.laser-maker.com\/wp-content\/uploads\/2018\/10\/5_nettoyage.jpg\"><img loading=\"lazy\" decoding=\"async\" class=\"aligncenter size-medium wp-image-842\" src=\"http:\/\/www.laser-maker.com\/wp-content\/uploads\/2018\/10\/5_nettoyage-300x225.jpg\" alt=\"\" width=\"300\" height=\"225\" srcset=\"https:\/\/www.laser-maker.com\/wp-content\/uploads\/2018\/10\/5_nettoyage-300x225.jpg 300w, https:\/\/www.laser-maker.com\/wp-content\/uploads\/2018\/10\/5_nettoyage-768x576.jpg 768w, https:\/\/www.laser-maker.com\/wp-content\/uploads\/2018\/10\/5_nettoyage-1024x768.jpg 1024w, https:\/\/www.laser-maker.com\/wp-content\/uploads\/2018\/10\/5_nettoyage-320x240.jpg 320w, https:\/\/www.laser-maker.com\/wp-content\/uploads\/2018\/10\/5_nettoyage.jpg 1248w\" sizes=\"auto, (max-width: 300px) 100vw, 300px\" \/><\/a><\/p>\n<p style=\"text-align: center;\"><span id=\"result_box\" class=\"\" lang=\"en\" style=\"color: #00ccff;\" tabindex=\"-1\">Now is the time to clean everything with acetone<\/span><\/p>\n<p style=\"text-align: center;\"><span style=\"color: #33cccc;\">C&#8217;est maintenant le moment de tout nettoyer \u00e0 l\u2019ac\u00e9tone<\/span><\/p>\n<p style=\"text-align: left;\"><a href=\"http:\/\/www.laser-maker.com\/index.php\/alos-project\/02-painting\/\">Step 2: Painting \/ Etape 2: Peinture<\/a><\/p>\n<p><a href=\"http:\/\/www.laser-maker.com\/index.php\/alos-project\/\">Back to summary \/ Retour au sommaire<\/a><\/p>\n","protected":false},"excerpt":{"rendered":"<p>Retrieve an old laser box or buy a new one for the implementation of the project The project also fits into a 19 &#8221; rack if it&#8217;s 3U high and at least 28cm deep It can be the case of an old amplifier out of order R\u00e9cup\u00e9rer un ancien coffret laser ou acheter en un [&hellip;]<\/p>\n","protected":false},"author":1,"featured_media":0,"parent":111,"menu_order":0,"comment_status":"closed","ping_status":"closed","template":"","meta":{"footnotes":""},"class_list":["post-750","page","type-page","status-publish","hentry"],"_links":{"self":[{"href":"https:\/\/www.laser-maker.com\/index.php\/wp-json\/wp\/v2\/pages\/750","targetHints":{"allow":["GET"]}}],"collection":[{"href":"https:\/\/www.laser-maker.com\/index.php\/wp-json\/wp\/v2\/pages"}],"about":[{"href":"https:\/\/www.laser-maker.com\/index.php\/wp-json\/wp\/v2\/types\/page"}],"author":[{"embeddable":true,"href":"https:\/\/www.laser-maker.com\/index.php\/wp-json\/wp\/v2\/users\/1"}],"replies":[{"embeddable":true,"href":"https:\/\/www.laser-maker.com\/index.php\/wp-json\/wp\/v2\/comments?post=750"}],"version-history":[{"count":16,"href":"https:\/\/www.laser-maker.com\/index.php\/wp-json\/wp\/v2\/pages\/750\/revisions"}],"predecessor-version":[{"id":1264,"href":"https:\/\/www.laser-maker.com\/index.php\/wp-json\/wp\/v2\/pages\/750\/revisions\/1264"}],"up":[{"embeddable":true,"href":"https:\/\/www.laser-maker.com\/index.php\/wp-json\/wp\/v2\/pages\/111"}],"wp:attachment":[{"href":"https:\/\/www.laser-maker.com\/index.php\/wp-json\/wp\/v2\/media?parent=750"}],"curies":[{"name":"wp","href":"https:\/\/api.w.org\/{rel}","templated":true}]}}