{"id":632,"date":"2018-09-24T13:26:33","date_gmt":"2018-09-24T11:26:33","guid":{"rendered":"http:\/\/www.laser-maker.com\/?page_id=632"},"modified":"2018-10-09T21:14:43","modified_gmt":"2018-10-09T19:14:43","slug":"mini-laser-2011-2013","status":"publish","type":"page","link":"https:\/\/www.laser-maker.com\/index.php\/old-projects-pages\/mini-laser-2011-2013\/","title":{"rendered":"Mini laser 650mW (2011-2013)"},"content":{"rendered":"<p style=\"text-align: center;\"><span id=\"result_box\" class=\"\" lang=\"en\" style=\"color: #00ccff;\" tabindex=\"-1\"><span class=\"\">Let&#8217;s go for a laser projector that has served a lot!<\/span><\/span><\/p>\n<p style=\"text-align: center;\"><span style=\"color: #33cccc;\">C&#8217;est parti pour un projecteur laser qui a beaucoup servi!<\/span><\/p>\n<ul>\n<li><a href=\"http:\/\/www.laser-maker.com\/wp-content\/uploads\/2018\/09\/823_494902900554480_772386489_n.jpg\"><img loading=\"lazy\" decoding=\"async\" class=\"alignnone wp-image-633 size-medium\" src=\"http:\/\/www.laser-maker.com\/wp-content\/uploads\/2018\/09\/823_494902900554480_772386489_n-300x224.jpg\" alt=\"\" width=\"300\" height=\"224\" srcset=\"https:\/\/www.laser-maker.com\/wp-content\/uploads\/2018\/09\/823_494902900554480_772386489_n-300x224.jpg 300w, https:\/\/www.laser-maker.com\/wp-content\/uploads\/2018\/09\/823_494902900554480_772386489_n-768x574.jpg 768w, https:\/\/www.laser-maker.com\/wp-content\/uploads\/2018\/09\/823_494902900554480_772386489_n-320x240.jpg 320w, https:\/\/www.laser-maker.com\/wp-content\/uploads\/2018\/09\/823_494902900554480_772386489_n.jpg 960w\" sizes=\"auto, (max-width: 300px) 100vw, 300px\" \/><\/a>\u00a0<a href=\"http:\/\/www.laser-maker.com\/wp-content\/uploads\/2018\/09\/380673_494901893887914_1381973657_n.jpg\"> <img loading=\"lazy\" decoding=\"async\" class=\"size-medium wp-image-634 alignnone\" src=\"http:\/\/www.laser-maker.com\/wp-content\/uploads\/2018\/09\/380673_494901893887914_1381973657_n-300x224.jpg\" alt=\"\" width=\"300\" height=\"224\" srcset=\"https:\/\/www.laser-maker.com\/wp-content\/uploads\/2018\/09\/380673_494901893887914_1381973657_n-300x224.jpg 300w, https:\/\/www.laser-maker.com\/wp-content\/uploads\/2018\/09\/380673_494901893887914_1381973657_n-768x574.jpg 768w, https:\/\/www.laser-maker.com\/wp-content\/uploads\/2018\/09\/380673_494901893887914_1381973657_n-320x240.jpg 320w, https:\/\/www.laser-maker.com\/wp-content\/uploads\/2018\/09\/380673_494901893887914_1381973657_n.jpg 960w\" sizes=\"auto, (max-width: 300px) 100vw, 300px\" \/><\/a><\/li>\n<\/ul>\n<p style=\"text-align: center;\"><span id=\"result_box\" class=\"short_text\" lang=\"en\" style=\"color: #00ccff;\" tabindex=\"-1\"><span class=\"\">1st step: cutting the 6mm aluminum plate<\/span><\/span><\/p>\n<p style=\"text-align: center;\"><span style=\"color: #33cccc;\">\u00c9tape 1: D\u00e9coupe de la plaque aluminium de 6mm<\/span><\/p>\n<p><a href=\"http:\/\/www.laser-maker.com\/wp-content\/uploads\/2018\/09\/1.jpg\"><img loading=\"lazy\" decoding=\"async\" class=\"aligncenter size-medium wp-image-647\" src=\"http:\/\/www.laser-maker.com\/wp-content\/uploads\/2018\/09\/1-169x300.jpg\" alt=\"\" width=\"169\" height=\"300\" srcset=\"https:\/\/www.laser-maker.com\/wp-content\/uploads\/2018\/09\/1-169x300.jpg 169w, https:\/\/www.laser-maker.com\/wp-content\/uploads\/2018\/09\/1-768x1367.jpg 768w, https:\/\/www.laser-maker.com\/wp-content\/uploads\/2018\/09\/1-575x1024.jpg 575w, https:\/\/www.laser-maker.com\/wp-content\/uploads\/2018\/09\/1.jpg 1124w\" sizes=\"auto, (max-width: 169px) 100vw, 169px\" \/><\/a><\/p>\n<p style=\"text-align: center;\"><span style=\"color: #00ccff;\">Purchage of the enclosure<\/span><\/p>\n<p style=\"text-align: center;\"><span style=\"color: #33cccc;\">Achat du coffret<\/span><\/p>\n<p><a href=\"http:\/\/www.laser-maker.com\/wp-content\/uploads\/2018\/09\/2.jpg\"><img loading=\"lazy\" decoding=\"async\" class=\"aligncenter size-medium wp-image-648\" src=\"http:\/\/www.laser-maker.com\/wp-content\/uploads\/2018\/09\/2-300x169.jpg\" alt=\"\" width=\"300\" height=\"169\" srcset=\"https:\/\/www.laser-maker.com\/wp-content\/uploads\/2018\/09\/2-300x169.jpg 300w, https:\/\/www.laser-maker.com\/wp-content\/uploads\/2018\/09\/2-768x432.jpg 768w, https:\/\/www.laser-maker.com\/wp-content\/uploads\/2018\/09\/2-1024x576.jpg 1024w, https:\/\/www.laser-maker.com\/wp-content\/uploads\/2018\/09\/2.jpg 1200w\" sizes=\"auto, (max-width: 300px) 100vw, 300px\" \/><\/a><\/p>\n<p style=\"text-align: center;\"><span style=\"color: #00ccff;\">Some cuts<\/span><\/p>\n<p style=\"text-align: center;\"><span style=\"color: #33cccc;\">Quelques d\u00e9coupes<\/span><\/p>\n<p style=\"text-align: center;\"><a href=\"http:\/\/www.laser-maker.com\/wp-content\/uploads\/2018\/09\/3.jpg\"><img loading=\"lazy\" decoding=\"async\" class=\"aligncenter size-medium wp-image-649\" src=\"http:\/\/www.laser-maker.com\/wp-content\/uploads\/2018\/09\/3-300x169.jpg\" alt=\"\" width=\"300\" height=\"169\" srcset=\"https:\/\/www.laser-maker.com\/wp-content\/uploads\/2018\/09\/3-300x169.jpg 300w, https:\/\/www.laser-maker.com\/wp-content\/uploads\/2018\/09\/3-768x432.jpg 768w, https:\/\/www.laser-maker.com\/wp-content\/uploads\/2018\/09\/3-1024x576.jpg 1024w, https:\/\/www.laser-maker.com\/wp-content\/uploads\/2018\/09\/3.jpg 1200w\" sizes=\"auto, (max-width: 300px) 100vw, 300px\" \/><\/a><span id=\"result_box\" class=\"\" lang=\"en\" style=\"color: #00ccff;\" tabindex=\"-1\">Purchase a good red laser source (CNI) with 2 DPSS (green and blue) it should do it<\/span><\/p>\n<p style=\"text-align: center;\"><span style=\"color: #33cccc;\">Achat d&#8217;une bonne source laser rouge (CNI) avec 2 DPSS (vert et bleu) \u00e7a devrait le faire!<\/span><\/p>\n<p><a href=\"http:\/\/www.laser-maker.com\/wp-content\/uploads\/2018\/09\/24062011262.jpg\"><img loading=\"lazy\" decoding=\"async\" class=\"aligncenter size-medium wp-image-660\" src=\"http:\/\/www.laser-maker.com\/wp-content\/uploads\/2018\/09\/24062011262-300x169.jpg\" alt=\"\" width=\"300\" height=\"169\" srcset=\"https:\/\/www.laser-maker.com\/wp-content\/uploads\/2018\/09\/24062011262-300x169.jpg 300w, https:\/\/www.laser-maker.com\/wp-content\/uploads\/2018\/09\/24062011262-768x432.jpg 768w, https:\/\/www.laser-maker.com\/wp-content\/uploads\/2018\/09\/24062011262-1024x575.jpg 1024w\" sizes=\"auto, (max-width: 300px) 100vw, 300px\" \/><\/a><\/p>\n<p style=\"text-align: center;\"><span style=\"color: #00ccff;\">Optical test of the sources<\/span><\/p>\n<p><a href=\"http:\/\/www.laser-maker.com\/wp-content\/uploads\/2018\/09\/2-2.jpg\"><img loading=\"lazy\" decoding=\"async\" class=\"aligncenter size-medium wp-image-653\" src=\"http:\/\/www.laser-maker.com\/wp-content\/uploads\/2018\/09\/2-2-290x300.jpg\" alt=\"\" width=\"290\" height=\"300\" srcset=\"https:\/\/www.laser-maker.com\/wp-content\/uploads\/2018\/09\/2-2-290x300.jpg 290w, https:\/\/www.laser-maker.com\/wp-content\/uploads\/2018\/09\/2-2.jpg 662w\" sizes=\"auto, (max-width: 290px) 100vw, 290px\" \/><\/a><\/p>\n<p style=\"text-align: center;\"><span style=\"color: #00ccff;\">It should fit&#8230;<\/span><\/p>\n<p style=\"text-align: center;\"><span style=\"color: #33cccc;\">\u00c7a devrait passer&#8230;<\/span><\/p>\n<p style=\"text-align: center;\"><a href=\"http:\/\/www.laser-maker.com\/wp-content\/uploads\/2018\/09\/1-1.jpg\"><img loading=\"lazy\" decoding=\"async\" class=\"aligncenter size-medium wp-image-651\" src=\"http:\/\/www.laser-maker.com\/wp-content\/uploads\/2018\/09\/1-1-300x241.jpg\" alt=\"\" width=\"300\" height=\"241\" srcset=\"https:\/\/www.laser-maker.com\/wp-content\/uploads\/2018\/09\/1-1-300x241.jpg 300w, https:\/\/www.laser-maker.com\/wp-content\/uploads\/2018\/09\/1-1-768x618.jpg 768w, https:\/\/www.laser-maker.com\/wp-content\/uploads\/2018\/09\/1-1.jpg 818w\" sizes=\"auto, (max-width: 300px) 100vw, 300px\" \/><\/a><\/p>\n<p style=\"text-align: center;\"><span id=\"result_box\" class=\"\" lang=\"en\" style=\"color: #00ccff;\" tabindex=\"-1\">Purchase a set of scanners that will be used at 30Kpps<\/span><\/p>\n<p style=\"text-align: center;\"><span style=\"color: #33cccc;\">Achat d&#8217;un ensemble de scanners qui va \u00eatre utilis\u00e9 \u00e0 30Kpps<\/span><\/p>\n<p style=\"text-align: center;\"><a href=\"http:\/\/www.laser-maker.com\/wp-content\/uploads\/2018\/09\/2-1.jpg\"><img loading=\"lazy\" decoding=\"async\" class=\"aligncenter size-medium wp-image-652\" src=\"http:\/\/www.laser-maker.com\/wp-content\/uploads\/2018\/09\/2-1-300x169.jpg\" alt=\"\" width=\"300\" height=\"169\" srcset=\"https:\/\/www.laser-maker.com\/wp-content\/uploads\/2018\/09\/2-1-300x169.jpg 300w, https:\/\/www.laser-maker.com\/wp-content\/uploads\/2018\/09\/2-1-768x432.jpg 768w, https:\/\/www.laser-maker.com\/wp-content\/uploads\/2018\/09\/2-1-1024x576.jpg 1024w, https:\/\/www.laser-maker.com\/wp-content\/uploads\/2018\/09\/2-1.jpg 1200w\" sizes=\"auto, (max-width: 300px) 100vw, 300px\" \/><\/a><\/p>\n<p style=\"text-align: center;\"><span style=\"color: #00ccff;\">It fits!<\/span><\/p>\n<p style=\"text-align: center;\"><span style=\"color: #33cccc;\">\u00c7a rentre!<\/span><\/p>\n<p><a href=\"http:\/\/www.laser-maker.com\/wp-content\/uploads\/2018\/09\/2-3.jpg\"><img loading=\"lazy\" decoding=\"async\" class=\"aligncenter size-medium wp-image-654\" src=\"http:\/\/www.laser-maker.com\/wp-content\/uploads\/2018\/09\/2-3-168x300.jpg\" alt=\"\" width=\"168\" height=\"300\" srcset=\"https:\/\/www.laser-maker.com\/wp-content\/uploads\/2018\/09\/2-3-168x300.jpg 168w, https:\/\/www.laser-maker.com\/wp-content\/uploads\/2018\/09\/2-3-574x1024.jpg 574w, https:\/\/www.laser-maker.com\/wp-content\/uploads\/2018\/09\/2-3.jpg 611w\" sizes=\"auto, (max-width: 168px) 100vw, 168px\" \/><\/a><\/p>\n<p style=\"text-align: center;\"><span style=\"color: #00ccff;\">Medialas scan safe security card<\/span><\/p>\n<p><a href=\"http:\/\/www.laser-maker.com\/wp-content\/uploads\/2018\/09\/3-1.jpg\"><img loading=\"lazy\" decoding=\"async\" class=\"aligncenter size-medium wp-image-655\" src=\"http:\/\/www.laser-maker.com\/wp-content\/uploads\/2018\/09\/3-1-300x169.jpg\" alt=\"\" width=\"300\" height=\"169\" srcset=\"https:\/\/www.laser-maker.com\/wp-content\/uploads\/2018\/09\/3-1-300x169.jpg 300w, https:\/\/www.laser-maker.com\/wp-content\/uploads\/2018\/09\/3-1-768x432.jpg 768w, https:\/\/www.laser-maker.com\/wp-content\/uploads\/2018\/09\/3-1-1024x576.jpg 1024w, https:\/\/www.laser-maker.com\/wp-content\/uploads\/2018\/09\/3-1.jpg 1200w\" sizes=\"auto, (max-width: 300px) 100vw, 300px\" \/><\/a><\/p>\n<p style=\"text-align: center;\"><span id=\"result_box\" class=\"short_text\" lang=\"en\" style=\"color: #00ccff;\" tabindex=\"-1\">It&#8217;s time to put it all together<\/span><\/p>\n<p style=\"text-align: center;\"><span style=\"color: #33cccc;\">Assemblage<\/span><\/p>\n<p style=\"text-align: center;\"><a href=\"http:\/\/www.laser-maker.com\/wp-content\/uploads\/2018\/09\/1-2.jpg\"><img loading=\"lazy\" decoding=\"async\" class=\"aligncenter size-medium wp-image-656\" src=\"http:\/\/www.laser-maker.com\/wp-content\/uploads\/2018\/09\/1-2-300x169.jpg\" alt=\"\" width=\"300\" height=\"169\" srcset=\"https:\/\/www.laser-maker.com\/wp-content\/uploads\/2018\/09\/1-2-300x169.jpg 300w, https:\/\/www.laser-maker.com\/wp-content\/uploads\/2018\/09\/1-2-768x432.jpg 768w, https:\/\/www.laser-maker.com\/wp-content\/uploads\/2018\/09\/1-2.jpg 1000w\" sizes=\"auto, (max-width: 300px) 100vw, 300px\" \/><\/a><span id=\"result_box\" class=\"\" lang=\"en\" style=\"color: #00ccff;\" tabindex=\"-1\">The thermometer will allow me to check the temperature, according to that I will add another fan<\/span><\/p>\n<p style=\"text-align: center;\"><span style=\"color: #33cccc;\">Le thermom\u00e8tre va me permettre de v\u00e9rifier la temp\u00e9rature, en en fonction de cela je vais ajouter un autre ventilateur<\/span><\/p>\n<p>&nbsp;<\/p>\n<p><a href=\"http:\/\/www.laser-maker.com\/wp-content\/uploads\/2018\/09\/2-4.jpg\"><img loading=\"lazy\" decoding=\"async\" class=\"aligncenter size-medium wp-image-657\" src=\"http:\/\/www.laser-maker.com\/wp-content\/uploads\/2018\/09\/2-4-300x169.jpg\" alt=\"\" width=\"300\" height=\"169\" srcset=\"https:\/\/www.laser-maker.com\/wp-content\/uploads\/2018\/09\/2-4-300x169.jpg 300w, https:\/\/www.laser-maker.com\/wp-content\/uploads\/2018\/09\/2-4-768x432.jpg 768w, https:\/\/www.laser-maker.com\/wp-content\/uploads\/2018\/09\/2-4.jpg 1000w\" sizes=\"auto, (max-width: 300px) 100vw, 300px\" \/><\/a><\/p>\n<p style=\"text-align: center;\"><span id=\"result_box\" class=\"short_text\" lang=\"en\" style=\"color: #00ccff;\" tabindex=\"-1\">Mounting on a light stand<\/span><\/p>\n<p style=\"text-align: center;\"><span style=\"color: #33cccc;\">Montage sur un pied \u00e0 lumi\u00e8re<\/span><\/p>\n<p><a href=\"http:\/\/www.laser-maker.com\/wp-content\/uploads\/2018\/09\/3-2.jpg\"><img loading=\"lazy\" decoding=\"async\" class=\"aligncenter size-medium wp-image-658\" src=\"http:\/\/www.laser-maker.com\/wp-content\/uploads\/2018\/09\/3-2-169x300.jpg\" alt=\"\" width=\"169\" height=\"300\" srcset=\"https:\/\/www.laser-maker.com\/wp-content\/uploads\/2018\/09\/3-2-169x300.jpg 169w, https:\/\/www.laser-maker.com\/wp-content\/uploads\/2018\/09\/3-2-576x1024.jpg 576w, https:\/\/www.laser-maker.com\/wp-content\/uploads\/2018\/09\/3-2.jpg 675w\" sizes=\"auto, (max-width: 169px) 100vw, 169px\" \/><\/a><\/p>\n<p style=\"text-align: center;\"><span style=\"color: #00ccff;\">Test @ home<\/span><\/p>\n<p style=\"text-align: left;\"><iframe loading=\"lazy\"  id=\"_ytid_55716\"  width=\"900\" height=\"506\"  data-origwidth=\"900\" data-origheight=\"506\" src=\"https:\/\/www.youtube.com\/embed\/v0UQiu8lzrM?enablejsapi=1&origin=https:\/\/www.laser-maker.com&autoplay=0&cc_load_policy=0&cc_lang_pref=&iv_load_policy=1&loop=0&rel=0&fs=1&playsinline=0&autohide=2&theme=dark&color=red&controls=1&disablekb=0&\" class=\"__youtube_prefs__  no-lazyload\" title=\"YouTube player\"  allow=\"fullscreen; accelerometer; autoplay; clipboard-write; encrypted-media; gyroscope; picture-in-picture; web-share\" referrerpolicy=\"strict-origin-when-cross-origin\" allowfullscreen data-no-lazy=\"1\" data-skipgform_ajax_framebjll=\"\"><\/iframe><\/p>\n<p style=\"text-align: center;\"><span style=\"color: #00ccff;\">Live<\/span><\/p>\n<p><span id=\"result_box\" class=\"\" lang=\"en\" tabindex=\"-1\"><span class=\"\"><a href=\"http:\/\/www.laser-maker.com\/wp-content\/uploads\/2018\/09\/12928224_10153623760703348_3528234870439274384_n.jpg\"><img loading=\"lazy\" decoding=\"async\" class=\"size-medium wp-image-680 aligncenter\" src=\"http:\/\/www.laser-maker.com\/wp-content\/uploads\/2018\/09\/12928224_10153623760703348_3528234870439274384_n-300x200.jpg\" alt=\"\" width=\"300\" height=\"200\" srcset=\"https:\/\/www.laser-maker.com\/wp-content\/uploads\/2018\/09\/12928224_10153623760703348_3528234870439274384_n-300x200.jpg 300w, https:\/\/www.laser-maker.com\/wp-content\/uploads\/2018\/09\/12928224_10153623760703348_3528234870439274384_n-768x511.jpg 768w, https:\/\/www.laser-maker.com\/wp-content\/uploads\/2018\/09\/12928224_10153623760703348_3528234870439274384_n.jpg 960w\" sizes=\"auto, (max-width: 300px) 100vw, 300px\" \/><\/a><\/span><\/span><\/p>\n<p style=\"text-align: left;\"><iframe loading=\"lazy\"  id=\"_ytid_85083\"  width=\"900\" height=\"506\"  data-origwidth=\"900\" data-origheight=\"506\" src=\"https:\/\/www.youtube.com\/embed\/a1YUNf3crco?enablejsapi=1&origin=https:\/\/www.laser-maker.com&autoplay=0&cc_load_policy=0&cc_lang_pref=&iv_load_policy=1&loop=0&rel=0&fs=1&playsinline=0&autohide=2&theme=dark&color=red&controls=1&disablekb=0&\" class=\"__youtube_prefs__  no-lazyload\" title=\"YouTube player\"  allow=\"fullscreen; accelerometer; autoplay; clipboard-write; encrypted-media; gyroscope; picture-in-picture; web-share\" referrerpolicy=\"strict-origin-when-cross-origin\" allowfullscreen data-no-lazy=\"1\" data-skipgform_ajax_framebjll=\"\"><\/iframe><\/p>\n<p style=\"text-align: left;\"><iframe loading=\"lazy\"  id=\"_ytid_26361\"  width=\"900\" height=\"506\"  data-origwidth=\"900\" data-origheight=\"506\" src=\"https:\/\/www.youtube.com\/embed\/ZmruSSGUQL0?enablejsapi=1&origin=https:\/\/www.laser-maker.com&autoplay=0&cc_load_policy=0&cc_lang_pref=&iv_load_policy=1&loop=0&rel=0&fs=1&playsinline=0&autohide=2&theme=dark&color=red&controls=1&disablekb=0&\" class=\"__youtube_prefs__  no-lazyload\" title=\"YouTube player\"  allow=\"fullscreen; accelerometer; autoplay; clipboard-write; encrypted-media; gyroscope; picture-in-picture; web-share\" referrerpolicy=\"strict-origin-when-cross-origin\" allowfullscreen data-no-lazy=\"1\" data-skipgform_ajax_framebjll=\"\"><\/iframe><\/p>\n<p>&nbsp;<\/p>\n<p>&nbsp;<\/p>\n","protected":false},"excerpt":{"rendered":"<p>Let&#8217;s go for a laser projector that has served a lot! C&#8217;est parti pour un projecteur laser qui a beaucoup servi! \u00a0 1st step: cutting the 6mm aluminum plate \u00c9tape 1: D\u00e9coupe de la plaque aluminium de 6mm Purchage of the enclosure Achat du coffret Some cuts Quelques d\u00e9coupes Purchase a good red laser source [&hellip;]<\/p>\n","protected":false},"author":1,"featured_media":0,"parent":115,"menu_order":0,"comment_status":"closed","ping_status":"closed","template":"","meta":{"footnotes":""},"class_list":["post-632","page","type-page","status-publish","hentry"],"_links":{"self":[{"href":"https:\/\/www.laser-maker.com\/index.php\/wp-json\/wp\/v2\/pages\/632","targetHints":{"allow":["GET"]}}],"collection":[{"href":"https:\/\/www.laser-maker.com\/index.php\/wp-json\/wp\/v2\/pages"}],"about":[{"href":"https:\/\/www.laser-maker.com\/index.php\/wp-json\/wp\/v2\/types\/page"}],"author":[{"embeddable":true,"href":"https:\/\/www.laser-maker.com\/index.php\/wp-json\/wp\/v2\/users\/1"}],"replies":[{"embeddable":true,"href":"https:\/\/www.laser-maker.com\/index.php\/wp-json\/wp\/v2\/comments?post=632"}],"version-history":[{"count":12,"href":"https:\/\/www.laser-maker.com\/index.php\/wp-json\/wp\/v2\/pages\/632\/revisions"}],"predecessor-version":[{"id":883,"href":"https:\/\/www.laser-maker.com\/index.php\/wp-json\/wp\/v2\/pages\/632\/revisions\/883"}],"up":[{"embeddable":true,"href":"https:\/\/www.laser-maker.com\/index.php\/wp-json\/wp\/v2\/pages\/115"}],"wp:attachment":[{"href":"https:\/\/www.laser-maker.com\/index.php\/wp-json\/wp\/v2\/media?parent=632"}],"curies":[{"name":"wp","href":"https:\/\/api.w.org\/{rel}","templated":true}]}}