{"id":561,"date":"2018-09-23T21:26:57","date_gmt":"2018-09-23T19:26:57","guid":{"rendered":"http:\/\/www.laser-maker.com\/?page_id=561"},"modified":"2018-10-09T21:17:37","modified_gmt":"2018-10-09T19:17:37","slug":"micro-laser-project","status":"publish","type":"page","link":"https:\/\/www.laser-maker.com\/index.php\/old-projects-pages\/micro-laser-project\/","title":{"rendered":"Micro laser &#8211; 1W (2012-2017)"},"content":{"rendered":"<p style=\"text-align: center;\"><span id=\"result_box\" class=\"\" lang=\"en\" style=\"color: #00ccff;\" tabindex=\"-1\">An old laser using stepper motors will be converted into a pure diode laser of about 1000mW \ud83d\ude42<\/span><\/p>\n<p style=\"text-align: center;\"><span style=\"color: #33cccc;\">Un ancien laser utilisant des moteurs pas \u00e0 pas va \u00eatre converti en laser pure diode d&#8217;environ 1000mW \ud83d\ude42<\/span><\/p>\n<p style=\"text-align: center;\"><a href=\"http:\/\/www.laser-maker.com\/wp-content\/uploads\/2018\/09\/19032012641.jpg\"><img loading=\"lazy\" decoding=\"async\" class=\"aligncenter size-medium wp-image-612\" src=\"http:\/\/www.laser-maker.com\/wp-content\/uploads\/2018\/09\/19032012641-300x169.jpg\" alt=\"\" width=\"300\" height=\"169\" srcset=\"https:\/\/www.laser-maker.com\/wp-content\/uploads\/2018\/09\/19032012641-300x169.jpg 300w, https:\/\/www.laser-maker.com\/wp-content\/uploads\/2018\/09\/19032012641-768x432.jpg 768w, https:\/\/www.laser-maker.com\/wp-content\/uploads\/2018\/09\/19032012641-1024x576.jpg 1024w, https:\/\/www.laser-maker.com\/wp-content\/uploads\/2018\/09\/19032012641.jpg 1600w\" sizes=\"auto, (max-width: 300px) 100vw, 300px\" \/><\/a><span id=\"fbPhotoSnowliftCaption\" class=\"fbPhotosPhotoCaption\" style=\"color: #00ccff;\" tabindex=\"0\" aria-live=\"polite\" data-ft=\"{&quot;tn&quot;:&quot;K&quot;}\"><span class=\"hasCaption\">Like new laser enclosure<\/span><\/span><\/p>\n<p style=\"text-align: center;\"><span id=\"fbPhotoSnowliftCaption\" class=\"fbPhotosPhotoCaption\" tabindex=\"0\" aria-live=\"polite\" data-ft=\"{&quot;tn&quot;:&quot;K&quot;}\"><span class=\"hasCaption\"><span style=\"color: #33cccc;\">Le coffret pour le projet \u00b5laser<\/span><br \/>\n<\/span><\/span><\/p>\n<p>&nbsp;<\/p>\n<p><a href=\"http:\/\/www.laser-maker.com\/wp-content\/uploads\/2018\/09\/19032012664.jpg\"><img loading=\"lazy\" decoding=\"async\" class=\"aligncenter size-medium wp-image-614\" src=\"http:\/\/www.laser-maker.com\/wp-content\/uploads\/2018\/09\/19032012664-300x169.jpg\" alt=\"\" width=\"300\" height=\"169\" srcset=\"https:\/\/www.laser-maker.com\/wp-content\/uploads\/2018\/09\/19032012664-300x169.jpg 300w, https:\/\/www.laser-maker.com\/wp-content\/uploads\/2018\/09\/19032012664-768x432.jpg 768w, https:\/\/www.laser-maker.com\/wp-content\/uploads\/2018\/09\/19032012664-1024x576.jpg 1024w, https:\/\/www.laser-maker.com\/wp-content\/uploads\/2018\/09\/19032012664.jpg 1600w\" sizes=\"auto, (max-width: 300px) 100vw, 300px\" \/><\/a><\/p>\n<p style=\"text-align: center;\"><span id=\"fbPhotoSnowliftCaption\" class=\"fbPhotosPhotoCaption\" style=\"color: #00ccff;\" tabindex=\"0\" aria-live=\"polite\" data-ft=\"{&quot;tn&quot;:&quot;K&quot;}\"><span class=\"hasCaption\">The scanners, amplifiers and electronic system is coming from another laser system<\/span><\/span><\/p>\n<p style=\"text-align: center;\"><span id=\"fbPhotoSnowliftCaption\" class=\"fbPhotosPhotoCaption\" tabindex=\"0\" aria-live=\"polite\" data-ft=\"{&quot;tn&quot;:&quot;K&quot;}\"><span class=\"hasCaption\"><span style=\"color: #33cccc;\">Un autre laser est d\u00e9mont\u00e9 pour r\u00e9cup\u00e9rer les scanners et le syst\u00e8me \u00e9lectronique<\/span><br \/>\n<\/span><\/span><\/p>\n<p><a href=\"http:\/\/www.laser-maker.com\/wp-content\/uploads\/2018\/09\/29032012680.jpg\"><img loading=\"lazy\" decoding=\"async\" class=\"aligncenter size-medium wp-image-615\" src=\"http:\/\/www.laser-maker.com\/wp-content\/uploads\/2018\/09\/29032012680-300x142.jpg\" alt=\"\" width=\"300\" height=\"142\" srcset=\"https:\/\/www.laser-maker.com\/wp-content\/uploads\/2018\/09\/29032012680-300x142.jpg 300w, https:\/\/www.laser-maker.com\/wp-content\/uploads\/2018\/09\/29032012680-768x364.jpg 768w, https:\/\/www.laser-maker.com\/wp-content\/uploads\/2018\/09\/29032012680-1024x485.jpg 1024w, https:\/\/www.laser-maker.com\/wp-content\/uploads\/2018\/09\/29032012680.jpg 1436w\" sizes=\"auto, (max-width: 300px) 100vw, 300px\" \/><\/a> <a href=\"http:\/\/www.laser-maker.com\/wp-content\/uploads\/2018\/09\/30032012691.jpg\"><img loading=\"lazy\" decoding=\"async\" class=\"aligncenter size-medium wp-image-616\" src=\"http:\/\/www.laser-maker.com\/wp-content\/uploads\/2018\/09\/30032012691-300x176.jpg\" alt=\"\" width=\"300\" height=\"176\" srcset=\"https:\/\/www.laser-maker.com\/wp-content\/uploads\/2018\/09\/30032012691-300x176.jpg 300w, https:\/\/www.laser-maker.com\/wp-content\/uploads\/2018\/09\/30032012691-768x451.jpg 768w, https:\/\/www.laser-maker.com\/wp-content\/uploads\/2018\/09\/30032012691-1024x602.jpg 1024w, https:\/\/www.laser-maker.com\/wp-content\/uploads\/2018\/09\/30032012691.jpg 1350w\" sizes=\"auto, (max-width: 300px) 100vw, 300px\" \/><\/a><\/p>\n<div class=\"clearfix fbPhotoSnowliftAuthorInfo _xlu\">\n<div class=\"clearfix _8u _42ef\">\n<div class=\"_6a\">\n<div class=\"_6a _6b\">\n<div class=\"fsm fwn fcg\">\n<div id=\"fbPhotoSnowliftOnProfile\" class=\"fbPhotosOnProfile\" style=\"text-align: center;\"><span id=\"fbPhotoSnowliftCaption\" class=\"fbPhotosPhotoCaption\" style=\"color: #00ccff;\" tabindex=\"0\" aria-live=\"polite\" data-ft=\"{&quot;tn&quot;:&quot;K&quot;}\"><span class=\"hasCaption\">This much better electronic controler is added to the project<\/span><\/span><\/div>\n<\/div>\n<\/div>\n<\/div>\n<\/div>\n<\/div>\n<div class=\"_xlr\" style=\"text-align: center;\">\n<p><span id=\"fbPhotoSnowliftCaption\" class=\"fbPhotosPhotoCaption\" style=\"color: #33cccc;\" tabindex=\"0\" aria-live=\"polite\" data-ft=\"{&quot;tn&quot;:&quot;K&quot;}\"><span class=\"hasCaption\">Une bien meilleur carte \u00e9lectronique de contr\u00f4le<\/span><\/span><\/p>\n<p>&nbsp;<\/p>\n<\/div>\n<div style=\"text-align: center;\"><\/div>\n<div><a href=\"http:\/\/www.laser-maker.com\/wp-content\/uploads\/2018\/09\/01042012701.jpg\"><img loading=\"lazy\" decoding=\"async\" class=\"aligncenter size-medium wp-image-617\" src=\"http:\/\/www.laser-maker.com\/wp-content\/uploads\/2018\/09\/01042012701-300x169.jpg\" alt=\"\" width=\"300\" height=\"169\" srcset=\"https:\/\/www.laser-maker.com\/wp-content\/uploads\/2018\/09\/01042012701-300x169.jpg 300w, https:\/\/www.laser-maker.com\/wp-content\/uploads\/2018\/09\/01042012701-768x432.jpg 768w, https:\/\/www.laser-maker.com\/wp-content\/uploads\/2018\/09\/01042012701-1024x576.jpg 1024w, https:\/\/www.laser-maker.com\/wp-content\/uploads\/2018\/09\/01042012701.jpg 1200w\" sizes=\"auto, (max-width: 300px) 100vw, 300px\" \/><\/a><\/div>\n<p>&nbsp;<\/p>\n<p style=\"text-align: center;\"><span style=\"color: #00ccff;\">Addition of a 445nm laser<\/span><\/p>\n<p><a href=\"http:\/\/www.laser-maker.com\/wp-content\/uploads\/2018\/09\/06042012716.jpg\"><img loading=\"lazy\" decoding=\"async\" class=\"aligncenter size-medium wp-image-619\" src=\"http:\/\/www.laser-maker.com\/wp-content\/uploads\/2018\/09\/06042012716-199x300.jpg\" alt=\"\" width=\"199\" height=\"300\" srcset=\"https:\/\/www.laser-maker.com\/wp-content\/uploads\/2018\/09\/06042012716-199x300.jpg 199w, https:\/\/www.laser-maker.com\/wp-content\/uploads\/2018\/09\/06042012716.jpg 495w\" sizes=\"auto, (max-width: 199px) 100vw, 199px\" \/><\/a><\/p>\n<p>&nbsp;<\/p>\n<div class=\"clearfix fbPhotoSnowliftAuthorInfo _xlu\">\n<div class=\"clearfix _8u _42ef\">\n<div class=\"_6a\">\n<div class=\"_6a _6b\">\n<div id=\"fbPhotoSnowliftAudienceSelector\">\n<div class=\"mbs fbPhotosAudienceContainerEditable _1jam\">\n<div class=\"_6a _g4r _3iio _20np _21p0 _fol\">\n<div id=\"u_jsonp_12_5w\" class=\"_6a uiPopover\" style=\"text-align: center;\"><span id=\"fbPhotoSnowliftCaption\" class=\"fbPhotosPhotoCaption\" style=\"color: #00ccff;\" tabindex=\"0\" aria-live=\"polite\" data-ft=\"{&quot;tn&quot;:&quot;K&quot;}\"><span class=\"hasCaption\">The first test shows that the red diode is too weak, the color balance isn&#8217;t good, it&#8217;s more cyan than white!<\/span><\/span><\/div>\n<\/div>\n<\/div>\n<\/div>\n<div class=\"fsm fwn fcg\" style=\"text-align: center;\">\n<div id=\"fbPhotoSnowliftOnProfile\" class=\"fbPhotosOnProfile\"><\/div>\n<\/div>\n<p>&nbsp;<\/p>\n<\/div>\n<\/div>\n<\/div>\n<\/div>\n<div class=\"_xlr\" style=\"text-align: center;\">\n<p><span style=\"color: #33cccc;\"><span id=\"fbPhotoSnowliftContext\" class=\"fbPhotosPhotoContext\"><\/span><span id=\"fbPhotoSnowliftCaption\" class=\"fbPhotosPhotoCaption\" tabindex=\"0\" aria-live=\"polite\" data-ft=\"{&quot;tn&quot;:&quot;K&quot;}\"><span class=\"hasCaption\">Premier test mais on voit que la diode laser rouge manque de puissance, en effet la balance de couleur tend vers le cyan au lieu d \u00eatre blanche<\/span><\/span><\/span><\/p>\n<p>&nbsp;<\/p>\n<\/div>\n<div><a href=\"http:\/\/www.laser-maker.com\/wp-content\/uploads\/2018\/09\/20369878_10154957124673348_1716680891117050949_o.jpg\"><img loading=\"lazy\" decoding=\"async\" class=\"aligncenter size-medium wp-image-621\" src=\"http:\/\/www.laser-maker.com\/wp-content\/uploads\/2018\/09\/20369878_10154957124673348_1716680891117050949_o-169x300.jpg\" alt=\"\" width=\"169\" height=\"300\" srcset=\"https:\/\/www.laser-maker.com\/wp-content\/uploads\/2018\/09\/20369878_10154957124673348_1716680891117050949_o-169x300.jpg 169w, https:\/\/www.laser-maker.com\/wp-content\/uploads\/2018\/09\/20369878_10154957124673348_1716680891117050949_o-768x1362.jpg 768w, https:\/\/www.laser-maker.com\/wp-content\/uploads\/2018\/09\/20369878_10154957124673348_1716680891117050949_o-577x1024.jpg 577w, https:\/\/www.laser-maker.com\/wp-content\/uploads\/2018\/09\/20369878_10154957124673348_1716680891117050949_o.jpg 812w\" sizes=\"auto, (max-width: 169px) 100vw, 169px\" \/><\/a><\/div>\n<div><\/div>\n<div style=\"text-align: center;\"><span id=\"fbPhotoSnowliftCaption\" class=\"fbPhotosPhotoCaption\" style=\"color: #00ccff;\" tabindex=\"0\" aria-live=\"polite\" data-ft=\"{&quot;tn&quot;:&quot;K&quot;}\"><span class=\"hasCaption\">Then with the technology in 2017, you can get an half watt Mitsubishi diode in a single package! (tiny <span style=\"color: #33cccc;\">amplifier)<\/span><\/span><\/span><\/div>\n<div style=\"text-align: center;\"><\/div>\n<div style=\"text-align: center;\">\n<p><span id=\"fbPhotoSnowliftCaption\" class=\"fbPhotosPhotoCaption\" style=\"color: #33cccc;\" tabindex=\"0\" aria-live=\"polite\" data-ft=\"{&quot;tn&quot;:&quot;K&quot;}\"><span class=\"hasCaption\">Achat en 2017 d&#8217;une diode laser 1\/2 W, plus puissante, avec un mini circuit<\/span><\/span><\/p>\n<p>&nbsp;<\/p>\n<\/div>\n<div><a href=\"http:\/\/www.laser-maker.com\/wp-content\/uploads\/2018\/09\/27625057_10155435966098348_3690666519813678540_o.jpg\"><img loading=\"lazy\" decoding=\"async\" class=\"aligncenter size-medium wp-image-622\" src=\"http:\/\/www.laser-maker.com\/wp-content\/uploads\/2018\/09\/27625057_10155435966098348_3690666519813678540_o-192x300.jpg\" alt=\"\" width=\"192\" height=\"300\" srcset=\"https:\/\/www.laser-maker.com\/wp-content\/uploads\/2018\/09\/27625057_10155435966098348_3690666519813678540_o-192x300.jpg 192w, https:\/\/www.laser-maker.com\/wp-content\/uploads\/2018\/09\/27625057_10155435966098348_3690666519813678540_o-768x1197.jpg 768w, https:\/\/www.laser-maker.com\/wp-content\/uploads\/2018\/09\/27625057_10155435966098348_3690666519813678540_o-657x1024.jpg 657w, https:\/\/www.laser-maker.com\/wp-content\/uploads\/2018\/09\/27625057_10155435966098348_3690666519813678540_o.jpg 1052w\" sizes=\"auto, (max-width: 192px) 100vw, 192px\" \/><\/a><\/div>\n<div style=\"text-align: center;\"><span style=\"color: #00ccff;\">Test&#8230;<\/span><\/div>\n<div style=\"text-align: left;\"><iframe loading=\"lazy\"  id=\"_ytid_47815\"  width=\"900\" height=\"506\"  data-origwidth=\"900\" data-origheight=\"506\" src=\"https:\/\/www.youtube.com\/embed\/ltc7xzI_X30?enablejsapi=1&origin=https:\/\/www.laser-maker.com&autoplay=0&cc_load_policy=0&cc_lang_pref=&iv_load_policy=1&loop=0&rel=0&fs=1&playsinline=0&autohide=2&theme=dark&color=red&controls=1&disablekb=0&\" class=\"__youtube_prefs__  no-lazyload\" title=\"YouTube player\"  allow=\"fullscreen; accelerometer; autoplay; clipboard-write; encrypted-media; gyroscope; picture-in-picture; web-share\" referrerpolicy=\"strict-origin-when-cross-origin\" allowfullscreen data-no-lazy=\"1\" data-skipgform_ajax_framebjll=\"\"><\/iframe><\/div>\n<div style=\"text-align: center;\"><\/div>\n<div class=\"clearfix fbPhotoSnowliftAuthorInfo _xlu\">\n<div class=\"clearfix _8u _42ef\">\n<div class=\"_6a\">\n<div class=\"_6a _6b\">\n<div id=\"fbPhotoSnowliftAudienceSelector\">\n<div class=\"mbs fbPhotosAudienceContainerEditable _1jam\">\n<div class=\"_6a _g4r _3iio _20np _21p0 _fol\">\n<div id=\"u_jsonp_12_8g\" class=\"_6a uiPopover\">\n<p style=\"text-align: center;\"><span style=\"color: #00ccff;\">Addition of 520nm green<\/span><\/p>\n<p><span id=\"fbPhotoSnowliftCaption\" class=\"fbPhotosPhotoCaption\" tabindex=\"0\" aria-live=\"polite\" data-ft=\"{&quot;tn&quot;:&quot;K&quot;}\"><span class=\"hasCaption\"><a href=\"http:\/\/www.laser-maker.com\/wp-content\/uploads\/2018\/09\/28424473_10155495513138348_2049526357497538487_o.jpg\"><img loading=\"lazy\" decoding=\"async\" class=\"aligncenter size-medium wp-image-620\" src=\"http:\/\/www.laser-maker.com\/wp-content\/uploads\/2018\/09\/28424473_10155495513138348_2049526357497538487_o-248x300.jpg\" alt=\"\" width=\"248\" height=\"300\" srcset=\"https:\/\/www.laser-maker.com\/wp-content\/uploads\/2018\/09\/28424473_10155495513138348_2049526357497538487_o-248x300.jpg 248w, https:\/\/www.laser-maker.com\/wp-content\/uploads\/2018\/09\/28424473_10155495513138348_2049526357497538487_o-768x931.jpg 768w, https:\/\/www.laser-maker.com\/wp-content\/uploads\/2018\/09\/28424473_10155495513138348_2049526357497538487_o-845x1024.jpg 845w, https:\/\/www.laser-maker.com\/wp-content\/uploads\/2018\/09\/28424473_10155495513138348_2049526357497538487_o.jpg 992w\" sizes=\"auto, (max-width: 248px) 100vw, 248px\" \/><\/a><\/span><\/span><\/p>\n<\/div>\n<\/div>\n<\/div>\n<\/div>\n<div class=\"fsm fwn fcg\">\n<div id=\"fbPhotoSnowliftOnProfile\" class=\"fbPhotosOnProfile\" style=\"text-align: center;\"><span id=\"fbPhotoSnowliftCaption\" class=\"fbPhotosPhotoCaption\" style=\"color: #00ccff;\" tabindex=\"0\" aria-live=\"polite\" data-ft=\"{&quot;tn&quot;:&quot;K&quot;}\"><span class=\"hasCaption\">First color test befor final assembly. With more red you get a white color balance<\/span><\/span><\/div>\n<\/div>\n<p>&nbsp;<\/p>\n<\/div>\n<\/div>\n<\/div>\n<\/div>\n<div class=\"_xlr\" style=\"text-align: center;\"><span id=\"fbPhotoSnowliftContext\" class=\"fbPhotosPhotoContext\" style=\"color: #33cccc;\"><\/span><span id=\"fbPhotoSnowliftCaption\" class=\"fbPhotosPhotoCaption\" tabindex=\"0\" aria-live=\"polite\" data-ft=\"{&quot;tn&quot;:&quot;K&quot;}\"><span class=\"hasCaption\"><span style=\"color: #33cccc;\">Premier test avant assemblage final. La couleur resultante est bien blanche maintenant<\/span><br \/>\n<\/span><\/span><\/div>\n<p><a href=\"http:\/\/www.laser-maker.com\/wp-content\/uploads\/2018\/09\/27356434_10155437805568348_8808476918959845072_o.jpg\"><img loading=\"lazy\" decoding=\"async\" class=\"aligncenter size-medium wp-image-623\" src=\"http:\/\/www.laser-maker.com\/wp-content\/uploads\/2018\/09\/27356434_10155437805568348_8808476918959845072_o-300x169.jpg\" alt=\"\" width=\"300\" height=\"169\" srcset=\"https:\/\/www.laser-maker.com\/wp-content\/uploads\/2018\/09\/27356434_10155437805568348_8808476918959845072_o-300x169.jpg 300w, https:\/\/www.laser-maker.com\/wp-content\/uploads\/2018\/09\/27356434_10155437805568348_8808476918959845072_o-768x433.jpg 768w, https:\/\/www.laser-maker.com\/wp-content\/uploads\/2018\/09\/27356434_10155437805568348_8808476918959845072_o-1024x577.jpg 1024w, https:\/\/www.laser-maker.com\/wp-content\/uploads\/2018\/09\/27356434_10155437805568348_8808476918959845072_o.jpg 1229w\" sizes=\"auto, (max-width: 300px) 100vw, 300px\" \/><\/a><\/p>\n<p style=\"text-align: center;\"><span style=\"color: #00ccff;\">First test<\/span><\/p>\n<p><a href=\"http:\/\/www.laser-maker.com\/wp-content\/uploads\/2018\/09\/27709877_10155438569883348_7446744353444260731_o.jpg\"><img loading=\"lazy\" decoding=\"async\" class=\"aligncenter size-medium wp-image-624\" src=\"http:\/\/www.laser-maker.com\/wp-content\/uploads\/2018\/09\/27709877_10155438569883348_7446744353444260731_o-300x274.jpg\" alt=\"\" width=\"300\" height=\"274\" srcset=\"https:\/\/www.laser-maker.com\/wp-content\/uploads\/2018\/09\/27709877_10155438569883348_7446744353444260731_o-300x274.jpg 300w, https:\/\/www.laser-maker.com\/wp-content\/uploads\/2018\/09\/27709877_10155438569883348_7446744353444260731_o-768x702.jpg 768w, https:\/\/www.laser-maker.com\/wp-content\/uploads\/2018\/09\/27709877_10155438569883348_7446744353444260731_o-1024x936.jpg 1024w, https:\/\/www.laser-maker.com\/wp-content\/uploads\/2018\/09\/27709877_10155438569883348_7446744353444260731_o.jpg 1840w\" sizes=\"auto, (max-width: 300px) 100vw, 300px\" \/><\/a><\/p>\n<p style=\"text-align: center;\"><span id=\"result_box\" class=\"\" lang=\"en\" style=\"color: #00ccff;\" tabindex=\"-1\">The modulation is digital on this \u03bclaser, but it&#8217;s already well regarding the size of the enclosure!<\/span><\/p>\n<p style=\"text-align: center;\"><span id=\"fbPhotoSnowliftCaption\" class=\"fbPhotosPhotoCaption\" style=\"color: #33cccc;\" tabindex=\"0\" aria-live=\"polite\" data-ft=\"{&quot;tn&quot;:&quot;K&quot;}\"><span class=\"hasCaption\">La modulation est num\u00e9rique sur ce \u00b5laser, mais c&#8217;est d\u00e9j\u00e0 bien vu la taille du coffret!<\/span><\/span><\/p>\n<p><a href=\"http:\/\/www.laser-maker.com\/wp-content\/uploads\/2018\/09\/27788178_10155458519068348_3021698526091048857_o.jpg\"><img loading=\"lazy\" decoding=\"async\" class=\"aligncenter size-medium wp-image-625\" src=\"http:\/\/www.laser-maker.com\/wp-content\/uploads\/2018\/09\/27788178_10155458519068348_3021698526091048857_o-300x169.jpg\" alt=\"\" width=\"300\" height=\"169\" srcset=\"https:\/\/www.laser-maker.com\/wp-content\/uploads\/2018\/09\/27788178_10155458519068348_3021698526091048857_o-300x169.jpg 300w, https:\/\/www.laser-maker.com\/wp-content\/uploads\/2018\/09\/27788178_10155458519068348_3021698526091048857_o-768x433.jpg 768w, https:\/\/www.laser-maker.com\/wp-content\/uploads\/2018\/09\/27788178_10155458519068348_3021698526091048857_o-1024x578.jpg 1024w, https:\/\/www.laser-maker.com\/wp-content\/uploads\/2018\/09\/27788178_10155458519068348_3021698526091048857_o.jpg 2048w\" sizes=\"auto, (max-width: 300px) 100vw, 300px\" \/><\/a><\/p>\n<p style=\"text-align: center;\"><span style=\"color: #00ccff;\">Mini size<\/span><\/p>\n<p><a href=\"http:\/\/www.laser-maker.com\/wp-content\/uploads\/2018\/09\/P1000442.jpg\"><img loading=\"lazy\" decoding=\"async\" class=\"aligncenter size-medium wp-image-626\" src=\"http:\/\/www.laser-maker.com\/wp-content\/uploads\/2018\/09\/P1000442-300x225.jpg\" alt=\"\" width=\"300\" height=\"225\" srcset=\"https:\/\/www.laser-maker.com\/wp-content\/uploads\/2018\/09\/P1000442-300x225.jpg 300w, https:\/\/www.laser-maker.com\/wp-content\/uploads\/2018\/09\/P1000442-768x576.jpg 768w, https:\/\/www.laser-maker.com\/wp-content\/uploads\/2018\/09\/P1000442-1024x768.jpg 1024w, https:\/\/www.laser-maker.com\/wp-content\/uploads\/2018\/09\/P1000442-320x240.jpg 320w, https:\/\/www.laser-maker.com\/wp-content\/uploads\/2018\/09\/P1000442.jpg 1268w\" sizes=\"auto, (max-width: 300px) 100vw, 300px\" \/><\/a><\/p>\n<p style=\"text-align: center;\"><span style=\"color: #00ccff;\">Color laser on the left<\/span><\/p>\n<p style=\"text-align: center;\"><span style=\"color: #33cccc;\">Le laser couleur \u00e0 gauche<\/span><\/p>\n<p style=\"text-align: left;\"><iframe loading=\"lazy\"  id=\"_ytid_10428\"  width=\"900\" height=\"506\"  data-origwidth=\"900\" data-origheight=\"506\" src=\"https:\/\/www.youtube.com\/embed\/zQW8peGbBx4?enablejsapi=1&origin=https:\/\/www.laser-maker.com&autoplay=0&cc_load_policy=0&cc_lang_pref=&iv_load_policy=1&loop=0&rel=0&fs=1&playsinline=0&autohide=2&theme=dark&color=red&controls=1&disablekb=0&\" class=\"__youtube_prefs__  no-lazyload\" title=\"YouTube player\"  allow=\"fullscreen; accelerometer; autoplay; clipboard-write; encrypted-media; gyroscope; picture-in-picture; web-share\" referrerpolicy=\"strict-origin-when-cross-origin\" allowfullscreen data-no-lazy=\"1\" data-skipgform_ajax_framebjll=\"\"><\/iframe><\/p>\n<p>&nbsp;<\/p>\n<p>&nbsp;<\/p>\n","protected":false},"excerpt":{"rendered":"<p>An old laser using stepper motors will be converted into a pure diode laser of about 1000mW \ud83d\ude42 Un ancien laser utilisant des moteurs pas \u00e0 pas va \u00eatre converti en laser pure diode d&#8217;environ 1000mW \ud83d\ude42 Like new laser enclosure Le coffret pour le projet \u00b5laser &nbsp; The scanners, amplifiers and electronic system is [&hellip;]<\/p>\n","protected":false},"author":1,"featured_media":0,"parent":115,"menu_order":0,"comment_status":"closed","ping_status":"closed","template":"","meta":{"footnotes":""},"class_list":["post-561","page","type-page","status-publish","hentry"],"_links":{"self":[{"href":"https:\/\/www.laser-maker.com\/index.php\/wp-json\/wp\/v2\/pages\/561","targetHints":{"allow":["GET"]}}],"collection":[{"href":"https:\/\/www.laser-maker.com\/index.php\/wp-json\/wp\/v2\/pages"}],"about":[{"href":"https:\/\/www.laser-maker.com\/index.php\/wp-json\/wp\/v2\/types\/page"}],"author":[{"embeddable":true,"href":"https:\/\/www.laser-maker.com\/index.php\/wp-json\/wp\/v2\/users\/1"}],"replies":[{"embeddable":true,"href":"https:\/\/www.laser-maker.com\/index.php\/wp-json\/wp\/v2\/comments?post=561"}],"version-history":[{"count":16,"href":"https:\/\/www.laser-maker.com\/index.php\/wp-json\/wp\/v2\/pages\/561\/revisions"}],"predecessor-version":[{"id":884,"href":"https:\/\/www.laser-maker.com\/index.php\/wp-json\/wp\/v2\/pages\/561\/revisions\/884"}],"up":[{"embeddable":true,"href":"https:\/\/www.laser-maker.com\/index.php\/wp-json\/wp\/v2\/pages\/115"}],"wp:attachment":[{"href":"https:\/\/www.laser-maker.com\/index.php\/wp-json\/wp\/v2\/media?parent=561"}],"curies":[{"name":"wp","href":"https:\/\/api.w.org\/{rel}","templated":true}]}}