{"id":557,"date":"2018-09-23T21:25:47","date_gmt":"2018-09-23T19:25:47","guid":{"rendered":"http:\/\/www.laser-maker.com\/?page_id=557"},"modified":"2018-10-09T21:23:51","modified_gmt":"2018-10-09T19:23:51","slug":"first-rgb-laser-3w","status":"publish","type":"page","link":"https:\/\/www.laser-maker.com\/index.php\/old-projects-pages\/first-rgb-laser-3w\/","title":{"rendered":"First RGB diode laser &#8211; 3W (2011)"},"content":{"rendered":"<p style=\"text-align: center;\"><span id=\"result_box\" class=\"\" lang=\"en\" tabindex=\"-1\"><span class=\"\" style=\"color: #00ccff;\">The laser is built from a recovery laser that no longer suited for the show<\/span><br \/>\n<\/span><span style=\"color: #33cccc;\">Le laser est construit \u00e0 partir d&#8217;un laser de r\u00e9cup\u00e9ration qui ne convenait plus pour le show<\/span><\/p>\n<p><a href=\"http:\/\/www.laser-maker.com\/wp-content\/uploads\/2018\/09\/Recuperation-1.jpg\"><img loading=\"lazy\" decoding=\"async\" class=\"aligncenter size-medium wp-image-559\" src=\"http:\/\/www.laser-maker.com\/wp-content\/uploads\/2018\/09\/Recuperation-1-300x169.jpg\" alt=\"\" width=\"300\" height=\"169\" srcset=\"https:\/\/www.laser-maker.com\/wp-content\/uploads\/2018\/09\/Recuperation-1-300x169.jpg 300w, https:\/\/www.laser-maker.com\/wp-content\/uploads\/2018\/09\/Recuperation-1-768x432.jpg 768w, https:\/\/www.laser-maker.com\/wp-content\/uploads\/2018\/09\/Recuperation-1-1024x575.jpg 1024w\" sizes=\"auto, (max-width: 300px) 100vw, 300px\" \/><\/a><\/p>\n<p style=\"text-align: center;\"><span id=\"result_box\" class=\"\" lang=\"en\" style=\"color: #00ccff;\" tabindex=\"-1\"><span class=\"\">This one is completely emptied to keep only the box<\/span><\/span><\/p>\n<p style=\"text-align: center;\"><span id=\"result_box\" class=\"\" lang=\"en\" tabindex=\"-1\"><span class=\"\"><span style=\"color: #00ccff;\">The scanner part and embedded system has been kept and are currently in the<\/span> <a href=\"http:\/\/www.laser-maker.com\/index.php\/micro-laser-project\/\">micro-laser<\/a><\/span><\/span><\/p>\n<p style=\"text-align: center;\"><span style=\"color: #33cccc;\">Celui-ci est enti\u00e8rement vid\u00e9 pour ne garder que le coffret<\/span><\/p>\n<p style=\"text-align: center;\"><span style=\"color: #33cccc;\">La partie scanner et syst\u00e8me embarqu\u00e9 a \u00e9t\u00e9 gard\u00e9e\u00a0 et sont actuellement dans le<\/span> <a href=\"http:\/\/www.laser-maker.com\/index.php\/micro-laser-project\/\">micro-laser<\/a><\/p>\n<p><a href=\"http:\/\/www.laser-maker.com\/wp-content\/uploads\/2018\/09\/01042012707.jpg\"><img loading=\"lazy\" decoding=\"async\" class=\"aligncenter size-medium wp-image-558\" src=\"http:\/\/www.laser-maker.com\/wp-content\/uploads\/2018\/09\/01042012707-300x169.jpg\" alt=\"\" width=\"300\" height=\"169\" srcset=\"https:\/\/www.laser-maker.com\/wp-content\/uploads\/2018\/09\/01042012707-300x169.jpg 300w, https:\/\/www.laser-maker.com\/wp-content\/uploads\/2018\/09\/01042012707-768x432.jpg 768w, https:\/\/www.laser-maker.com\/wp-content\/uploads\/2018\/09\/01042012707-1024x575.jpg 1024w\" sizes=\"auto, (max-width: 300px) 100vw, 300px\" \/><\/a><\/p>\n<p style=\"text-align: center;\"><span id=\"result_box\" class=\"\" lang=\"en\" style=\"color: #00ccff;\" tabindex=\"-1\">Addition of a CNI brand DPSS (532 nm) laser which offers good optical characteristics<\/span><\/p>\n<p style=\"text-align: center;\"><span style=\"color: #33cccc;\">Ajout d&#8217;un laser DPSS (532 nm) de marque CNI qui offre de bonnes caract\u00e9ristiques optiques<\/span><\/p>\n<p><a href=\"http:\/\/www.laser-maker.com\/wp-content\/uploads\/2018\/09\/DSC_1359ok.jpg\"><img loading=\"lazy\" decoding=\"async\" class=\"aligncenter size-medium wp-image-565\" src=\"http:\/\/www.laser-maker.com\/wp-content\/uploads\/2018\/09\/DSC_1359ok-300x199.jpg\" alt=\"\" width=\"300\" height=\"199\" srcset=\"https:\/\/www.laser-maker.com\/wp-content\/uploads\/2018\/09\/DSC_1359ok-300x199.jpg 300w, https:\/\/www.laser-maker.com\/wp-content\/uploads\/2018\/09\/DSC_1359ok-768x510.jpg 768w, https:\/\/www.laser-maker.com\/wp-content\/uploads\/2018\/09\/DSC_1359ok.jpg 1024w\" sizes=\"auto, (max-width: 300px) 100vw, 300px\" \/><\/a><\/p>\n<p style=\"text-align: center;\"><span id=\"result_box\" class=\"\" lang=\"en\" style=\"color: #00ccff;\" tabindex=\"-1\">As we can see this wavelength is one of the most visible<\/span><\/p>\n<p style=\"text-align: center;\"><span style=\"color: #33cccc;\">Comme on peut voir cette longueur d&#8217;onde est une des plus visibles<\/span><\/p>\n<p><a href=\"http:\/\/www.laser-maker.com\/wp-content\/uploads\/2018\/09\/18052012807.jpg\"><img loading=\"lazy\" decoding=\"async\" class=\"aligncenter size-medium wp-image-566\" src=\"http:\/\/www.laser-maker.com\/wp-content\/uploads\/2018\/09\/18052012807-237x300.jpg\" alt=\"\" width=\"237\" height=\"300\" srcset=\"https:\/\/www.laser-maker.com\/wp-content\/uploads\/2018\/09\/18052012807-237x300.jpg 237w, https:\/\/www.laser-maker.com\/wp-content\/uploads\/2018\/09\/18052012807-768x970.jpg 768w, https:\/\/www.laser-maker.com\/wp-content\/uploads\/2018\/09\/18052012807-810x1024.jpg 810w, https:\/\/www.laser-maker.com\/wp-content\/uploads\/2018\/09\/18052012807.jpg 880w\" sizes=\"auto, (max-width: 237px) 100vw, 237px\" \/><\/a><\/p>\n<p style=\"text-align: center;\"><span style=\"color: #00ccff;\">Anti-dust protection<\/span><\/p>\n<p style=\"text-align: center;\"><span style=\"color: #33cccc;\">Protection anti poussi\u00e8re<\/span><\/p>\n<p><a href=\"http:\/\/www.laser-maker.com\/wp-content\/uploads\/2018\/09\/30062012900.jpg\"><img loading=\"lazy\" decoding=\"async\" class=\"aligncenter size-medium wp-image-570\" src=\"http:\/\/www.laser-maker.com\/wp-content\/uploads\/2018\/09\/30062012900-300x242.jpg\" alt=\"\" width=\"300\" height=\"242\" srcset=\"https:\/\/www.laser-maker.com\/wp-content\/uploads\/2018\/09\/30062012900-300x242.jpg 300w, https:\/\/www.laser-maker.com\/wp-content\/uploads\/2018\/09\/30062012900-768x619.jpg 768w, https:\/\/www.laser-maker.com\/wp-content\/uploads\/2018\/09\/30062012900-1024x825.jpg 1024w, https:\/\/www.laser-maker.com\/wp-content\/uploads\/2018\/09\/30062012900.jpg 1117w\" sizes=\"auto, (max-width: 300px) 100vw, 300px\" \/><\/a><\/p>\n<p style=\"text-align: center;\"><span id=\"result_box\" class=\"short_text\" lang=\"en\" style=\"color: #00ccff;\" tabindex=\"-1\"><span class=\"\">A 445nm laser has been added<\/span><\/span><\/p>\n<p style=\"text-align: center;\"><span style=\"color: #33cccc;\">Ajout d&#8217;un laser 445nm<\/span><\/p>\n<p><a href=\"http:\/\/www.laser-maker.com\/wp-content\/uploads\/2018\/09\/18052012821.jpg\"><img loading=\"lazy\" decoding=\"async\" class=\"aligncenter size-medium wp-image-567\" src=\"http:\/\/www.laser-maker.com\/wp-content\/uploads\/2018\/09\/18052012821-300x169.jpg\" alt=\"\" width=\"300\" height=\"169\" srcset=\"https:\/\/www.laser-maker.com\/wp-content\/uploads\/2018\/09\/18052012821-300x169.jpg 300w, https:\/\/www.laser-maker.com\/wp-content\/uploads\/2018\/09\/18052012821-768x432.jpg 768w, https:\/\/www.laser-maker.com\/wp-content\/uploads\/2018\/09\/18052012821-1024x575.jpg 1024w, https:\/\/www.laser-maker.com\/wp-content\/uploads\/2018\/09\/18052012821.jpg 2000w\" sizes=\"auto, (max-width: 300px) 100vw, 300px\" \/><\/a><\/p>\n<p style=\"text-align: center;\"><span style=\"color: #00ccff;\">Live test<\/span><\/p>\n<p style=\"text-align: center;\"><span style=\"color: #33cccc;\">Test en live!<\/span><\/p>\n<p><a href=\"http:\/\/www.laser-maker.com\/wp-content\/uploads\/2018\/09\/BackToBasics0923.jpg\"><img loading=\"lazy\" decoding=\"async\" class=\"aligncenter size-medium wp-image-568\" src=\"http:\/\/www.laser-maker.com\/wp-content\/uploads\/2018\/09\/BackToBasics0923-300x200.jpg\" alt=\"\" width=\"300\" height=\"200\" srcset=\"https:\/\/www.laser-maker.com\/wp-content\/uploads\/2018\/09\/BackToBasics0923-300x200.jpg 300w, https:\/\/www.laser-maker.com\/wp-content\/uploads\/2018\/09\/BackToBasics0923-768x511.jpg 768w, https:\/\/www.laser-maker.com\/wp-content\/uploads\/2018\/09\/BackToBasics0923.jpg 799w\" sizes=\"auto, (max-width: 300px) 100vw, 300px\" \/><\/a><\/p>\n<p style=\"text-align: center;\"><span id=\"result_box\" class=\"short_text\" lang=\"en\" tabindex=\"-1\"><span style=\"color: #00ccff;\">Addition of brand new<\/span> <a href=\"http:\/\/www.laser-maker.com\/index.php\/current-projects\/quad-laser-project\/kvant-red-diode-laser-637nm\/\">Kvant 1W (637nm)<\/a><\/span><\/p>\n<p style=\"text-align: center;\"><span style=\"color: #33cccc;\">Ajout du tout nouveau<\/span> <a href=\"http:\/\/www.laser-maker.com\/index.php\/current-projects\/quad-laser-project\/kvant-red-diode-laser-637nm\/\">Kvant 1W (637nm)<\/a><\/p>\n<p><a href=\"http:\/\/www.laser-maker.com\/wp-content\/uploads\/2018\/09\/243610_10150932377778348_1960532601_o.jpg\"><img loading=\"lazy\" decoding=\"async\" class=\"aligncenter size-medium wp-image-569\" src=\"http:\/\/www.laser-maker.com\/wp-content\/uploads\/2018\/09\/243610_10150932377778348_1960532601_o-225x300.jpg\" alt=\"\" width=\"225\" height=\"300\" srcset=\"https:\/\/www.laser-maker.com\/wp-content\/uploads\/2018\/09\/243610_10150932377778348_1960532601_o-225x300.jpg 225w, https:\/\/www.laser-maker.com\/wp-content\/uploads\/2018\/09\/243610_10150932377778348_1960532601_o.jpg 768w\" sizes=\"auto, (max-width: 225px) 100vw, 225px\" \/><\/a><\/p>\n<p style=\"text-align: center;\"><span style=\"color: #00ccff;\">Addition of Medialas scan safe security card<\/span><\/p>\n<p style=\"text-align: center;\"><span style=\"color: #33cccc;\">Ajout d&#8217;une carte de s\u00e9curit\u00e9 Allemande Medialas<\/span><\/p>\n<p><span id=\"result_box\" class=\"\" lang=\"en\" tabindex=\"-1\"><span class=\"\"><a href=\"http:\/\/www.laser-maker.com\/wp-content\/uploads\/2018\/09\/04122011472.jpg\"><img loading=\"lazy\" decoding=\"async\" class=\"aligncenter wp-image-711 size-medium\" src=\"http:\/\/www.laser-maker.com\/wp-content\/uploads\/2018\/09\/04122011472-300x174.jpg\" alt=\"\" width=\"300\" height=\"174\" srcset=\"https:\/\/www.laser-maker.com\/wp-content\/uploads\/2018\/09\/04122011472-300x174.jpg 300w, https:\/\/www.laser-maker.com\/wp-content\/uploads\/2018\/09\/04122011472-768x445.jpg 768w, https:\/\/www.laser-maker.com\/wp-content\/uploads\/2018\/09\/04122011472.jpg 782w\" sizes=\"auto, (max-width: 300px) 100vw, 300px\" \/><\/a><\/span><\/span><\/p>\n<p style=\"text-align: center;\"><span style=\"color: #00ccff;\">First alignment<\/span><\/p>\n<p style=\"text-align: center;\"><span style=\"color: #33cccc;\">Premier alignement<\/span><\/p>\n<p><a href=\"http:\/\/www.laser-maker.com\/wp-content\/uploads\/2018\/09\/01072012904.jpg\"><img loading=\"lazy\" decoding=\"async\" class=\"aligncenter size-medium wp-image-571\" src=\"http:\/\/www.laser-maker.com\/wp-content\/uploads\/2018\/09\/01072012904-300x246.jpg\" alt=\"\" width=\"300\" height=\"246\" srcset=\"https:\/\/www.laser-maker.com\/wp-content\/uploads\/2018\/09\/01072012904-300x246.jpg 300w, https:\/\/www.laser-maker.com\/wp-content\/uploads\/2018\/09\/01072012904-768x629.jpg 768w, https:\/\/www.laser-maker.com\/wp-content\/uploads\/2018\/09\/01072012904-1024x839.jpg 1024w, https:\/\/www.laser-maker.com\/wp-content\/uploads\/2018\/09\/01072012904.jpg 1474w\" sizes=\"auto, (max-width: 300px) 100vw, 300px\" \/><\/a><\/p>\n<p style=\"text-align: center;\"><span style=\"color: #00ccff;\">the flight case<\/span><\/p>\n<p><a href=\"http:\/\/www.laser-maker.com\/wp-content\/uploads\/2018\/09\/29052012845.jpg\"><img loading=\"lazy\" decoding=\"async\" class=\"aligncenter size-medium wp-image-572\" src=\"http:\/\/www.laser-maker.com\/wp-content\/uploads\/2018\/09\/29052012845-300x175.jpg\" alt=\"\" width=\"300\" height=\"175\" srcset=\"https:\/\/www.laser-maker.com\/wp-content\/uploads\/2018\/09\/29052012845-300x175.jpg 300w, https:\/\/www.laser-maker.com\/wp-content\/uploads\/2018\/09\/29052012845-768x448.jpg 768w, https:\/\/www.laser-maker.com\/wp-content\/uploads\/2018\/09\/29052012845-1024x597.jpg 1024w, https:\/\/www.laser-maker.com\/wp-content\/uploads\/2018\/09\/29052012845.jpg 1158w\" sizes=\"auto, (max-width: 300px) 100vw, 300px\" \/><\/a><a href=\"http:\/\/www.laser-maker.com\/wp-content\/uploads\/2018\/09\/16062012875.jpg\"><img loading=\"lazy\" decoding=\"async\" class=\"aligncenter size-medium wp-image-573\" src=\"http:\/\/www.laser-maker.com\/wp-content\/uploads\/2018\/09\/16062012875-300x198.jpg\" alt=\"\" width=\"300\" height=\"198\" srcset=\"https:\/\/www.laser-maker.com\/wp-content\/uploads\/2018\/09\/16062012875-300x198.jpg 300w, https:\/\/www.laser-maker.com\/wp-content\/uploads\/2018\/09\/16062012875-768x507.jpg 768w, https:\/\/www.laser-maker.com\/wp-content\/uploads\/2018\/09\/16062012875-1024x676.jpg 1024w, https:\/\/www.laser-maker.com\/wp-content\/uploads\/2018\/09\/16062012875.jpg 1544w\" sizes=\"auto, (max-width: 300px) 100vw, 300px\" \/><\/a><\/p>\n<p style=\"text-align: center;\"><span style=\"color: #00ccff;\">Live<\/span><\/p>\n<p><a href=\"http:\/\/www.laser-maker.com\/wp-content\/uploads\/2018\/09\/540876_541775452511236_1620002244_n.jpg\"><img loading=\"lazy\" decoding=\"async\" class=\"aligncenter wp-image-574 size-medium\" src=\"http:\/\/www.laser-maker.com\/wp-content\/uploads\/2018\/09\/540876_541775452511236_1620002244_n-300x200.jpg\" alt=\"\" width=\"300\" height=\"200\" srcset=\"https:\/\/www.laser-maker.com\/wp-content\/uploads\/2018\/09\/540876_541775452511236_1620002244_n-300x200.jpg 300w, https:\/\/www.laser-maker.com\/wp-content\/uploads\/2018\/09\/540876_541775452511236_1620002244_n.jpg 720w\" sizes=\"auto, (max-width: 300px) 100vw, 300px\" \/><\/a><\/p>\n<p style=\"text-align: left;\"><iframe loading=\"lazy\"  id=\"_ytid_94109\"  width=\"900\" height=\"506\"  data-origwidth=\"900\" data-origheight=\"506\" src=\"https:\/\/www.youtube.com\/embed\/DD395q4X7ew?enablejsapi=1&origin=https:\/\/www.laser-maker.com&autoplay=0&cc_load_policy=0&cc_lang_pref=&iv_load_policy=1&loop=0&rel=0&fs=1&playsinline=0&autohide=2&theme=dark&color=red&controls=1&disablekb=0&\" class=\"__youtube_prefs__  no-lazyload\" title=\"YouTube player\"  allow=\"fullscreen; accelerometer; autoplay; clipboard-write; encrypted-media; gyroscope; picture-in-picture; web-share\" referrerpolicy=\"strict-origin-when-cross-origin\" allowfullscreen data-no-lazy=\"1\" data-skipgform_ajax_framebjll=\"\"><\/iframe><\/p>\n<p style=\"text-align: left;\"><iframe loading=\"lazy\"  id=\"_ytid_89673\"  width=\"900\" height=\"506\"  data-origwidth=\"900\" data-origheight=\"506\" src=\"https:\/\/www.youtube.com\/embed\/cQCk1sjdCwY?enablejsapi=1&origin=https:\/\/www.laser-maker.com&autoplay=0&cc_load_policy=0&cc_lang_pref=&iv_load_policy=1&loop=0&rel=0&fs=1&playsinline=0&autohide=2&theme=dark&color=red&controls=1&disablekb=0&\" class=\"__youtube_prefs__  no-lazyload\" title=\"YouTube player\"  allow=\"fullscreen; accelerometer; autoplay; clipboard-write; encrypted-media; gyroscope; picture-in-picture; web-share\" referrerpolicy=\"strict-origin-when-cross-origin\" allowfullscreen data-no-lazy=\"1\" data-skipgform_ajax_framebjll=\"\"><\/iframe><\/p>\n","protected":false},"excerpt":{"rendered":"<p>The laser is built from a recovery laser that no longer suited for the show Le laser est construit \u00e0 partir d&#8217;un laser de r\u00e9cup\u00e9ration qui ne convenait plus pour le show This one is completely emptied to keep only the box The scanner part and embedded system has been kept and are currently in [&hellip;]<\/p>\n","protected":false},"author":1,"featured_media":0,"parent":115,"menu_order":0,"comment_status":"closed","ping_status":"closed","template":"","meta":{"footnotes":""},"class_list":["post-557","page","type-page","status-publish","hentry"],"_links":{"self":[{"href":"https:\/\/www.laser-maker.com\/index.php\/wp-json\/wp\/v2\/pages\/557","targetHints":{"allow":["GET"]}}],"collection":[{"href":"https:\/\/www.laser-maker.com\/index.php\/wp-json\/wp\/v2\/pages"}],"about":[{"href":"https:\/\/www.laser-maker.com\/index.php\/wp-json\/wp\/v2\/types\/page"}],"author":[{"embeddable":true,"href":"https:\/\/www.laser-maker.com\/index.php\/wp-json\/wp\/v2\/users\/1"}],"replies":[{"embeddable":true,"href":"https:\/\/www.laser-maker.com\/index.php\/wp-json\/wp\/v2\/comments?post=557"}],"version-history":[{"count":18,"href":"https:\/\/www.laser-maker.com\/index.php\/wp-json\/wp\/v2\/pages\/557\/revisions"}],"predecessor-version":[{"id":886,"href":"https:\/\/www.laser-maker.com\/index.php\/wp-json\/wp\/v2\/pages\/557\/revisions\/886"}],"up":[{"embeddable":true,"href":"https:\/\/www.laser-maker.com\/index.php\/wp-json\/wp\/v2\/pages\/115"}],"wp:attachment":[{"href":"https:\/\/www.laser-maker.com\/index.php\/wp-json\/wp\/v2\/media?parent=557"}],"curies":[{"name":"wp","href":"https:\/\/api.w.org\/{rel}","templated":true}]}}