{"id":466,"date":"2018-09-23T14:21:06","date_gmt":"2018-09-23T12:21:06","guid":{"rendered":"http:\/\/www.laser-maker.com\/?page_id=466"},"modified":"2019-04-18T12:22:30","modified_gmt":"2019-04-18T10:22:30","slug":"tarm-green-dpss-532nm","status":"publish","type":"page","link":"https:\/\/www.laser-maker.com\/index.php\/current-projects\/quad-laser-project\/tarm-green-dpss-532nm\/","title":{"rendered":"Tarm 532nm green DPSS &#8211; 1W"},"content":{"rendered":"<p><span id=\"result_box\" class=\"\" lang=\"en\" style=\"color: #00ccff;\" tabindex=\"-1\"><span class=\"\">The green laser chosen for this project is a DPSS.<\/span><br \/>\n<span class=\"\">This is an IR laser whose frequency is doubled with a crystal.<\/span><br \/>\n<span class=\"\">The goal is to obtain a green laser whose wavelength is closest to the maximum of human sensitivity (about 550nm)<\/span><\/span><\/p>\n<p><span style=\"color: #33cccc;\">Le laser vert choisi pour ce projet est un DPSS.<\/span><br \/>\n<span style=\"color: #33cccc;\">Il s&#8217;agit d&#8217;un laser IR dont la fr\u00e9quence est doubl\u00e9e \u00e0 l&#8217;aide d&#8217;un cristal.<\/span><br \/>\n<span style=\"color: #33cccc;\">Le but \u00e9tant d&#8217;obtenir un laser vert dont la longueur d&#8217;onde est la plus proche du maximum de la sensibilit\u00e9 humaine (environ 550nm)<\/span><\/p>\n<p><img loading=\"lazy\" decoding=\"async\" class=\"aligncenter size-full wp-image-467\" src=\"http:\/\/www.laser-maker.com\/wp-content\/uploads\/2018\/09\/DSC_1358ok.jpg\" alt=\"\" width=\"289\" height=\"425\" srcset=\"https:\/\/www.laser-maker.com\/wp-content\/uploads\/2018\/09\/DSC_1358ok.jpg 289w, https:\/\/www.laser-maker.com\/wp-content\/uploads\/2018\/09\/DSC_1358ok-204x300.jpg 204w\" sizes=\"auto, (max-width: 289px) 100vw, 289px\" \/><\/p>\n<p><span style=\"color: #00ccff;\">Specs:<\/span><\/p>\n<p><span style=\"color: #00ccff;\">Power &gt; 1000mW<\/span><\/p>\n<p><span style=\"color: #00ccff;\">Beam diameter 3mm<\/span><\/p>\n<p><span style=\"color: #00ccff;\">Divergence full angle 1.2 mRad<\/span><\/p>\n<p><span style=\"color: #00ccff;\">Beam near TEM00 and TEC cooling<\/span><\/p>\n<p><span style=\"color: #00ccff;\">Analog modulation speed &gt;30Khz<\/span><img loading=\"lazy\" decoding=\"async\" class=\"aligncenter size-full wp-image-468\" src=\"http:\/\/www.laser-maker.com\/wp-content\/uploads\/2018\/09\/dpss-532nm-2w_1.jpg\" alt=\"\" width=\"500\" height=\"500\" srcset=\"https:\/\/www.laser-maker.com\/wp-content\/uploads\/2018\/09\/dpss-532nm-2w_1.jpg 500w, https:\/\/www.laser-maker.com\/wp-content\/uploads\/2018\/09\/dpss-532nm-2w_1-150x150.jpg 150w, https:\/\/www.laser-maker.com\/wp-content\/uploads\/2018\/09\/dpss-532nm-2w_1-300x300.jpg 300w, https:\/\/www.laser-maker.com\/wp-content\/uploads\/2018\/09\/dpss-532nm-2w_1-65x65.jpg 65w\" sizes=\"auto, (max-width: 500px) 100vw, 500px\" \/><\/p>\n<p><a href=\"http:\/\/www.laser-maker.com\/index.php\/current-projects\/quad-laser-project\/\">Quad Laser project<\/a><\/p>\n","protected":false},"excerpt":{"rendered":"<p>The green laser chosen for this project is a DPSS. This is an IR laser whose frequency is doubled with a crystal. The goal is to obtain a green laser whose wavelength is closest to the maximum of human sensitivity (about 550nm) Le laser vert choisi pour ce projet est un DPSS. Il s&#8217;agit d&#8217;un [&hellip;]<\/p>\n","protected":false},"author":1,"featured_media":0,"parent":369,"menu_order":0,"comment_status":"closed","ping_status":"closed","template":"","meta":{"footnotes":""},"class_list":["post-466","page","type-page","status-publish","hentry"],"_links":{"self":[{"href":"https:\/\/www.laser-maker.com\/index.php\/wp-json\/wp\/v2\/pages\/466","targetHints":{"allow":["GET"]}}],"collection":[{"href":"https:\/\/www.laser-maker.com\/index.php\/wp-json\/wp\/v2\/pages"}],"about":[{"href":"https:\/\/www.laser-maker.com\/index.php\/wp-json\/wp\/v2\/types\/page"}],"author":[{"embeddable":true,"href":"https:\/\/www.laser-maker.com\/index.php\/wp-json\/wp\/v2\/users\/1"}],"replies":[{"embeddable":true,"href":"https:\/\/www.laser-maker.com\/index.php\/wp-json\/wp\/v2\/comments?post=466"}],"version-history":[{"count":9,"href":"https:\/\/www.laser-maker.com\/index.php\/wp-json\/wp\/v2\/pages\/466\/revisions"}],"predecessor-version":[{"id":1187,"href":"https:\/\/www.laser-maker.com\/index.php\/wp-json\/wp\/v2\/pages\/466\/revisions\/1187"}],"up":[{"embeddable":true,"href":"https:\/\/www.laser-maker.com\/index.php\/wp-json\/wp\/v2\/pages\/369"}],"wp:attachment":[{"href":"https:\/\/www.laser-maker.com\/index.php\/wp-json\/wp\/v2\/media?parent=466"}],"curies":[{"name":"wp","href":"https:\/\/api.w.org\/{rel}","templated":true}]}}