{"id":461,"date":"2018-09-23T14:08:05","date_gmt":"2018-09-23T12:08:05","guid":{"rendered":"http:\/\/www.laser-maker.com\/?page_id=461"},"modified":"2019-04-18T12:24:30","modified_gmt":"2019-04-18T10:24:30","slug":"kvant-1w-445nm","status":"publish","type":"page","link":"https:\/\/www.laser-maker.com\/index.php\/current-projects\/quad-laser-project\/kvant-1w-445nm\/","title":{"rendered":"Kvant 445nm purple diode &#8211; 1W"},"content":{"rendered":"<p><a href=\"http:\/\/www.laser-maker.com\/wp-content\/uploads\/2018\/09\/BackToBasics0691.jpg\"><img loading=\"lazy\" decoding=\"async\" class=\"aligncenter size-medium wp-image-554\" src=\"http:\/\/www.laser-maker.com\/wp-content\/uploads\/2018\/09\/BackToBasics0691-300x200.jpg\" alt=\"\" width=\"300\" height=\"200\" srcset=\"https:\/\/www.laser-maker.com\/wp-content\/uploads\/2018\/09\/BackToBasics0691-300x200.jpg 300w, https:\/\/www.laser-maker.com\/wp-content\/uploads\/2018\/09\/BackToBasics0691-768x511.jpg 768w, https:\/\/www.laser-maker.com\/wp-content\/uploads\/2018\/09\/BackToBasics0691.jpg 799w\" sizes=\"auto, (max-width: 300px) 100vw, 300px\" \/><span id=\"result_box\" class=\"\" lang=\"en\" tabindex=\"-1\"><\/span><\/a><\/p>\n<p><span id=\"result_box\" class=\"\" lang=\"en\" style=\"color: #00ccff;\" tabindex=\"-1\"><span class=\"\">Here is a Kvant laser diode with a power of 1W and a purple color<\/span><\/span><\/p>\n<p><span style=\"color: #33cccc;\">Voici une diode laser Kvant d&#8217;une puissance de 1W et d&#8217;une couleur violet<\/span><\/p>\n<p><span id=\"result_box\" class=\"\" lang=\"en\" tabindex=\"-1\"><span class=\"\">\u00a0<\/span><\/span><\/p>\n<p><a href=\"http:\/\/www.laser-maker.com\/wp-content\/uploads\/2018\/09\/BLM-1000B.jpg\"><img loading=\"lazy\" decoding=\"async\" class=\"aligncenter wp-image-462 size-medium\" src=\"http:\/\/www.laser-maker.com\/wp-content\/uploads\/2018\/09\/BLM-1000B-300x225.jpg\" alt=\"\" width=\"300\" height=\"225\" srcset=\"https:\/\/www.laser-maker.com\/wp-content\/uploads\/2018\/09\/BLM-1000B-300x225.jpg 300w, https:\/\/www.laser-maker.com\/wp-content\/uploads\/2018\/09\/BLM-1000B-320x240.jpg 320w, https:\/\/www.laser-maker.com\/wp-content\/uploads\/2018\/09\/BLM-1000B.jpg 733w\" sizes=\"auto, (max-width: 300px) 100vw, 300px\" \/><\/a><\/p>\n<p><span id=\"result_box\" class=\"\" lang=\"en\" style=\"color: #00ccff;\" tabindex=\"-1\">This source has a good optical quality and the advantage of being really small.<br \/>\nIn the context of this project it&#8217;s a very good thing because the diode will be placed between the blue and the red turned at 90 \u00b0<\/span><\/p>\n<p><span style=\"color: #33cccc;\">Cette source a une bonne qualit\u00e9 optique et l&#8217;avantage d&#8217;\u00eatre vraiment petite.<\/span><br \/>\n<span style=\"color: #33cccc;\">Dans le cadre de ce projet c&#8217;est une tr\u00e8s bonne chose car la diode va \u00eatre plac\u00e9e entre le bleu et le rouge tourn\u00e9 \u00e0 90\u00b0<\/span><\/p>\n<p><span style=\"color: #00ccff;\">Specs:<\/span><\/p>\n<p><span style=\"color: #00ccff;\">Power &gt; 1000mW<\/span><\/p>\n<p><span style=\"color: #00ccff;\">Beam size: 3 x 3 mm<\/span><\/p>\n<p><span style=\"color: #00ccff;\">Divergence: 1.4mRad Horizontal 0.6 Vertical<\/span><\/p>\n<p><span style=\"color: #00ccff;\">Linear polarization<\/span><\/p>\n<p><span style=\"color: #00ccff;\">M2 factor : 7 Horizontal 3 Vertical<\/span><\/p>\n<p><span style=\"color: #00ccff;\">Analog modulation speed &gt;30Khz<\/span><\/p>\n<p>&nbsp;<\/p>\n<p><span style=\"color: #00ccff;\">Then now we can fix this laser to the beam table and test with the 2 &#8220;blue&#8221; lasers!<\/span><\/p>\n<p><span style=\"color: #33cccc;\">C&#8217;est maintenant le moment de r\u00e9aliser le premier test avec les 2 lasers &#8220;bleus&#8221;!<\/span><\/p>\n<p><a href=\"http:\/\/www.laser-maker.com\/wp-content\/uploads\/2018\/09\/assemblage-bleu-violet-Copie.jpg\"><img loading=\"lazy\" decoding=\"async\" class=\"aligncenter wp-image-496 size-medium\" src=\"http:\/\/www.laser-maker.com\/wp-content\/uploads\/2018\/09\/assemblage-bleu-violet-Copie-242x300.jpg\" alt=\"\" width=\"242\" height=\"300\" srcset=\"https:\/\/www.laser-maker.com\/wp-content\/uploads\/2018\/09\/assemblage-bleu-violet-Copie-242x300.jpg 242w, https:\/\/www.laser-maker.com\/wp-content\/uploads\/2018\/09\/assemblage-bleu-violet-Copie-768x954.jpg 768w, https:\/\/www.laser-maker.com\/wp-content\/uploads\/2018\/09\/assemblage-bleu-violet-Copie-825x1024.jpg 825w, https:\/\/www.laser-maker.com\/wp-content\/uploads\/2018\/09\/assemblage-bleu-violet-Copie.jpg 1224w\" sizes=\"auto, (max-width: 242px) 100vw, 242px\" \/><\/a><a href=\"http:\/\/www.laser-maker.com\/index.php\/current-projects\/quad-laser-project\/\">Quad Laser project<\/a><\/p>\n","protected":false},"excerpt":{"rendered":"<p>Here is a Kvant laser diode with a power of 1W and a purple color Voici une diode laser Kvant d&#8217;une puissance de 1W et d&#8217;une couleur violet \u00a0 This source has a good optical quality and the advantage of being really small. In the context of this project it&#8217;s a very good thing because [&hellip;]<\/p>\n","protected":false},"author":1,"featured_media":0,"parent":369,"menu_order":0,"comment_status":"closed","ping_status":"closed","template":"","meta":{"footnotes":""},"class_list":["post-461","page","type-page","status-publish","hentry"],"_links":{"self":[{"href":"https:\/\/www.laser-maker.com\/index.php\/wp-json\/wp\/v2\/pages\/461","targetHints":{"allow":["GET"]}}],"collection":[{"href":"https:\/\/www.laser-maker.com\/index.php\/wp-json\/wp\/v2\/pages"}],"about":[{"href":"https:\/\/www.laser-maker.com\/index.php\/wp-json\/wp\/v2\/types\/page"}],"author":[{"embeddable":true,"href":"https:\/\/www.laser-maker.com\/index.php\/wp-json\/wp\/v2\/users\/1"}],"replies":[{"embeddable":true,"href":"https:\/\/www.laser-maker.com\/index.php\/wp-json\/wp\/v2\/comments?post=461"}],"version-history":[{"count":14,"href":"https:\/\/www.laser-maker.com\/index.php\/wp-json\/wp\/v2\/pages\/461\/revisions"}],"predecessor-version":[{"id":1189,"href":"https:\/\/www.laser-maker.com\/index.php\/wp-json\/wp\/v2\/pages\/461\/revisions\/1189"}],"up":[{"embeddable":true,"href":"https:\/\/www.laser-maker.com\/index.php\/wp-json\/wp\/v2\/pages\/369"}],"wp:attachment":[{"href":"https:\/\/www.laser-maker.com\/index.php\/wp-json\/wp\/v2\/media?parent=461"}],"curies":[{"name":"wp","href":"https:\/\/api.w.org\/{rel}","templated":true}]}}