{"id":436,"date":"2018-09-23T12:13:53","date_gmt":"2018-09-23T10:13:53","guid":{"rendered":"http:\/\/www.laser-maker.com\/?page_id=436"},"modified":"2019-04-18T12:23:46","modified_gmt":"2019-04-18T10:23:46","slug":"dual-beam-473-dpss","status":"publish","type":"page","link":"https:\/\/www.laser-maker.com\/index.php\/current-projects\/quad-laser-project\/dual-beam-473-dpss\/","title":{"rendered":"RGBsys 473nm dual beam DPSS &#8211; 1\/4W"},"content":{"rendered":"<p style=\"text-align: left;\"><span id=\"result_box\" class=\"\" lang=\"en\" style=\"color: #00ccff;\" tabindex=\"-1\"><span class=\"\">The Quad Laser workbench is a dual beam DPSS blue laser.<\/span><br \/>\n<span class=\"\">This one has a power of only 250mW but being of very good optical quality, this laser can easily compete with the purple diode of 1000mW.<\/span><\/span><\/p>\n<p style=\"text-align: left;\"><span style=\"color: #33cccc;\">La base de travail du Quad Laser est un laser bleu DPSS double faisceau.<\/span><br \/>\n<span style=\"color: #33cccc;\">Celui-ci fait une puissance de seulement 250mW mais \u00e9tant de tr\u00e8s bonne qualit\u00e9 optique, ce laser peut concurrencer sans probl\u00e8me la diode violette de 1000mW.<\/span><\/p>\n<p style=\"text-align: center;\"><a href=\"http:\/\/www.laser-maker.com\/wp-content\/uploads\/2018\/09\/head2.jpg\"><img loading=\"lazy\" decoding=\"async\" class=\"aligncenter wp-image-442 size-medium\" src=\"http:\/\/www.laser-maker.com\/wp-content\/uploads\/2018\/09\/head2-300x170.jpg\" alt=\"\" width=\"300\" height=\"170\" srcset=\"https:\/\/www.laser-maker.com\/wp-content\/uploads\/2018\/09\/head2-300x170.jpg 300w, https:\/\/www.laser-maker.com\/wp-content\/uploads\/2018\/09\/head2-768x435.jpg 768w, https:\/\/www.laser-maker.com\/wp-content\/uploads\/2018\/09\/head2.jpg 848w\" sizes=\"auto, (max-width: 300px) 100vw, 300px\" \/><\/a><\/p>\n<p style=\"text-align: center;\"><span id=\"result_box\" class=\"short_text\" lang=\"en\" style=\"color: #00ccff;\" tabindex=\"-1\"><span class=\"\">Here is the test without optical collimator<\/span><\/span><\/p>\n<p style=\"text-align: center;\"><span style=\"color: #33cccc;\">Voici le test sans optique collimateur<\/span><\/p>\n<p><a href=\"http:\/\/www.laser-maker.com\/wp-content\/uploads\/2018\/09\/no-col.jpg\"><img loading=\"lazy\" decoding=\"async\" class=\"alignnone wp-image-439 size-medium\" src=\"http:\/\/www.laser-maker.com\/wp-content\/uploads\/2018\/09\/no-col-300x211.jpg\" alt=\"\" width=\"300\" height=\"211\" srcset=\"https:\/\/www.laser-maker.com\/wp-content\/uploads\/2018\/09\/no-col-300x211.jpg 300w, https:\/\/www.laser-maker.com\/wp-content\/uploads\/2018\/09\/no-col-768x539.jpg 768w, https:\/\/www.laser-maker.com\/wp-content\/uploads\/2018\/09\/no-col-1024x719.jpg 1024w, https:\/\/www.laser-maker.com\/wp-content\/uploads\/2018\/09\/no-col.jpg 1778w\" sizes=\"auto, (max-width: 300px) 100vw, 300px\" \/><\/a> <a href=\"http:\/\/www.laser-maker.com\/wp-content\/uploads\/2018\/09\/nocol2.jpg\">\u00a0<\/a><a href=\"http:\/\/www.laser-maker.com\/wp-content\/uploads\/2018\/09\/nocol2.jpg\"><img loading=\"lazy\" decoding=\"async\" class=\"alignnone wp-image-440 size-medium\" src=\"http:\/\/www.laser-maker.com\/wp-content\/uploads\/2018\/09\/nocol2-300x137.jpg\" alt=\"\" width=\"300\" height=\"137\" srcset=\"https:\/\/www.laser-maker.com\/wp-content\/uploads\/2018\/09\/nocol2-300x137.jpg 300w, https:\/\/www.laser-maker.com\/wp-content\/uploads\/2018\/09\/nocol2-768x351.jpg 768w, https:\/\/www.laser-maker.com\/wp-content\/uploads\/2018\/09\/nocol2-1024x468.jpg 1024w\" sizes=\"auto, (max-width: 300px) 100vw, 300px\" \/><\/a><\/p>\n<p style=\"text-align: center;\"><span id=\"result_box\" class=\"\" lang=\"en\" style=\"color: #00ccff;\" tabindex=\"-1\"><span class=\"\">And now with optics.<\/span> <span class=\"\">It will align the beams but as they are shifted very slightly then we remove a lot of divergence<\/span><\/span><\/p>\n<p style=\"text-align: center;\"><span style=\"color: #33cccc;\">Et maintenant avec l&#8217;optique. Celle-ci va aligner les faisceaux mais comme ceux-ci sont d\u00e9cal\u00e9s tr\u00e8s l\u00e9g\u00e8rement alors on supprime beaucoup de divergence<\/span><a href=\"http:\/\/www.laser-maker.com\/wp-content\/uploads\/2018\/09\/dual-beamcollimator.jpg\"><img loading=\"lazy\" decoding=\"async\" class=\"aligncenter wp-image-441 size-medium\" src=\"http:\/\/www.laser-maker.com\/wp-content\/uploads\/2018\/09\/dual-beamcollimator-214x300.jpg\" alt=\"\" width=\"214\" height=\"300\" srcset=\"https:\/\/www.laser-maker.com\/wp-content\/uploads\/2018\/09\/dual-beamcollimator-214x300.jpg 214w, https:\/\/www.laser-maker.com\/wp-content\/uploads\/2018\/09\/dual-beamcollimator-768x1077.jpg 768w, https:\/\/www.laser-maker.com\/wp-content\/uploads\/2018\/09\/dual-beamcollimator-730x1024.jpg 730w\" sizes=\"auto, (max-width: 214px) 100vw, 214px\" \/><\/a><\/p>\n<p style=\"text-align: center;\"><span id=\"result_box\" class=\"\" lang=\"en\" style=\"color: #00ccff;\" tabindex=\"-1\">Below is a double beam laser of another brand (Melles Griot)<\/span><\/p>\n<p style=\"text-align: center;\"><span style=\"color: #33cccc;\">Ci-dessous on trouve un laser double faisceau d&#8217;une autre marque (Melles Griot)<\/span><\/p>\n<p style=\"text-align: center;\"><a href=\"http:\/\/www.laser-maker.com\/wp-content\/uploads\/2018\/09\/58bld-1.jpg\"><img loading=\"lazy\" decoding=\"async\" class=\"aligncenter wp-image-446 size-medium\" src=\"http:\/\/www.laser-maker.com\/wp-content\/uploads\/2018\/09\/58bld-1-300x107.jpg\" alt=\"\" width=\"300\" height=\"107\" srcset=\"https:\/\/www.laser-maker.com\/wp-content\/uploads\/2018\/09\/58bld-1-300x107.jpg 300w, https:\/\/www.laser-maker.com\/wp-content\/uploads\/2018\/09\/58bld-1-768x275.jpg 768w, https:\/\/www.laser-maker.com\/wp-content\/uploads\/2018\/09\/58bld-1-1024x366.jpg 1024w, https:\/\/www.laser-maker.com\/wp-content\/uploads\/2018\/09\/58bld-1.jpg 1188w\" sizes=\"auto, (max-width: 300px) 100vw, 300px\" \/><\/a><span style=\"color: #00ccff;\">Then now we can fix it on the beam table<\/span><\/p>\n<p style=\"text-align: center;\"><span style=\"color: #33cccc;\">C&#8217;est maintenant le moment de le placer sur la beam table<\/span><\/p>\n<p><span id=\"result_box\" class=\"\" lang=\"en\" tabindex=\"-1\"><span class=\"\"><a href=\"http:\/\/www.laser-maker.com\/wp-content\/uploads\/2018\/09\/20151121_131155.jpg\"><img loading=\"lazy\" decoding=\"async\" class=\"aligncenter wp-image-493 size-medium\" src=\"http:\/\/www.laser-maker.com\/wp-content\/uploads\/2018\/09\/20151121_131155-300x212.jpg\" alt=\"\" width=\"300\" height=\"212\" srcset=\"https:\/\/www.laser-maker.com\/wp-content\/uploads\/2018\/09\/20151121_131155-300x212.jpg 300w, https:\/\/www.laser-maker.com\/wp-content\/uploads\/2018\/09\/20151121_131155-768x543.jpg 768w, https:\/\/www.laser-maker.com\/wp-content\/uploads\/2018\/09\/20151121_131155-1024x725.jpg 1024w, https:\/\/www.laser-maker.com\/wp-content\/uploads\/2018\/09\/20151121_131155.jpg 1628w\" sizes=\"auto, (max-width: 300px) 100vw, 300px\" \/><\/a><\/span><\/span><\/p>\n<p><a href=\"http:\/\/www.laser-maker.com\/index.php\/current-projects\/quad-laser-project\/\">Quad Laser project<\/a><\/p>\n","protected":false},"excerpt":{"rendered":"<p>The Quad Laser workbench is a dual beam DPSS blue laser. This one has a power of only 250mW but being of very good optical quality, this laser can easily compete with the purple diode of 1000mW. La base de travail du Quad Laser est un laser bleu DPSS double faisceau. Celui-ci fait une puissance [&hellip;]<\/p>\n","protected":false},"author":1,"featured_media":0,"parent":369,"menu_order":0,"comment_status":"closed","ping_status":"closed","template":"","meta":{"footnotes":""},"class_list":["post-436","page","type-page","status-publish","hentry"],"_links":{"self":[{"href":"https:\/\/www.laser-maker.com\/index.php\/wp-json\/wp\/v2\/pages\/436","targetHints":{"allow":["GET"]}}],"collection":[{"href":"https:\/\/www.laser-maker.com\/index.php\/wp-json\/wp\/v2\/pages"}],"about":[{"href":"https:\/\/www.laser-maker.com\/index.php\/wp-json\/wp\/v2\/types\/page"}],"author":[{"embeddable":true,"href":"https:\/\/www.laser-maker.com\/index.php\/wp-json\/wp\/v2\/users\/1"}],"replies":[{"embeddable":true,"href":"https:\/\/www.laser-maker.com\/index.php\/wp-json\/wp\/v2\/comments?post=436"}],"version-history":[{"count":19,"href":"https:\/\/www.laser-maker.com\/index.php\/wp-json\/wp\/v2\/pages\/436\/revisions"}],"predecessor-version":[{"id":1188,"href":"https:\/\/www.laser-maker.com\/index.php\/wp-json\/wp\/v2\/pages\/436\/revisions\/1188"}],"up":[{"embeddable":true,"href":"https:\/\/www.laser-maker.com\/index.php\/wp-json\/wp\/v2\/pages\/369"}],"wp:attachment":[{"href":"https:\/\/www.laser-maker.com\/index.php\/wp-json\/wp\/v2\/media?parent=436"}],"curies":[{"name":"wp","href":"https:\/\/api.w.org\/{rel}","templated":true}]}}