{"id":159,"date":"2018-09-21T18:37:37","date_gmt":"2018-09-21T18:37:37","guid":{"rendered":"http:\/\/www.laser-maker.com\/?page_id=159"},"modified":"2018-10-10T20:06:16","modified_gmt":"2018-10-10T18:06:16","slug":"meditec-alc68-psu-test","status":"publish","type":"page","link":"https:\/\/www.laser-maker.com\/index.php\/old-projects-pages\/meditec-alc68-psu-test\/","title":{"rendered":"Meditec ALC68 test (2006)"},"content":{"rendered":"<p><span style=\"color: #00ccff;\">Here is a test of the Meditec EIL-4000 power supply<\/span><br \/>\n<span style=\"color: #00ccff;\">This allows the use of lasers 68C, 909, Meditec, etc.<\/span><br \/>\n<span style=\"color: #00ccff;\">The connection is made on a 230V \/ single phase \/ 32 Amp outlet.<\/span><br \/>\n<span style=\"color: #00ccff;\">A 9Kw counter should be using a GFCI<\/span><\/p>\n<p><span style=\"color: #33cccc;\">Voici un test de l&#8217;alimentation Meditec EIL-4000<\/span><br \/>\n<span style=\"color: #33cccc;\">Celle-ci permet l&#8217;utilisation de lasers 68C, 909, Meditec, etc..<\/span><br \/>\n<span style=\"color: #33cccc;\">Le branchement se fait sur une prise 230V \/ simple phase \/ 32 Amp.<\/span><br \/>\n<span style=\"color: #33cccc;\">Un compteur EDF de 9Kw convient \u00e0 l&#8217;aide d&#8217;un disjoncteur diff\u00e9rentiel<\/span><\/p>\n<p>&nbsp;<\/p>\n<p style=\"text-align: center;\"><span style=\"color: #00ccff;\">The facade is simple but it feels German solid material!<\/span><br \/>\n<span style=\"color: #33cccc;\">La facade est simple mais ca sent le mat\u00e9riel solide Allemand!<\/span><\/p>\n<p><a href=\"http:\/\/www.laser-maker.com\/wp-content\/uploads\/2018\/09\/alim-1.jpg\"><img loading=\"lazy\" decoding=\"async\" class=\"aligncenter wp-image-164 size-medium\" src=\"http:\/\/www.laser-maker.com\/wp-content\/uploads\/2018\/09\/alim-1-300x175.jpg\" alt=\"\" width=\"300\" height=\"175\" srcset=\"https:\/\/www.laser-maker.com\/wp-content\/uploads\/2018\/09\/alim-1-300x175.jpg 300w, https:\/\/www.laser-maker.com\/wp-content\/uploads\/2018\/09\/alim-1-768x448.jpg 768w, https:\/\/www.laser-maker.com\/wp-content\/uploads\/2018\/09\/alim-1.jpg 1024w\" sizes=\"auto, (max-width: 300px) 100vw, 300px\" \/><\/a><\/p>\n<p style=\"text-align: center;\"><span style=\"color: #00ccff;\">On the right we can see the interior, it looks like the audio amplifiers &#8230;<\/span><br \/>\n<span style=\"color: #33cccc;\">A droite on voit bien l&#8217;int\u00e9rieur, ca ressemble fort aux amplis audio&#8230;<\/span><\/p>\n<p><a href=\"http:\/\/www.laser-maker.com\/wp-content\/uploads\/2018\/09\/alim-2.jpg\"><img loading=\"lazy\" decoding=\"async\" class=\"aligncenter wp-image-165 size-medium\" src=\"http:\/\/www.laser-maker.com\/wp-content\/uploads\/2018\/09\/alim-2-300x225.jpg\" alt=\"\" width=\"300\" height=\"225\" srcset=\"https:\/\/www.laser-maker.com\/wp-content\/uploads\/2018\/09\/alim-2-300x225.jpg 300w, https:\/\/www.laser-maker.com\/wp-content\/uploads\/2018\/09\/alim-2-768x576.jpg 768w, https:\/\/www.laser-maker.com\/wp-content\/uploads\/2018\/09\/alim-2.jpg 1024w\" sizes=\"auto, (max-width: 300px) 100vw, 300px\" \/><\/a><\/p>\n<p style=\"text-align: center;\"><span style=\"color: #00ccff;\">Make an attentive and solid connection! We can see the command db9<\/span><br \/>\n<span style=\"color: #33cccc;\">R\u00e9aliser un branchement attentif et solide! On peut voir le db9 de commande<\/span><\/p>\n<p><a href=\"http:\/\/www.laser-maker.com\/wp-content\/uploads\/2018\/09\/alim-3.jpg\"><img loading=\"lazy\" decoding=\"async\" class=\"aligncenter wp-image-166 size-medium\" src=\"http:\/\/www.laser-maker.com\/wp-content\/uploads\/2018\/09\/alim-3-300x225.jpg\" alt=\"\" width=\"300\" height=\"225\" srcset=\"https:\/\/www.laser-maker.com\/wp-content\/uploads\/2018\/09\/alim-3-300x225.jpg 300w, https:\/\/www.laser-maker.com\/wp-content\/uploads\/2018\/09\/alim-3-768x576.jpg 768w, https:\/\/www.laser-maker.com\/wp-content\/uploads\/2018\/09\/alim-3.jpg 1024w\" sizes=\"auto, (max-width: 300px) 100vw, 300px\" \/><\/a><\/p>\n<p style=\"text-align: center;\"><span style=\"color: #00ccff;\">The test setup, without a remote control, so at a minimum<\/span><br \/>\n<span style=\"color: #33cccc;\">La configuration de test, sans t\u00e9l\u00e9commande, donc au minimum<\/span><\/p>\n<p><a href=\"http:\/\/www.laser-maker.com\/wp-content\/uploads\/2018\/09\/alim-4.jpg\"><img loading=\"lazy\" decoding=\"async\" class=\"aligncenter wp-image-167 size-medium\" src=\"http:\/\/www.laser-maker.com\/wp-content\/uploads\/2018\/09\/alim-4-300x225.jpg\" alt=\"\" width=\"300\" height=\"225\" srcset=\"https:\/\/www.laser-maker.com\/wp-content\/uploads\/2018\/09\/alim-4-300x225.jpg 300w, https:\/\/www.laser-maker.com\/wp-content\/uploads\/2018\/09\/alim-4-768x576.jpg 768w, https:\/\/www.laser-maker.com\/wp-content\/uploads\/2018\/09\/alim-4.jpg 1024w\" sizes=\"auto, (max-width: 300px) 100vw, 300px\" \/><\/a><\/p>\n<p style=\"text-align: center;\"><span style=\"color: #00ccff;\">The remote control schematic<\/span><\/p>\n<p style=\"text-align: center;\"><span style=\"color: #33cccc;\">Le sch\u00e9ma de la t\u00e9l\u00e9commande<\/span><\/p>\n<p style=\"text-align: center;\"><a href=\"http:\/\/www.laser-maker.com\/wp-content\/uploads\/2018\/09\/SCHEMA-COMMANDE.gif\"><img loading=\"lazy\" decoding=\"async\" class=\"aligncenter wp-image-160 size-medium\" src=\"http:\/\/www.laser-maker.com\/wp-content\/uploads\/2018\/09\/SCHEMA-COMMANDE-300x250.gif\" alt=\"\" width=\"300\" height=\"250\" \/><\/a><\/p>\n<p style=\"text-align: center;\"><span style=\"color: #00ccff;\">The current flowing in the tube is 13.8 Amperes<\/span><br \/>\n<span style=\"color: #33cccc;\">Le courant qui circule dans le tube est de 13.8 Amp\u00e8res<\/span><\/p>\n<p><a href=\"http:\/\/www.laser-maker.com\/wp-content\/uploads\/2018\/09\/alim-6.jpg\"><img loading=\"lazy\" decoding=\"async\" class=\"aligncenter wp-image-161 size-medium\" src=\"http:\/\/www.laser-maker.com\/wp-content\/uploads\/2018\/09\/alim-6-300x225.jpg\" alt=\"\" width=\"300\" height=\"225\" srcset=\"https:\/\/www.laser-maker.com\/wp-content\/uploads\/2018\/09\/alim-6-300x225.jpg 300w, https:\/\/www.laser-maker.com\/wp-content\/uploads\/2018\/09\/alim-6-768x576.jpg 768w, https:\/\/www.laser-maker.com\/wp-content\/uploads\/2018\/09\/alim-6.jpg 1024w\" sizes=\"auto, (max-width: 300px) 100vw, 300px\" \/><\/a><\/p>\n<p style=\"text-align: center;\"><span style=\"color: #00ccff;\">A diffraction at high tube current, for the pleasure of the eyes!<\/span><br \/>\n<span style=\"color: #33cccc;\">Une diffraction \u00e0 ce courant de tube, pour le plaisir des yeux!<\/span><\/p>\n<p style=\"text-align: center;\"><a href=\"http:\/\/www.laser-maker.com\/wp-content\/uploads\/2018\/09\/alim-7.jpg\"><img loading=\"lazy\" decoding=\"async\" class=\"aligncenter wp-image-162 size-medium\" src=\"http:\/\/www.laser-maker.com\/wp-content\/uploads\/2018\/09\/alim-7-300x269.jpg\" alt=\"\" width=\"300\" height=\"269\" srcset=\"https:\/\/www.laser-maker.com\/wp-content\/uploads\/2018\/09\/alim-7-300x269.jpg 300w, https:\/\/www.laser-maker.com\/wp-content\/uploads\/2018\/09\/alim-7-768x687.jpg 768w, https:\/\/www.laser-maker.com\/wp-content\/uploads\/2018\/09\/alim-7-1024x917.jpg 1024w, https:\/\/www.laser-maker.com\/wp-content\/uploads\/2018\/09\/alim-7.jpg 1029w\" sizes=\"auto, (max-width: 300px) 100vw, 300px\" \/><\/a><\/p>\n<p style=\"text-align: center;\"><span style=\"color: #00ccff;\">The laser tube does not lack power<\/span><br \/>\n<span style=\"color: #33cccc;\">Le tube laser ne manque pas de puissance<\/span><\/p>\n<p><a href=\"http:\/\/www.laser-maker.com\/wp-content\/uploads\/2018\/09\/alim-8.jpg\"><img loading=\"lazy\" decoding=\"async\" class=\"aligncenter wp-image-163 size-medium\" src=\"http:\/\/www.laser-maker.com\/wp-content\/uploads\/2018\/09\/alim-8-300x225.jpg\" alt=\"\" width=\"300\" height=\"225\" srcset=\"https:\/\/www.laser-maker.com\/wp-content\/uploads\/2018\/09\/alim-8-300x225.jpg 300w, https:\/\/www.laser-maker.com\/wp-content\/uploads\/2018\/09\/alim-8-768x576.jpg 768w, https:\/\/www.laser-maker.com\/wp-content\/uploads\/2018\/09\/alim-8.jpg 1024w\" sizes=\"auto, (max-width: 300px) 100vw, 300px\" \/><\/a><\/p>\n","protected":false},"excerpt":{"rendered":"<p>Here is a test of the Meditec EIL-4000 power supply This allows the use of lasers 68C, 909, Meditec, etc. The connection is made on a 230V \/ single phase \/ 32 Amp outlet. A 9Kw counter should be using a GFCI Voici un test de l&#8217;alimentation Meditec EIL-4000 Celle-ci permet l&#8217;utilisation de lasers 68C, [&hellip;]<\/p>\n","protected":false},"author":1,"featured_media":0,"parent":115,"menu_order":0,"comment_status":"closed","ping_status":"closed","template":"","meta":{"footnotes":""},"class_list":["post-159","page","type-page","status-publish","hentry"],"_links":{"self":[{"href":"https:\/\/www.laser-maker.com\/index.php\/wp-json\/wp\/v2\/pages\/159","targetHints":{"allow":["GET"]}}],"collection":[{"href":"https:\/\/www.laser-maker.com\/index.php\/wp-json\/wp\/v2\/pages"}],"about":[{"href":"https:\/\/www.laser-maker.com\/index.php\/wp-json\/wp\/v2\/types\/page"}],"author":[{"embeddable":true,"href":"https:\/\/www.laser-maker.com\/index.php\/wp-json\/wp\/v2\/users\/1"}],"replies":[{"embeddable":true,"href":"https:\/\/www.laser-maker.com\/index.php\/wp-json\/wp\/v2\/comments?post=159"}],"version-history":[{"count":7,"href":"https:\/\/www.laser-maker.com\/index.php\/wp-json\/wp\/v2\/pages\/159\/revisions"}],"predecessor-version":[{"id":901,"href":"https:\/\/www.laser-maker.com\/index.php\/wp-json\/wp\/v2\/pages\/159\/revisions\/901"}],"up":[{"embeddable":true,"href":"https:\/\/www.laser-maker.com\/index.php\/wp-json\/wp\/v2\/pages\/115"}],"wp:attachment":[{"href":"https:\/\/www.laser-maker.com\/index.php\/wp-json\/wp\/v2\/media?parent=159"}],"curies":[{"name":"wp","href":"https:\/\/api.w.org\/{rel}","templated":true}]}}