{"id":1501,"date":"2019-11-10T19:43:06","date_gmt":"2019-11-10T18:43:06","guid":{"rendered":"http:\/\/www.laser-maker.com\/?page_id=1501"},"modified":"2021-05-12T19:40:01","modified_gmt":"2021-05-12T17:40:01","slug":"upgrade-linux-laser-beta-5w","status":"publish","type":"page","link":"https:\/\/www.laser-maker.com\/index.php\/current-projects\/upgrade-linux-laser-beta-5w\/","title":{"rendered":"Linux laser beta &#8211; 5W"},"content":{"rendered":"<p style=\"text-align: center;\"><span style=\"color: #00ccff;\"><a href=\"http:\/\/www.laser-maker.com\/wp-content\/uploads\/2019\/11\/00.jpg\"><img loading=\"lazy\" decoding=\"async\" class=\"aligncenter size-large wp-image-1518\" src=\"http:\/\/www.laser-maker.com\/wp-content\/uploads\/2019\/11\/00-1024x390.jpg\" alt=\"\" width=\"900\" height=\"343\" srcset=\"https:\/\/www.laser-maker.com\/wp-content\/uploads\/2019\/11\/00-1024x390.jpg 1024w, https:\/\/www.laser-maker.com\/wp-content\/uploads\/2019\/11\/00-300x114.jpg 300w, https:\/\/www.laser-maker.com\/wp-content\/uploads\/2019\/11\/00-768x292.jpg 768w, https:\/\/www.laser-maker.com\/wp-content\/uploads\/2019\/11\/00.jpg 1800w\" sizes=\"auto, (max-width: 900px) 100vw, 900px\" \/><\/a>The projector will be updated to Linux Laser Beta<\/span><br \/>\n<span style=\"color: #33cccc;\">Le projecteur va \u00eatre converti en Beta Linux Laser<\/span><\/p>\n<p><a href=\"http:\/\/www.laser-maker.com\/wp-content\/uploads\/2019\/11\/0-RECUP.jpg\"><img loading=\"lazy\" decoding=\"async\" class=\"aligncenter size-medium wp-image-1502\" src=\"http:\/\/www.laser-maker.com\/wp-content\/uploads\/2019\/11\/0-RECUP-289x300.jpg\" alt=\"\" width=\"289\" height=\"300\" srcset=\"https:\/\/www.laser-maker.com\/wp-content\/uploads\/2019\/11\/0-RECUP-289x300.jpg 289w, https:\/\/www.laser-maker.com\/wp-content\/uploads\/2019\/11\/0-RECUP-768x798.jpg 768w, https:\/\/www.laser-maker.com\/wp-content\/uploads\/2019\/11\/0-RECUP-986x1024.jpg 986w, https:\/\/www.laser-maker.com\/wp-content\/uploads\/2019\/11\/0-RECUP.jpg 1637w\" sizes=\"auto, (max-width: 289px) 100vw, 289px\" \/><\/a><\/p>\n<p style=\"text-align: center;\"><span style=\"color: #00ccff;\">LD5 laser is back from a dusty rave party!<\/span><br \/>\n<span style=\"color: #33cccc;\">Le laser LD5 est de retour d&#8217;une teuf poussi\u00e9reuse!<\/span><\/p>\n<p style=\"text-align: center;\"><a href=\"http:\/\/www.laser-maker.com\/wp-content\/uploads\/2019\/11\/1.jpg\"><img loading=\"lazy\" decoding=\"async\" class=\"aligncenter wp-image-1503 size-medium\" src=\"http:\/\/www.laser-maker.com\/wp-content\/uploads\/2019\/11\/1-164x300.jpg\" alt=\"\" width=\"164\" height=\"300\" srcset=\"https:\/\/www.laser-maker.com\/wp-content\/uploads\/2019\/11\/1-164x300.jpg 164w, https:\/\/www.laser-maker.com\/wp-content\/uploads\/2019\/11\/1-768x1408.jpg 768w, https:\/\/www.laser-maker.com\/wp-content\/uploads\/2019\/11\/1-558x1024.jpg 558w, https:\/\/www.laser-maker.com\/wp-content\/uploads\/2019\/11\/1.jpg 927w\" sizes=\"auto, (max-width: 164px) 100vw, 164px\" \/><\/a><span style=\"color: #00ccff;\">The Linux laser uses an even better steel<\/span><br \/>\n<span style=\"color: #33cccc;\">Le Linux laser utilise un acier encore meilleur<\/span><\/p>\n<p style=\"text-align: center;\"><a href=\"http:\/\/www.laser-maker.com\/wp-content\/uploads\/2019\/11\/2.jpg\"><img loading=\"lazy\" decoding=\"async\" class=\"aligncenter wp-image-1504 size-medium\" src=\"http:\/\/www.laser-maker.com\/wp-content\/uploads\/2019\/11\/2-300x194.jpg\" alt=\"\" width=\"300\" height=\"194\" srcset=\"https:\/\/www.laser-maker.com\/wp-content\/uploads\/2019\/11\/2-300x194.jpg 300w, https:\/\/www.laser-maker.com\/wp-content\/uploads\/2019\/11\/2-768x497.jpg 768w, https:\/\/www.laser-maker.com\/wp-content\/uploads\/2019\/11\/2-1024x663.jpg 1024w, https:\/\/www.laser-maker.com\/wp-content\/uploads\/2019\/11\/2.jpg 1700w\" sizes=\"auto, (max-width: 300px) 100vw, 300px\" \/><\/a><span style=\"color: #33cccc;\"><span style=\"color: #00ccff;\">As usual I&#8217;m welding the ILDA buffer first<\/span><br \/>\nComme d&#8217;habitude je soude le tampon ILDA en premier<\/span><\/p>\n<p style=\"text-align: center;\"><a href=\"http:\/\/www.laser-maker.com\/wp-content\/uploads\/2019\/11\/3.jpg\"><img loading=\"lazy\" decoding=\"async\" class=\"aligncenter wp-image-1505 size-medium\" src=\"http:\/\/www.laser-maker.com\/wp-content\/uploads\/2019\/11\/3-268x300.jpg\" alt=\"\" width=\"268\" height=\"300\" srcset=\"https:\/\/www.laser-maker.com\/wp-content\/uploads\/2019\/11\/3-268x300.jpg 268w, https:\/\/www.laser-maker.com\/wp-content\/uploads\/2019\/11\/3-768x858.jpg 768w, https:\/\/www.laser-maker.com\/wp-content\/uploads\/2019\/11\/3-916x1024.jpg 916w, https:\/\/www.laser-maker.com\/wp-content\/uploads\/2019\/11\/3.jpg 1521w\" sizes=\"auto, (max-width: 268px) 100vw, 268px\" \/><\/a><span style=\"color: #00ccff;\">Use of automotive grade cable and heat-shrink sleeving<\/span><br \/>\n<span style=\"color: #33cccc;\">Utilisation de c\u00e2ble (grade automobile) et de gaines thermor\u00e9tractables<\/span><\/p>\n<p style=\"text-align: center;\"><a href=\"http:\/\/www.laser-maker.com\/wp-content\/uploads\/2019\/11\/4.png\"><img loading=\"lazy\" decoding=\"async\" class=\"aligncenter wp-image-1506 size-medium\" src=\"http:\/\/www.laser-maker.com\/wp-content\/uploads\/2019\/11\/4-300x165.png\" alt=\"\" width=\"300\" height=\"165\" srcset=\"https:\/\/www.laser-maker.com\/wp-content\/uploads\/2019\/11\/4-300x165.png 300w, https:\/\/www.laser-maker.com\/wp-content\/uploads\/2019\/11\/4-768x423.png 768w, https:\/\/www.laser-maker.com\/wp-content\/uploads\/2019\/11\/4-1024x564.png 1024w, https:\/\/www.laser-maker.com\/wp-content\/uploads\/2019\/11\/4.png 1700w\" sizes=\"auto, (max-width: 300px) 100vw, 300px\" \/><\/a><span style=\"color: #00ccff;\">Addition of a Faraday&#8217;s cage (TEKO) and oscilloscope tests<\/span><br \/>\n<span style=\"color: #33cccc;\">Ajout d&#8217;une cage de Faraday (TEKO) et tests \u00e0 l&#8217;oscilloscope<\/span><\/p>\n<p style=\"text-align: center;\"><a href=\"http:\/\/www.laser-maker.com\/wp-content\/uploads\/2019\/11\/5.jpg\"><img loading=\"lazy\" decoding=\"async\" class=\"aligncenter wp-image-1507 size-medium\" src=\"http:\/\/www.laser-maker.com\/wp-content\/uploads\/2019\/11\/5-300x225.jpg\" alt=\"\" width=\"300\" height=\"225\" srcset=\"https:\/\/www.laser-maker.com\/wp-content\/uploads\/2019\/11\/5-300x225.jpg 300w, https:\/\/www.laser-maker.com\/wp-content\/uploads\/2019\/11\/5-768x576.jpg 768w, https:\/\/www.laser-maker.com\/wp-content\/uploads\/2019\/11\/5-1024x768.jpg 1024w, https:\/\/www.laser-maker.com\/wp-content\/uploads\/2019\/11\/5-320x240.jpg 320w, https:\/\/www.laser-maker.com\/wp-content\/uploads\/2019\/11\/5.jpg 1700w\" sizes=\"auto, (max-width: 300px) 100vw, 300px\" \/><\/a><span style=\"color: #00ccff;\">Beginning of the new back panel<\/span><br \/>\n<span style=\"color: #33cccc;\">D\u00e9but du nouveau panneau arri\u00e8re<\/span><\/p>\n<p style=\"text-align: center;\"><a href=\"http:\/\/www.laser-maker.com\/wp-content\/uploads\/2019\/11\/6.jpg\"><img loading=\"lazy\" decoding=\"async\" class=\"aligncenter wp-image-1508 size-medium\" src=\"http:\/\/www.laser-maker.com\/wp-content\/uploads\/2019\/11\/6-300x201.jpg\" alt=\"\" width=\"300\" height=\"201\" srcset=\"https:\/\/www.laser-maker.com\/wp-content\/uploads\/2019\/11\/6-300x201.jpg 300w, https:\/\/www.laser-maker.com\/wp-content\/uploads\/2019\/11\/6-768x514.jpg 768w, https:\/\/www.laser-maker.com\/wp-content\/uploads\/2019\/11\/6-1024x685.jpg 1024w, https:\/\/www.laser-maker.com\/wp-content\/uploads\/2019\/11\/6.jpg 1700w\" sizes=\"auto, (max-width: 300px) 100vw, 300px\" \/><\/a><span style=\"color: #00ccff;\">The first floor is assembled with electronics V0.4<\/span><br \/>\n<span style=\"color: #33cccc;\">Le premier \u00e9tage est assembl\u00e9 avec l&#8217;\u00e9lectronique V0.4<\/span><a href=\"http:\/\/www.laser-maker.com\/wp-content\/uploads\/2019\/11\/7.jpg\"><img loading=\"lazy\" decoding=\"async\" class=\"aligncenter wp-image-1509 size-medium\" src=\"http:\/\/www.laser-maker.com\/wp-content\/uploads\/2019\/11\/7-300x150.jpg\" alt=\"\" width=\"300\" height=\"150\" srcset=\"https:\/\/www.laser-maker.com\/wp-content\/uploads\/2019\/11\/7-300x150.jpg 300w, https:\/\/www.laser-maker.com\/wp-content\/uploads\/2019\/11\/7-768x385.jpg 768w, https:\/\/www.laser-maker.com\/wp-content\/uploads\/2019\/11\/7-1024x513.jpg 1024w, https:\/\/www.laser-maker.com\/wp-content\/uploads\/2019\/11\/7.jpg 1486w\" sizes=\"auto, (max-width: 300px) 100vw, 300px\" \/><\/a><span style=\"color: #00ccff;\">The beam table is now ready to be mounted<\/span><br \/>\n<span style=\"color: #33cccc;\">Le banc optique est maintenant pr\u00eat \u00e0 \u00eatre mont\u00e9<\/span><\/p>\n<p style=\"text-align: center;\"><a href=\"http:\/\/www.laser-maker.com\/wp-content\/uploads\/2019\/11\/8.jpg\"><img loading=\"lazy\" decoding=\"async\" class=\"aligncenter wp-image-1510 size-medium\" src=\"http:\/\/www.laser-maker.com\/wp-content\/uploads\/2019\/11\/8-285x300.jpg\" alt=\"\" width=\"285\" height=\"300\" srcset=\"https:\/\/www.laser-maker.com\/wp-content\/uploads\/2019\/11\/8-285x300.jpg 285w, https:\/\/www.laser-maker.com\/wp-content\/uploads\/2019\/11\/8-768x809.jpg 768w, https:\/\/www.laser-maker.com\/wp-content\/uploads\/2019\/11\/8-972x1024.jpg 972w, https:\/\/www.laser-maker.com\/wp-content\/uploads\/2019\/11\/8.jpg 1613w\" sizes=\"auto, (max-width: 285px) 100vw, 285px\" \/><\/a><span style=\"color: #00ccff;\">The beam table is upside down to help the heat extraction by conduction<\/span><br \/>\n<span style=\"color: #33cccc;\">Le banc optique va \u00eatre retourn\u00e9 pour faciliter l&#8217;extraction de chaleur par conduction<\/span> <a href=\"http:\/\/www.laser-maker.com\/wp-content\/uploads\/2019\/11\/9.jpg\"><img loading=\"lazy\" decoding=\"async\" class=\"aligncenter wp-image-1511 size-medium\" src=\"http:\/\/www.laser-maker.com\/wp-content\/uploads\/2019\/11\/9-225x300.jpg\" alt=\"\" width=\"225\" height=\"300\" srcset=\"https:\/\/www.laser-maker.com\/wp-content\/uploads\/2019\/11\/9-225x300.jpg 225w, https:\/\/www.laser-maker.com\/wp-content\/uploads\/2019\/11\/9-768x1024.jpg 768w, https:\/\/www.laser-maker.com\/wp-content\/uploads\/2019\/11\/9.jpg 1275w\" sizes=\"auto, (max-width: 225px) 100vw, 225px\" \/><\/a><span style=\"color: #00ccff;\">Placing of anodic heatsinks for processors<\/span><br \/>\n<span style=\"color: #33cccc;\">Mise en place de dissipateurs anodis\u00e9s pour processeurs<\/span> <a href=\"http:\/\/www.laser-maker.com\/wp-content\/uploads\/2019\/11\/10.jpg\"><img loading=\"lazy\" decoding=\"async\" class=\"aligncenter wp-image-1512 size-medium\" src=\"http:\/\/www.laser-maker.com\/wp-content\/uploads\/2019\/11\/10-300x153.jpg\" alt=\"\" width=\"300\" height=\"153\" srcset=\"https:\/\/www.laser-maker.com\/wp-content\/uploads\/2019\/11\/10-300x153.jpg 300w, https:\/\/www.laser-maker.com\/wp-content\/uploads\/2019\/11\/10-768x393.jpg 768w, https:\/\/www.laser-maker.com\/wp-content\/uploads\/2019\/11\/10-1024x523.jpg 1024w, https:\/\/www.laser-maker.com\/wp-content\/uploads\/2019\/11\/10.jpg 1700w\" sizes=\"auto, (max-width: 300px) 100vw, 300px\" \/><\/a><span style=\"color: #00ccff;\">Connectors help for machine maintenance<\/span><br \/>\n<span style=\"color: #33cccc;\">Des connecteurs aident pour la maintenance de la machine<\/span> <a href=\"http:\/\/www.laser-maker.com\/wp-content\/uploads\/2019\/11\/20.jpg\"><img loading=\"lazy\" decoding=\"async\" class=\"aligncenter wp-image-1513 size-medium\" src=\"http:\/\/www.laser-maker.com\/wp-content\/uploads\/2019\/11\/20-300x268.jpg\" alt=\"\" width=\"300\" height=\"268\" srcset=\"https:\/\/www.laser-maker.com\/wp-content\/uploads\/2019\/11\/20-300x268.jpg 300w, https:\/\/www.laser-maker.com\/wp-content\/uploads\/2019\/11\/20-768x687.jpg 768w, https:\/\/www.laser-maker.com\/wp-content\/uploads\/2019\/11\/20-1024x916.jpg 1024w, https:\/\/www.laser-maker.com\/wp-content\/uploads\/2019\/11\/20.jpg 1700w\" sizes=\"auto, (max-width: 300px) 100vw, 300px\" \/><\/a><span style=\"color: #00ccff;\">The last floor of the beta version is finally finished<\/span><br \/>\n<span style=\"color: #33cccc;\">Le dernier \u00e9tage de la version beta est enfin termin\u00e9<\/span> <a href=\"http:\/\/www.laser-maker.com\/wp-content\/uploads\/2019\/11\/30.jpg\"><img loading=\"lazy\" decoding=\"async\" class=\"aligncenter wp-image-1514 size-medium\" src=\"http:\/\/www.laser-maker.com\/wp-content\/uploads\/2019\/11\/30-287x300.jpg\" alt=\"\" width=\"287\" height=\"300\" srcset=\"https:\/\/www.laser-maker.com\/wp-content\/uploads\/2019\/11\/30-287x300.jpg 287w, https:\/\/www.laser-maker.com\/wp-content\/uploads\/2019\/11\/30-768x802.jpg 768w, https:\/\/www.laser-maker.com\/wp-content\/uploads\/2019\/11\/30-981x1024.jpg 981w, https:\/\/www.laser-maker.com\/wp-content\/uploads\/2019\/11\/30.jpg 1628w\" sizes=\"auto, (max-width: 287px) 100vw, 287px\" \/><\/a><span style=\"color: #00ccff;\">Power up&#8230;<\/span><br \/>\n<span style=\"color: #33cccc;\">Allumage&#8230;<\/span> <a href=\"http:\/\/www.laser-maker.com\/wp-content\/uploads\/2019\/11\/40.jpg\"><img loading=\"lazy\" decoding=\"async\" class=\"aligncenter wp-image-1515 size-medium\" src=\"http:\/\/www.laser-maker.com\/wp-content\/uploads\/2019\/11\/40-300x159.jpg\" alt=\"\" width=\"300\" height=\"159\" srcset=\"https:\/\/www.laser-maker.com\/wp-content\/uploads\/2019\/11\/40-300x159.jpg 300w, https:\/\/www.laser-maker.com\/wp-content\/uploads\/2019\/11\/40-768x407.jpg 768w, https:\/\/www.laser-maker.com\/wp-content\/uploads\/2019\/11\/40-1024x543.jpg 1024w, https:\/\/www.laser-maker.com\/wp-content\/uploads\/2019\/11\/40.jpg 1700w\" sizes=\"auto, (max-width: 300px) 100vw, 300px\" \/><\/a><span style=\"color: #00ccff;\">Electronics is even faster<\/span><br \/>\n<span style=\"color: #33cccc;\">L&#8217;\u00e9lectronique est encore plus rapide<\/span> <a href=\"http:\/\/www.laser-maker.com\/wp-content\/uploads\/2019\/11\/50.jpg\"><img loading=\"lazy\" decoding=\"async\" class=\"aligncenter wp-image-1516 size-medium\" src=\"http:\/\/www.laser-maker.com\/wp-content\/uploads\/2019\/11\/50-300x225.jpg\" alt=\"\" width=\"300\" height=\"225\" srcset=\"https:\/\/www.laser-maker.com\/wp-content\/uploads\/2019\/11\/50-300x225.jpg 300w, https:\/\/www.laser-maker.com\/wp-content\/uploads\/2019\/11\/50-768x576.jpg 768w, https:\/\/www.laser-maker.com\/wp-content\/uploads\/2019\/11\/50-1024x768.jpg 1024w, https:\/\/www.laser-maker.com\/wp-content\/uploads\/2019\/11\/50-320x240.jpg 320w, https:\/\/www.laser-maker.com\/wp-content\/uploads\/2019\/11\/50.jpg 1700w\" sizes=\"auto, (max-width: 300px) 100vw, 300px\" \/><\/a><span style=\"color: #00ccff;\">The window should be better placed but it is suitable for an enclosure recycling<br \/>\nThis is because the enclosure was not designed for an upside down beam table<br \/>\n<\/span><\/p>\n<p style=\"text-align: center;\"><span style=\"color: #33cccc;\">La fen\u00eatre devrait \u00eatre mieux plac\u00e9e mais cela convient pour un recyclage de coffret<\/span><br \/>\n<span style=\"color: #33cccc;\">Ceci vient du fait que le coffret n&#8217;est pas pr\u00e9vu pour un usage retourn\u00e9 du banc optique<br \/>\n<\/span><\/p>\n<p style=\"text-align: center;\"><strong><a href=\"http:\/\/www.laser-maker.com\/index.php\/alos-project\/\">Project page<\/a><\/strong><\/p>\n<blockquote class=\"wp-embedded-content\" data-secret=\"d1MZ8LT3Wr\"><p><a href=\"http:\/\/www.laser-maker.com\/index.php\/rev8-hardware\/\">REV8 Hardware<\/a><\/p><\/blockquote>\n<p><iframe loading=\"lazy\" class=\"wp-embedded-content\" sandbox=\"allow-scripts\" security=\"restricted\" style=\"position: absolute; clip: rect(1px, 1px, 1px, 1px);\" title=\"&#8220;REV8 Hardware&#8221; &#8212; Laser - Maker\" src=\"http:\/\/www.laser-maker.com\/index.php\/rev8-hardware\/embed\/#?secret=d1MZ8LT3Wr\" data-secret=\"d1MZ8LT3Wr\" width=\"600\" height=\"338\" frameborder=\"0\" marginwidth=\"0\" marginheight=\"0\" scrolling=\"no\"><\/iframe><\/p>\n","protected":false},"excerpt":{"rendered":"<p>The projector will be updated to Linux Laser Beta Le projecteur va \u00eatre converti en Beta Linux Laser LD5 laser is back from a dusty rave party! Le laser LD5 est de retour d&#8217;une teuf poussi\u00e9reuse! The Linux laser uses an even better steel Le Linux laser utilise un acier encore meilleur As usual I&#8217;m [&hellip;]<\/p>\n","protected":false},"author":1,"featured_media":0,"parent":489,"menu_order":0,"comment_status":"closed","ping_status":"closed","template":"","meta":{"footnotes":""},"class_list":["post-1501","page","type-page","status-publish","hentry"],"_links":{"self":[{"href":"https:\/\/www.laser-maker.com\/index.php\/wp-json\/wp\/v2\/pages\/1501","targetHints":{"allow":["GET"]}}],"collection":[{"href":"https:\/\/www.laser-maker.com\/index.php\/wp-json\/wp\/v2\/pages"}],"about":[{"href":"https:\/\/www.laser-maker.com\/index.php\/wp-json\/wp\/v2\/types\/page"}],"author":[{"embeddable":true,"href":"https:\/\/www.laser-maker.com\/index.php\/wp-json\/wp\/v2\/users\/1"}],"replies":[{"embeddable":true,"href":"https:\/\/www.laser-maker.com\/index.php\/wp-json\/wp\/v2\/comments?post=1501"}],"version-history":[{"count":10,"href":"https:\/\/www.laser-maker.com\/index.php\/wp-json\/wp\/v2\/pages\/1501\/revisions"}],"predecessor-version":[{"id":2974,"href":"https:\/\/www.laser-maker.com\/index.php\/wp-json\/wp\/v2\/pages\/1501\/revisions\/2974"}],"up":[{"embeddable":true,"href":"https:\/\/www.laser-maker.com\/index.php\/wp-json\/wp\/v2\/pages\/489"}],"wp:attachment":[{"href":"https:\/\/www.laser-maker.com\/index.php\/wp-json\/wp\/v2\/media?parent=1501"}],"curies":[{"name":"wp","href":"https:\/\/api.w.org\/{rel}","templated":true}]}}