{"id":1409,"date":"2019-04-30T18:26:20","date_gmt":"2019-04-30T16:26:20","guid":{"rendered":"http:\/\/www.laser-maker.com\/?page_id=1409"},"modified":"2021-05-12T19:40:50","modified_gmt":"2021-05-12T17:40:50","slug":"12-final-assembly","status":"publish","type":"page","link":"https:\/\/www.laser-maker.com\/index.php\/alos-project\/12-final-assembly\/","title":{"rendered":"12 &#8211; Final assembly"},"content":{"rendered":"<p style=\"text-align: center;\"><a href=\"http:\/\/www.laser-maker.com\/wp-content\/uploads\/2019\/07\/Presentation1.jpg\"><img loading=\"lazy\" decoding=\"async\" class=\"aligncenter size-large wp-image-1471\" src=\"http:\/\/www.laser-maker.com\/wp-content\/uploads\/2019\/07\/Presentation1-1024x576.jpg\" alt=\"\" width=\"900\" height=\"506\" srcset=\"https:\/\/www.laser-maker.com\/wp-content\/uploads\/2019\/07\/Presentation1-1024x576.jpg 1024w, https:\/\/www.laser-maker.com\/wp-content\/uploads\/2019\/07\/Presentation1-300x169.jpg 300w, https:\/\/www.laser-maker.com\/wp-content\/uploads\/2019\/07\/Presentation1-768x432.jpg 768w\" sizes=\"auto, (max-width: 900px) 100vw, 900px\" \/><\/a><span style=\"color: #00ccff;\">The long-awaited moment of final assembly has arrived!<\/span><\/p>\n<p style=\"text-align: center;\"><span style=\"color: #33cccc;\">Le moment tant attendu de l&#8217;assemblage final est arriv\u00e9!<\/span><\/p>\n<p style=\"text-align: center;\"><a href=\"http:\/\/www.laser-maker.com\/wp-content\/uploads\/2019\/04\/0-3.jpg\"><img loading=\"lazy\" decoding=\"async\" class=\"aligncenter wp-image-1411 size-medium\" src=\"http:\/\/www.laser-maker.com\/wp-content\/uploads\/2019\/04\/0-3-300x190.jpg\" alt=\"\" width=\"300\" height=\"190\" srcset=\"https:\/\/www.laser-maker.com\/wp-content\/uploads\/2019\/04\/0-3-300x190.jpg 300w, https:\/\/www.laser-maker.com\/wp-content\/uploads\/2019\/04\/0-3-768x486.jpg 768w, https:\/\/www.laser-maker.com\/wp-content\/uploads\/2019\/04\/0-3-1024x649.jpg 1024w, https:\/\/www.laser-maker.com\/wp-content\/uploads\/2019\/04\/0-3.jpg 1124w\" sizes=\"auto, (max-width: 300px) 100vw, 300px\" \/><\/a><br \/>\n<span style=\"color: #00ccff;\">I start by installing the 12V power supply<\/span><\/p>\n<p style=\"text-align: center;\"><span style=\"color: #33cccc;\">Je commence par installer l&#8217;alimentation 12V<\/span><\/p>\n<p style=\"text-align: center;\"><a href=\"http:\/\/www.laser-maker.com\/wp-content\/uploads\/2019\/04\/1-2.jpg\"><img loading=\"lazy\" decoding=\"async\" class=\"aligncenter size-medium wp-image-1413\" src=\"http:\/\/www.laser-maker.com\/wp-content\/uploads\/2019\/04\/1-2-225x300.jpg\" alt=\"\" width=\"225\" height=\"300\" srcset=\"https:\/\/www.laser-maker.com\/wp-content\/uploads\/2019\/04\/1-2-225x300.jpg 225w, https:\/\/www.laser-maker.com\/wp-content\/uploads\/2019\/04\/1-2-768x1024.jpg 768w, https:\/\/www.laser-maker.com\/wp-content\/uploads\/2019\/04\/1-2.jpg 780w\" sizes=\"auto, (max-width: 225px) 100vw, 225px\" \/><\/a><span style=\"color: #00ccff;\">Regarding the 5V power supply the voltage needs to be increased<\/span><\/p>\n<p style=\"text-align: center;\"><span style=\"color: #33cccc;\">En ce qui concerne l&#8217;alimentation 5V la tension doit \u00eatre augment\u00e9e<\/span><\/p>\n<p style=\"text-align: center;\"><a href=\"http:\/\/www.laser-maker.com\/wp-content\/uploads\/2019\/04\/2-1.jpg\"><img loading=\"lazy\" decoding=\"async\" class=\"aligncenter size-medium wp-image-1414\" src=\"http:\/\/www.laser-maker.com\/wp-content\/uploads\/2019\/04\/2-1-300x210.jpg\" alt=\"\" width=\"300\" height=\"210\" srcset=\"https:\/\/www.laser-maker.com\/wp-content\/uploads\/2019\/04\/2-1-300x210.jpg 300w, https:\/\/www.laser-maker.com\/wp-content\/uploads\/2019\/04\/2-1-768x537.jpg 768w, https:\/\/www.laser-maker.com\/wp-content\/uploads\/2019\/04\/2-1-1024x716.jpg 1024w, https:\/\/www.laser-maker.com\/wp-content\/uploads\/2019\/04\/2-1.jpg 1140w\" sizes=\"auto, (max-width: 300px) 100vw, 300px\" \/><\/a><span style=\"color: #00ccff;\">With a voltage of 5.5V it works well<\/span><\/p>\n<p style=\"text-align: center;\"><span style=\"color: #33cccc;\">Avec une tension de 5.5V cela convient bien<\/span><\/p>\n<p style=\"text-align: center;\"><a href=\"http:\/\/www.laser-maker.com\/wp-content\/uploads\/2019\/04\/3-3.jpg\"><img loading=\"lazy\" decoding=\"async\" class=\"aligncenter size-medium wp-image-1415\" src=\"http:\/\/www.laser-maker.com\/wp-content\/uploads\/2019\/04\/3-3-225x300.jpg\" alt=\"\" width=\"225\" height=\"300\" srcset=\"https:\/\/www.laser-maker.com\/wp-content\/uploads\/2019\/04\/3-3-225x300.jpg 225w, https:\/\/www.laser-maker.com\/wp-content\/uploads\/2019\/04\/3-3-768x1024.jpg 768w, https:\/\/www.laser-maker.com\/wp-content\/uploads\/2019\/04\/3-3.jpg 780w\" sizes=\"auto, (max-width: 225px) 100vw, 225px\" \/><\/a><span style=\"color: #00ccff;\">Then I do the wiring for the +\/- 24V PSU and a mains cable for the extractor<\/span><\/p>\n<p style=\"text-align: center;\"><span style=\"color: #33cccc;\">Ensuite je c\u00e2ble l&#8217;alimentation +\/- 24V et un c\u00e2ble secteur pour l&#8217;extracteur<\/span><\/p>\n<p style=\"text-align: center;\"><a href=\"http:\/\/www.laser-maker.com\/wp-content\/uploads\/2019\/04\/4-3.jpg\"><img loading=\"lazy\" decoding=\"async\" class=\"aligncenter size-medium wp-image-1416\" src=\"http:\/\/www.laser-maker.com\/wp-content\/uploads\/2019\/04\/4-3-220x300.jpg\" alt=\"\" width=\"220\" height=\"300\" srcset=\"https:\/\/www.laser-maker.com\/wp-content\/uploads\/2019\/04\/4-3-220x300.jpg 220w, https:\/\/www.laser-maker.com\/wp-content\/uploads\/2019\/04\/4-3.jpg 620w\" sizes=\"auto, (max-width: 220px) 100vw, 220px\" \/><\/a><span style=\"color: #00ccff;\">Setting up the laser diode driver with thermal conduction grease<\/span><\/p>\n<p style=\"text-align: center;\"><span style=\"color: #33cccc;\">Mise en place du driver de diode laser avec de la graisse de conduction thermique<\/span><\/p>\n<p style=\"text-align: center;\"><a href=\"http:\/\/www.laser-maker.com\/wp-content\/uploads\/2019\/04\/5-3.jpg\"><img loading=\"lazy\" decoding=\"async\" class=\"aligncenter size-medium wp-image-1417\" src=\"http:\/\/www.laser-maker.com\/wp-content\/uploads\/2019\/04\/5-3-300x225.jpg\" alt=\"\" width=\"300\" height=\"225\" srcset=\"https:\/\/www.laser-maker.com\/wp-content\/uploads\/2019\/04\/5-3-300x225.jpg 300w, https:\/\/www.laser-maker.com\/wp-content\/uploads\/2019\/04\/5-3-768x576.jpg 768w, https:\/\/www.laser-maker.com\/wp-content\/uploads\/2019\/04\/5-3-1024x768.jpg 1024w, https:\/\/www.laser-maker.com\/wp-content\/uploads\/2019\/04\/5-3-320x240.jpg 320w, https:\/\/www.laser-maker.com\/wp-content\/uploads\/2019\/04\/5-3.jpg 1040w\" sizes=\"auto, (max-width: 300px) 100vw, 300px\" \/><\/a><span style=\"color: #00ccff;\">For the laser diode I use the thermal conductor<\/span><\/p>\n<p style=\"text-align: center;\"><span style=\"color: #33cccc;\">Pour la diode laser j&#8217;utilise le conducteur thermique<\/span><\/p>\n<p style=\"text-align: center;\"><a href=\"http:\/\/www.laser-maker.com\/wp-content\/uploads\/2019\/04\/6-2.jpg\"><img loading=\"lazy\" decoding=\"async\" class=\"aligncenter size-medium wp-image-1418\" src=\"http:\/\/www.laser-maker.com\/wp-content\/uploads\/2019\/04\/6-2-300x254.jpg\" alt=\"\" width=\"300\" height=\"254\" srcset=\"https:\/\/www.laser-maker.com\/wp-content\/uploads\/2019\/04\/6-2-300x254.jpg 300w, https:\/\/www.laser-maker.com\/wp-content\/uploads\/2019\/04\/6-2-768x649.jpg 768w, https:\/\/www.laser-maker.com\/wp-content\/uploads\/2019\/04\/6-2.jpg 892w\" sizes=\"auto, (max-width: 300px) 100vw, 300px\" \/><\/a><span style=\"color: #00ccff;\">Double layer of thermal conductor for the temperature sensor<\/span><\/p>\n<p style=\"text-align: center;\"><span style=\"color: #33cccc;\">Double couche de conducteur thermique pour le capteur de temp\u00e9rature<\/span><\/p>\n<p style=\"text-align: center;\"><a href=\"http:\/\/www.laser-maker.com\/wp-content\/uploads\/2019\/04\/7-2.jpg\"><img loading=\"lazy\" decoding=\"async\" class=\"aligncenter size-medium wp-image-1419\" src=\"http:\/\/www.laser-maker.com\/wp-content\/uploads\/2019\/04\/7-2-280x300.jpg\" alt=\"\" width=\"280\" height=\"300\" srcset=\"https:\/\/www.laser-maker.com\/wp-content\/uploads\/2019\/04\/7-2-280x300.jpg 280w, https:\/\/www.laser-maker.com\/wp-content\/uploads\/2019\/04\/7-2-768x822.jpg 768w, https:\/\/www.laser-maker.com\/wp-content\/uploads\/2019\/04\/7-2.jpg 933w\" sizes=\"auto, (max-width: 280px) 100vw, 280px\" \/><\/a><span style=\"color: #00ccff;\">Setting up the sensor with threadlock on the screws<\/span><\/p>\n<p style=\"text-align: center;\"><span style=\"color: #33cccc;\">Mise en place du capteur avec du frein filet sur les vis<\/span><\/p>\n<p style=\"text-align: center;\"><a href=\"http:\/\/www.laser-maker.com\/wp-content\/uploads\/2019\/04\/8-2.jpg\"><img loading=\"lazy\" decoding=\"async\" class=\"aligncenter size-medium wp-image-1420\" src=\"http:\/\/www.laser-maker.com\/wp-content\/uploads\/2019\/04\/8-2-300x238.jpg\" alt=\"\" width=\"300\" height=\"238\" srcset=\"https:\/\/www.laser-maker.com\/wp-content\/uploads\/2019\/04\/8-2-300x238.jpg 300w, https:\/\/www.laser-maker.com\/wp-content\/uploads\/2019\/04\/8-2-768x610.jpg 768w, https:\/\/www.laser-maker.com\/wp-content\/uploads\/2019\/04\/8-2-1024x813.jpg 1024w, https:\/\/www.laser-maker.com\/wp-content\/uploads\/2019\/04\/8-2.jpg 1126w\" sizes=\"auto, (max-width: 300px) 100vw, 300px\" \/><\/a><span style=\"color: #00ccff;\">I use a cable pass to maintain the insulation<\/span><\/p>\n<p style=\"text-align: center;\"><span style=\"color: #33cccc;\">J&#8217;utilise un passe c\u00e2ble pour maintenir l&#8217;isolation<\/span><\/p>\n<p style=\"text-align: center;\"><a href=\"http:\/\/www.laser-maker.com\/wp-content\/uploads\/2019\/04\/9-2.jpg\"><img loading=\"lazy\" decoding=\"async\" class=\"aligncenter size-medium wp-image-1422\" src=\"http:\/\/www.laser-maker.com\/wp-content\/uploads\/2019\/04\/9-2-202x300.jpg\" alt=\"\" width=\"202\" height=\"300\" srcset=\"https:\/\/www.laser-maker.com\/wp-content\/uploads\/2019\/04\/9-2-202x300.jpg 202w, https:\/\/www.laser-maker.com\/wp-content\/uploads\/2019\/04\/9-2.jpg 555w\" sizes=\"auto, (max-width: 202px) 100vw, 202px\" \/><\/a><span style=\"color: #00ccff;\">It&#8217;s time to check that the grounds are well wired<\/span><\/p>\n<p style=\"text-align: center;\"><span style=\"color: #33cccc;\">C&#8217;est le moment de v\u00e9rifier que les masses sont bien c\u00e2bl\u00e9e<\/span><\/p>\n<p style=\"text-align: center;\"><a href=\"http:\/\/www.laser-maker.com\/wp-content\/uploads\/2019\/05\/10.5.jpg\"><img loading=\"lazy\" decoding=\"async\" class=\"aligncenter size-medium wp-image-1431\" src=\"http:\/\/www.laser-maker.com\/wp-content\/uploads\/2019\/05\/10.5-300x272.jpg\" alt=\"\" width=\"300\" height=\"272\" srcset=\"https:\/\/www.laser-maker.com\/wp-content\/uploads\/2019\/05\/10.5-300x272.jpg 300w, https:\/\/www.laser-maker.com\/wp-content\/uploads\/2019\/05\/10.5.jpg 758w\" sizes=\"auto, (max-width: 300px) 100vw, 300px\" \/><\/a><span style=\"color: #00ccff;\">For +\/- 24V power supply I loop around a ferrite in order to create an inductor<br \/>\n<\/span><\/p>\n<p style=\"text-align: center;\"><span style=\"color: #00ccff;\">So we realize a low pass filter just before entering the CPU<\/span><\/p>\n<p style=\"text-align: center;\"><span style=\"color: #33cccc;\">Pour l&#8217;alimentation +\/-24V je fais une boucle autour d&#8217;une ferrite dans le but de cr\u00e9er une inductance<\/span><\/p>\n<p style=\"text-align: center;\"><span style=\"color: #33cccc;\">Alors on r\u00e9alise un filtre passe bas juste avant de rentrer dans la CPU<\/span><\/p>\n<p style=\"text-align: center;\"><a href=\"http:\/\/www.laser-maker.com\/wp-content\/uploads\/2019\/04\/10-1.jpg\"><img loading=\"lazy\" decoding=\"async\" class=\"aligncenter size-medium wp-image-1423\" src=\"http:\/\/www.laser-maker.com\/wp-content\/uploads\/2019\/04\/10-1-290x300.jpg\" alt=\"\" width=\"290\" height=\"300\" srcset=\"https:\/\/www.laser-maker.com\/wp-content\/uploads\/2019\/04\/10-1-290x300.jpg 290w, https:\/\/www.laser-maker.com\/wp-content\/uploads\/2019\/04\/10-1-768x795.jpg 768w, https:\/\/www.laser-maker.com\/wp-content\/uploads\/2019\/04\/10-1.jpg 792w\" sizes=\"auto, (max-width: 290px) 100vw, 290px\" \/><\/a><span style=\"color: #00ccff;\">For the X\/Y signals I use the ground coming from the CPU<\/span><br \/>\n<span style=\"color: #00ccff;\">One measure shows that there is a risk of ground loop using the one coming from the ILDA buffer PCB<\/span><\/p>\n<p style=\"text-align: center;\"><span style=\"color: #33cccc;\">Pour les signaux X\/Y j&#8217;utilise la masse venant de la CPU<\/span><br \/>\n<span style=\"color: #33cccc;\">Une mesure montre qu&#8217;il y a un risque de boucle de masse en utilisant celle venant de la PCB tampon ILDA<\/span><\/p>\n<p style=\"text-align: center;\"><a href=\"http:\/\/www.laser-maker.com\/wp-content\/uploads\/2019\/05\/11.jpg\"><img loading=\"lazy\" decoding=\"async\" class=\"aligncenter size-medium wp-image-1428\" src=\"http:\/\/www.laser-maker.com\/wp-content\/uploads\/2019\/05\/11-300x197.jpg\" alt=\"\" width=\"300\" height=\"197\" srcset=\"https:\/\/www.laser-maker.com\/wp-content\/uploads\/2019\/05\/11-300x197.jpg 300w, https:\/\/www.laser-maker.com\/wp-content\/uploads\/2019\/05\/11-768x505.jpg 768w, https:\/\/www.laser-maker.com\/wp-content\/uploads\/2019\/05\/11-1024x673.jpg 1024w, https:\/\/www.laser-maker.com\/wp-content\/uploads\/2019\/05\/11.jpg 1248w\" sizes=\"auto, (max-width: 300px) 100vw, 300px\" \/><\/a><span style=\"color: #00ccff;\">Test the power supplies before closing the back panel and finishing the wiring<\/span><\/p>\n<p style=\"text-align: center;\"><span style=\"color: #33cccc;\">Test des alimentations avant de refermer le panneau arri\u00e8re et de finir le c\u00e2blage<\/span><\/p>\n<p style=\"text-align: center;\"><a href=\"http:\/\/www.laser-maker.com\/wp-content\/uploads\/2019\/05\/12.jpg\"><img loading=\"lazy\" decoding=\"async\" class=\"aligncenter size-medium wp-image-1429\" src=\"http:\/\/www.laser-maker.com\/wp-content\/uploads\/2019\/05\/12-300x225.jpg\" alt=\"\" width=\"300\" height=\"225\" srcset=\"https:\/\/www.laser-maker.com\/wp-content\/uploads\/2019\/05\/12-300x225.jpg 300w, https:\/\/www.laser-maker.com\/wp-content\/uploads\/2019\/05\/12-768x576.jpg 768w, https:\/\/www.laser-maker.com\/wp-content\/uploads\/2019\/05\/12-1024x768.jpg 1024w, https:\/\/www.laser-maker.com\/wp-content\/uploads\/2019\/05\/12-320x240.jpg 320w, https:\/\/www.laser-maker.com\/wp-content\/uploads\/2019\/05\/12.jpg 1040w\" sizes=\"auto, (max-width: 300px) 100vw, 300px\" \/><\/a><\/p>\n<p style=\"text-align: center;\"><span style=\"color: #00ccff;\">Placement of Colsons clamps<\/span><\/p>\n<p style=\"text-align: center;\"><span style=\"color: #33cccc;\">Mise en place des colliers de serrage<\/span><\/p>\n<p style=\"text-align: center;\"><a href=\"http:\/\/www.laser-maker.com\/wp-content\/uploads\/2019\/05\/13.jpg\"><img loading=\"lazy\" decoding=\"async\" class=\"aligncenter size-medium wp-image-1430\" src=\"http:\/\/www.laser-maker.com\/wp-content\/uploads\/2019\/05\/13-300x225.jpg\" alt=\"\" width=\"300\" height=\"225\" srcset=\"https:\/\/www.laser-maker.com\/wp-content\/uploads\/2019\/05\/13-300x225.jpg 300w, https:\/\/www.laser-maker.com\/wp-content\/uploads\/2019\/05\/13-768x576.jpg 768w, https:\/\/www.laser-maker.com\/wp-content\/uploads\/2019\/05\/13-1024x768.jpg 1024w, https:\/\/www.laser-maker.com\/wp-content\/uploads\/2019\/05\/13-320x240.jpg 320w, https:\/\/www.laser-maker.com\/wp-content\/uploads\/2019\/05\/13.jpg 1040w\" sizes=\"auto, (max-width: 300px) 100vw, 300px\" \/><\/a><\/p>\n<p style=\"text-align: center;\"><span style=\"color: #00ccff;\">On the side of the power supply also so that the air can come to cool them<\/span><\/p>\n<p style=\"text-align: center;\"><span style=\"color: #33cccc;\">Du c\u00f4t\u00e9 des alimentations aussi pour que l&#8217;air puisse entrer pour les refroidir<\/span><\/p>\n<p style=\"text-align: center;\"><a href=\"http:\/\/www.laser-maker.com\/wp-content\/uploads\/2019\/05\/14.jpg\"><img loading=\"lazy\" decoding=\"async\" class=\"aligncenter size-medium wp-image-1432\" src=\"http:\/\/www.laser-maker.com\/wp-content\/uploads\/2019\/05\/14-300x192.jpg\" alt=\"\" width=\"300\" height=\"192\" srcset=\"https:\/\/www.laser-maker.com\/wp-content\/uploads\/2019\/05\/14-300x192.jpg 300w, https:\/\/www.laser-maker.com\/wp-content\/uploads\/2019\/05\/14-768x490.jpg 768w, https:\/\/www.laser-maker.com\/wp-content\/uploads\/2019\/05\/14.jpg 918w\" sizes=\"auto, (max-width: 300px) 100vw, 300px\" \/><\/a><span style=\"color: #00ccff;\">Laser emission LED is attached and held with hot glue<\/span><\/p>\n<p style=\"text-align: center;\"><span style=\"color: #33cccc;\">La DEL d&#8217;\u00e9mission laser est fix\u00e9e et maintenue avec de la colle chaude<\/span><\/p>\n<p><a href=\"http:\/\/www.laser-maker.com\/wp-content\/uploads\/2019\/05\/15.jpg\"><img loading=\"lazy\" decoding=\"async\" class=\"aligncenter size-medium wp-image-1434\" src=\"http:\/\/www.laser-maker.com\/wp-content\/uploads\/2019\/05\/15-300x225.jpg\" alt=\"\" width=\"300\" height=\"225\" srcset=\"https:\/\/www.laser-maker.com\/wp-content\/uploads\/2019\/05\/15-300x225.jpg 300w, https:\/\/www.laser-maker.com\/wp-content\/uploads\/2019\/05\/15-768x576.jpg 768w, https:\/\/www.laser-maker.com\/wp-content\/uploads\/2019\/05\/15-1024x768.jpg 1024w, https:\/\/www.laser-maker.com\/wp-content\/uploads\/2019\/05\/15-320x240.jpg 320w\" sizes=\"auto, (max-width: 300px) 100vw, 300px\" \/><\/a><\/p>\n<p style=\"text-align: center;\"><span style=\"color: #00ccff;\">Laser diode and scanners side I place a desiccant bag<\/span><\/p>\n<p style=\"text-align: center;\"><span style=\"color: #33cccc;\">C\u00f4t\u00e9 diode laser et scanners je place un sachet dessicant<\/span><\/p>\n<p style=\"text-align: center;\"><a href=\"http:\/\/www.laser-maker.com\/wp-content\/uploads\/2019\/05\/16.jpg\"><img loading=\"lazy\" decoding=\"async\" class=\"aligncenter size-medium wp-image-1435\" src=\"http:\/\/www.laser-maker.com\/wp-content\/uploads\/2019\/05\/16-300x225.jpg\" alt=\"\" width=\"300\" height=\"225\" srcset=\"https:\/\/www.laser-maker.com\/wp-content\/uploads\/2019\/05\/16-300x225.jpg 300w, https:\/\/www.laser-maker.com\/wp-content\/uploads\/2019\/05\/16-768x576.jpg 768w, https:\/\/www.laser-maker.com\/wp-content\/uploads\/2019\/05\/16-1024x768.jpg 1024w, https:\/\/www.laser-maker.com\/wp-content\/uploads\/2019\/05\/16-320x240.jpg 320w, https:\/\/www.laser-maker.com\/wp-content\/uploads\/2019\/05\/16.jpg 1040w\" sizes=\"auto, (max-width: 300px) 100vw, 300px\" \/><\/a><span style=\"color: #00ccff;\">To finish I weld lugs and performs a double isolation of the extractor power supply<\/span><\/p>\n<p style=\"text-align: center;\"><span style=\"color: #33cccc;\">Pour finir je soude des cosses et r\u00e9alise une double isolation de l&#8217;alimentation de l&#8217;extracteur<\/span><\/p>\n<p><a href=\"http:\/\/www.laser-maker.com\/wp-content\/uploads\/2019\/05\/17.jpg\"><img loading=\"lazy\" decoding=\"async\" class=\"aligncenter wp-image-1436 size-full\" src=\"http:\/\/www.laser-maker.com\/wp-content\/uploads\/2019\/05\/17.jpg\" alt=\"\" width=\"992\" height=\"836\" srcset=\"https:\/\/www.laser-maker.com\/wp-content\/uploads\/2019\/05\/17.jpg 992w, https:\/\/www.laser-maker.com\/wp-content\/uploads\/2019\/05\/17-300x253.jpg 300w, https:\/\/www.laser-maker.com\/wp-content\/uploads\/2019\/05\/17-768x647.jpg 768w\" sizes=\"auto, (max-width: 992px) 100vw, 992px\" \/><\/a><\/p>\n<p>&nbsp;<\/p>\n<p><a href=\"http:\/\/www.laser-maker.com\/wp-content\/uploads\/2019\/05\/Flyer-Linux-laser-1K.png\"><img loading=\"lazy\" decoding=\"async\" class=\"aligncenter wp-image-1445 size-large\" src=\"http:\/\/www.laser-maker.com\/wp-content\/uploads\/2019\/05\/Flyer-Linux-laser-1K-763x1024.png\" alt=\"\" width=\"763\" height=\"1024\" srcset=\"https:\/\/www.laser-maker.com\/wp-content\/uploads\/2019\/05\/Flyer-Linux-laser-1K-763x1024.png 763w, https:\/\/www.laser-maker.com\/wp-content\/uploads\/2019\/05\/Flyer-Linux-laser-1K-224x300.png 224w, https:\/\/www.laser-maker.com\/wp-content\/uploads\/2019\/05\/Flyer-Linux-laser-1K-768x1030.png 768w, https:\/\/www.laser-maker.com\/wp-content\/uploads\/2019\/05\/Flyer-Linux-laser-1K.png 800w\" sizes=\"auto, (max-width: 763px) 100vw, 763px\" \/><\/a><\/p>\n<p style=\"text-align: left;\"><iframe loading=\"lazy\"  id=\"_ytid_29777\"  width=\"900\" height=\"506\"  data-origwidth=\"900\" data-origheight=\"506\" src=\"https:\/\/www.youtube.com\/embed\/rOnzVh2fePk?enablejsapi=1&origin=https:\/\/www.laser-maker.com&autoplay=0&cc_load_policy=0&cc_lang_pref=&iv_load_policy=1&loop=0&rel=0&fs=1&playsinline=0&autohide=2&theme=dark&color=red&controls=1&disablekb=0&\" class=\"__youtube_prefs__  no-lazyload\" title=\"YouTube player\"  allow=\"fullscreen; accelerometer; autoplay; clipboard-write; encrypted-media; gyroscope; picture-in-picture; web-share\" referrerpolicy=\"strict-origin-when-cross-origin\" allowfullscreen data-no-lazy=\"1\" data-skipgform_ajax_framebjll=\"\"><\/iframe><\/p>\n<p style=\"text-align: left;\"><iframe loading=\"lazy\"  id=\"_ytid_79461\"  width=\"900\" height=\"506\"  data-origwidth=\"900\" data-origheight=\"506\" src=\"https:\/\/www.youtube.com\/embed\/qslhiv4zVuQ?enablejsapi=1&origin=https:\/\/www.laser-maker.com&autoplay=0&cc_load_policy=0&cc_lang_pref=&iv_load_policy=1&loop=0&rel=0&fs=1&playsinline=0&autohide=2&theme=dark&color=red&controls=1&disablekb=0&\" class=\"__youtube_prefs__  no-lazyload\" title=\"YouTube player\"  allow=\"fullscreen; accelerometer; autoplay; clipboard-write; encrypted-media; gyroscope; picture-in-picture; web-share\" referrerpolicy=\"strict-origin-when-cross-origin\" allowfullscreen data-no-lazy=\"1\" data-skipgform_ajax_framebjll=\"\"><\/iframe><\/p>\n<p style=\"text-align: left;\"><iframe loading=\"lazy\"  id=\"_ytid_46716\"  width=\"900\" height=\"506\"  data-origwidth=\"900\" data-origheight=\"506\" src=\"https:\/\/www.youtube.com\/embed\/Y9d7HApJMZo?enablejsapi=1&origin=https:\/\/www.laser-maker.com&autoplay=0&cc_load_policy=0&cc_lang_pref=&iv_load_policy=1&loop=0&rel=0&fs=1&playsinline=0&autohide=2&theme=dark&color=red&controls=1&disablekb=0&\" class=\"__youtube_prefs__  no-lazyload\" title=\"YouTube player\"  allow=\"fullscreen; accelerometer; autoplay; clipboard-write; encrypted-media; gyroscope; picture-in-picture; web-share\" referrerpolicy=\"strict-origin-when-cross-origin\" allowfullscreen data-no-lazy=\"1\" data-skipgform_ajax_framebjll=\"\"><\/iframe><\/p>\n<p><a href=\"http:\/\/www.laser-maker.com\/index.php\/alos-project\/\">Back to summary \/ Retour au sommaire<\/a><\/p>\n<blockquote class=\"wp-embedded-content\" data-secret=\"td5KEzDuQW\"><p><a href=\"http:\/\/www.laser-maker.com\/index.php\/rev8-hardware\/\">REV8 Hardware<\/a><\/p><\/blockquote>\n<p><iframe loading=\"lazy\" class=\"wp-embedded-content\" sandbox=\"allow-scripts\" security=\"restricted\" style=\"position: absolute; clip: rect(1px, 1px, 1px, 1px);\" title=\"&#8220;REV8 Hardware&#8221; &#8212; Laser - Maker\" src=\"http:\/\/www.laser-maker.com\/index.php\/rev8-hardware\/embed\/#?secret=td5KEzDuQW\" data-secret=\"td5KEzDuQW\" width=\"600\" height=\"338\" frameborder=\"0\" marginwidth=\"0\" marginheight=\"0\" scrolling=\"no\"><\/iframe><\/p>\n","protected":false},"excerpt":{"rendered":"<p>The long-awaited moment of final assembly has arrived! Le moment tant attendu de l&#8217;assemblage final est arriv\u00e9! I start by installing the 12V power supply Je commence par installer l&#8217;alimentation 12V Regarding the 5V power supply the voltage needs to be increased En ce qui concerne l&#8217;alimentation 5V la tension doit \u00eatre augment\u00e9e With a [&hellip;]<\/p>\n","protected":false},"author":1,"featured_media":0,"parent":111,"menu_order":0,"comment_status":"closed","ping_status":"closed","template":"","meta":{"footnotes":""},"class_list":["post-1409","page","type-page","status-publish","hentry"],"_links":{"self":[{"href":"https:\/\/www.laser-maker.com\/index.php\/wp-json\/wp\/v2\/pages\/1409","targetHints":{"allow":["GET"]}}],"collection":[{"href":"https:\/\/www.laser-maker.com\/index.php\/wp-json\/wp\/v2\/pages"}],"about":[{"href":"https:\/\/www.laser-maker.com\/index.php\/wp-json\/wp\/v2\/types\/page"}],"author":[{"embeddable":true,"href":"https:\/\/www.laser-maker.com\/index.php\/wp-json\/wp\/v2\/users\/1"}],"replies":[{"embeddable":true,"href":"https:\/\/www.laser-maker.com\/index.php\/wp-json\/wp\/v2\/comments?post=1409"}],"version-history":[{"count":24,"href":"https:\/\/www.laser-maker.com\/index.php\/wp-json\/wp\/v2\/pages\/1409\/revisions"}],"predecessor-version":[{"id":2975,"href":"https:\/\/www.laser-maker.com\/index.php\/wp-json\/wp\/v2\/pages\/1409\/revisions\/2975"}],"up":[{"embeddable":true,"href":"https:\/\/www.laser-maker.com\/index.php\/wp-json\/wp\/v2\/pages\/111"}],"wp:attachment":[{"href":"https:\/\/www.laser-maker.com\/index.php\/wp-json\/wp\/v2\/media?parent=1409"}],"curies":[{"name":"wp","href":"https:\/\/api.w.org\/{rel}","templated":true}]}}