{"id":140,"date":"2018-09-21T17:48:27","date_gmt":"2018-09-21T17:48:27","guid":{"rendered":"http:\/\/www.laser-maker.com\/?page_id=140"},"modified":"2018-10-10T20:08:47","modified_gmt":"2018-10-10T18:08:47","slug":"alc68-gaz-laser","status":"publish","type":"page","link":"https:\/\/www.laser-maker.com\/index.php\/old-projects-pages\/alc68-gaz-laser\/","title":{"rendered":"ALC68 gaz &#8211; 2.5W (2006)"},"content":{"rendered":"<p><span style=\"color: #00ccff;\">Here is a laser head &#8220;mid-range&#8221; cooled by air.<\/span><br \/>\n<span style=\"color: #00ccff;\">It requires at least 2 fans (IN) and 2 turbines (OUT)<\/span><br \/>\n<span style=\"color: #00ccff;\">A Meditec EIL-4000 power supply is used.<\/span><br \/>\n<span style=\"color: #00ccff;\">All this creates a very powerful and therefore dangerous beam!<\/span><br \/>\n<span style=\"color: #00ccff;\">It can melt plastic or burn curtains, in others &#8230;<\/span><\/p>\n<p><span style=\"color: #33cccc;\">Voici une t\u00eate laser &#8220;mid-range&#8221; refroidie par air.<\/span><br \/>\n<span style=\"color: #33cccc;\">Elle n\u00e9cessite au moins 2 ventilos (IN) et 2 turbines (OUT)<\/span><br \/>\n<span style=\"color: #33cccc;\">Une alimentation Meditec EIL-4000 est utilis\u00e9e.<\/span><br \/>\n<span style=\"color: #33cccc;\">Tout ceci cr\u00e9e un faisceau puissant, et donc tr\u00e8s dangereux!<\/span><br \/>\n<span style=\"color: #33cccc;\">Il peut faire fondre du plastique ou bruler des rideaux, en autres&#8230;<\/span><\/p>\n<p style=\"text-align: center;\"><span id=\"result_box\" class=\"\" lang=\"en\" style=\"color: #00ccff;\" tabindex=\"-1\"><span class=\"\">The head measures 70 x 24 x 16 cm, with the two incoming fans<\/span><\/span><\/p>\n<p style=\"text-align: center;\"><span style=\"color: #33cccc;\">La t\u00eate mesure 70 x 24 x 16 cm, avec les deux ventilateurs entrants<\/span><\/p>\n<p><a href=\"http:\/\/www.laser-maker.com\/wp-content\/uploads\/2018\/09\/head.jpg\"><img loading=\"lazy\" decoding=\"async\" class=\"aligncenter wp-image-147 size-medium\" src=\"http:\/\/www.laser-maker.com\/wp-content\/uploads\/2018\/09\/head-300x225.jpg\" alt=\"\" width=\"300\" height=\"225\" srcset=\"https:\/\/www.laser-maker.com\/wp-content\/uploads\/2018\/09\/head-300x225.jpg 300w, https:\/\/www.laser-maker.com\/wp-content\/uploads\/2018\/09\/head-768x576.jpg 768w, https:\/\/www.laser-maker.com\/wp-content\/uploads\/2018\/09\/head.jpg 1024w\" sizes=\"auto, (max-width: 300px) 100vw, 300px\" \/><\/a><\/p>\n<p style=\"text-align: center;\"><span id=\"result_box\" class=\"\" lang=\"en\" style=\"color: #00ccff;\" tabindex=\"-1\"><span class=\"\">Two large turbines extract air that is 100 \u00b0 C<\/span><\/span><\/p>\n<p style=\"text-align: center;\"><span style=\"color: #33cccc;\">Deux grosses turbines permettent d&#8217;extraire l&#8217;air qui est de 100\u00b0C<\/span><\/p>\n<p class=\"hidden animated zoomIn\"><a href=\"http:\/\/www.laser-maker.com\/wp-content\/uploads\/2018\/09\/fans.jpg\"><img loading=\"lazy\" decoding=\"async\" class=\"hidden animated zoomIn aligncenter wp-image-146 size-medium\" src=\"http:\/\/www.laser-maker.com\/wp-content\/uploads\/2018\/09\/fans-300x225.jpg\" alt=\"\" width=\"300\" height=\"225\" srcset=\"https:\/\/www.laser-maker.com\/wp-content\/uploads\/2018\/09\/fans-300x225.jpg 300w, https:\/\/www.laser-maker.com\/wp-content\/uploads\/2018\/09\/fans-768x576.jpg 768w, https:\/\/www.laser-maker.com\/wp-content\/uploads\/2018\/09\/fans.jpg 1024w\" sizes=\"auto, (max-width: 300px) 100vw, 300px\" \/><\/a><\/p>\n<p style=\"text-align: center;\"><span id=\"result_box\" class=\"short_text\" lang=\"en\" style=\"color: #00ccff;\" tabindex=\"-1\"><span class=\"\">The anode and the starting circuit<\/span><\/span><\/p>\n<p style=\"text-align: center;\"><span style=\"color: #33cccc;\">L&#8217;anode et le circuit de d\u00e9marrage<\/span><\/p>\n<p><a href=\"http:\/\/www.laser-maker.com\/wp-content\/uploads\/2018\/09\/anode.jpg\"><img loading=\"lazy\" decoding=\"async\" class=\"aligncenter wp-image-142 size-medium\" src=\"http:\/\/www.laser-maker.com\/wp-content\/uploads\/2018\/09\/anode-300x225.jpg\" alt=\"\" width=\"300\" height=\"225\" srcset=\"https:\/\/www.laser-maker.com\/wp-content\/uploads\/2018\/09\/anode-300x225.jpg 300w, https:\/\/www.laser-maker.com\/wp-content\/uploads\/2018\/09\/anode-768x576.jpg 768w, https:\/\/www.laser-maker.com\/wp-content\/uploads\/2018\/09\/anode.jpg 1024w\" sizes=\"auto, (max-width: 300px) 100vw, 300px\" \/><\/a><\/p>\n<p style=\"text-align: center;\"><span id=\"result_box\" class=\"\" lang=\"en\" style=\"color: #00ccff;\" tabindex=\"-1\"><span class=\"\">Cathode and filament side, on the right, the space is smaller<\/span><\/span><\/p>\n<p style=\"text-align: center;\"><span id=\"result_box\" class=\"\" lang=\"en\" tabindex=\"-1\"><span class=\"\"><span style=\"color: #33cccc;\">C\u00f4t\u00e9 cathode et filament, sur la droite, l&#8217;espace est plus r\u00e9duit<\/span><br \/>\n.<\/span><\/span><\/p>\n<p><a href=\"http:\/\/www.laser-maker.com\/wp-content\/uploads\/2018\/09\/cathode.jpg\"><img loading=\"lazy\" decoding=\"async\" class=\"aligncenter wp-image-145 size-medium\" src=\"http:\/\/www.laser-maker.com\/wp-content\/uploads\/2018\/09\/cathode-300x225.jpg\" alt=\"\" width=\"300\" height=\"225\" srcset=\"https:\/\/www.laser-maker.com\/wp-content\/uploads\/2018\/09\/cathode-300x225.jpg 300w, https:\/\/www.laser-maker.com\/wp-content\/uploads\/2018\/09\/cathode-768x576.jpg 768w, https:\/\/www.laser-maker.com\/wp-content\/uploads\/2018\/09\/cathode.jpg 1024w\" sizes=\"auto, (max-width: 300px) 100vw, 300px\" \/><\/a><\/p>\n<p style=\"text-align: center;\"><span id=\"result_box\" class=\"short_text\" lang=\"en\" style=\"color: #00ccff;\" tabindex=\"-1\">We can see the beam and the 5 colors<\/span><\/p>\n<p style=\"text-align: center;\"><span style=\"color: #33cccc;\">On peut voir le faisceau et les 5 couleurs<\/span><\/p>\n<p><a href=\"http:\/\/www.laser-maker.com\/wp-content\/uploads\/2018\/09\/test-1.jpg\"><img loading=\"lazy\" decoding=\"async\" class=\"aligncenter wp-image-141 size-medium\" src=\"http:\/\/www.laser-maker.com\/wp-content\/uploads\/2018\/09\/test-1-246x300.jpg\" alt=\"\" width=\"246\" height=\"300\" srcset=\"https:\/\/www.laser-maker.com\/wp-content\/uploads\/2018\/09\/test-1-246x300.jpg 246w, https:\/\/www.laser-maker.com\/wp-content\/uploads\/2018\/09\/test-1.jpg 692w\" sizes=\"auto, (max-width: 246px) 100vw, 246px\" \/><\/a><\/p>\n<p style=\"text-align: center;\"><span id=\"result_box\" class=\"\" lang=\"en\" style=\"color: #00ccff;\" tabindex=\"-1\">When 20 Amps cross the tube, we get 2 Watts<\/span><\/p>\n<p style=\"text-align: center;\"><span style=\"color: #33cccc;\">Quand 20 Amp\u00e8res traversent le tube, on obtient 2 Watts<\/span><\/p>\n<p>&nbsp;<\/p>\n<p><a href=\"http:\/\/www.laser-maker.com\/wp-content\/uploads\/2018\/09\/beam3.jpg\"><img loading=\"lazy\" decoding=\"async\" class=\"aligncenter wp-image-144 size-medium\" src=\"http:\/\/www.laser-maker.com\/wp-content\/uploads\/2018\/09\/beam3-300x225.jpg\" alt=\"\" width=\"300\" height=\"225\" srcset=\"https:\/\/www.laser-maker.com\/wp-content\/uploads\/2018\/09\/beam3-300x225.jpg 300w, https:\/\/www.laser-maker.com\/wp-content\/uploads\/2018\/09\/beam3-768x576.jpg 768w, https:\/\/www.laser-maker.com\/wp-content\/uploads\/2018\/09\/beam3.jpg 1024w\" sizes=\"auto, (max-width: 300px) 100vw, 300px\" \/><\/a><\/p>\n<p>WARNING:<br \/>\nCurrents (&gt; 20 Amps) and voltages (&gt; 200 Volts) are deadly!<br \/>\nArgon sources present risks.<br \/>\nThe laser tube withstands the plasma temperature (1500 \u00b0 C to 2000 \u00b0 C)<br \/>\nAs a result, beryllium oxide is used.<br \/>\nNever dust the dust of a broken tube.<br \/>\nSerious danger of burning the retina!<br \/>\nWear safety glasses<\/p>\n<p>ATTENTION:<br \/>\nLes courants ( &gt; 20 Amps ) et tensions ( &gt; 200 Volts ) sont mortels !<br \/>\nLes sources argons pr\u00e9sentent des risques.<br \/>\nLe tube laser r\u00e9siste \u00e0 la temp\u00e9rature du plasma (1500\u00b0C \u00e0 2000\u00b0C)<br \/>\nDe ce fait de l&#8217;oxyde de beryllium est utilis\u00e9.<br \/>\nIl ne faut jamais r\u00e9spirer la poussiere d&#8217;un tube cass\u00e9.<br \/>\nGrave danger de brulure de la r\u00e9tine!<br \/>\nPorter des lunettes de s\u00e9curit\u00e9<\/p>\n","protected":false},"excerpt":{"rendered":"<p>Here is a laser head &#8220;mid-range&#8221; cooled by air. It requires at least 2 fans (IN) and 2 turbines (OUT) A Meditec EIL-4000 power supply is used. All this creates a very powerful and therefore dangerous beam! It can melt plastic or burn curtains, in others &#8230; Voici une t\u00eate laser &#8220;mid-range&#8221; refroidie par air. [&hellip;]<\/p>\n","protected":false},"author":1,"featured_media":0,"parent":115,"menu_order":0,"comment_status":"closed","ping_status":"closed","template":"","meta":{"footnotes":""},"class_list":["post-140","page","type-page","status-publish","hentry"],"_links":{"self":[{"href":"https:\/\/www.laser-maker.com\/index.php\/wp-json\/wp\/v2\/pages\/140","targetHints":{"allow":["GET"]}}],"collection":[{"href":"https:\/\/www.laser-maker.com\/index.php\/wp-json\/wp\/v2\/pages"}],"about":[{"href":"https:\/\/www.laser-maker.com\/index.php\/wp-json\/wp\/v2\/types\/page"}],"author":[{"embeddable":true,"href":"https:\/\/www.laser-maker.com\/index.php\/wp-json\/wp\/v2\/users\/1"}],"replies":[{"embeddable":true,"href":"https:\/\/www.laser-maker.com\/index.php\/wp-json\/wp\/v2\/comments?post=140"}],"version-history":[{"count":12,"href":"https:\/\/www.laser-maker.com\/index.php\/wp-json\/wp\/v2\/pages\/140\/revisions"}],"predecessor-version":[{"id":902,"href":"https:\/\/www.laser-maker.com\/index.php\/wp-json\/wp\/v2\/pages\/140\/revisions\/902"}],"up":[{"embeddable":true,"href":"https:\/\/www.laser-maker.com\/index.php\/wp-json\/wp\/v2\/pages\/115"}],"wp:attachment":[{"href":"https:\/\/www.laser-maker.com\/index.php\/wp-json\/wp\/v2\/media?parent=140"}],"curies":[{"name":"wp","href":"https:\/\/api.w.org\/{rel}","templated":true}]}}