{"id":1333,"date":"2019-04-27T09:21:12","date_gmt":"2019-04-27T07:21:12","guid":{"rendered":"http:\/\/www.laser-maker.com\/?page_id=1333"},"modified":"2021-04-04T05:54:26","modified_gmt":"2021-04-04T03:54:26","slug":"10-laser-diode-module","status":"publish","type":"page","link":"https:\/\/www.laser-maker.com\/index.php\/alos-project\/10-laser-diode-module\/","title":{"rendered":"10 &#8211; Laser diode module"},"content":{"rendered":"<p style=\"text-align: center;\"><a href=\"http:\/\/www.laser-maker.com\/wp-content\/uploads\/2019\/04\/5W-MODULE3.jpg\"><img loading=\"lazy\" decoding=\"async\" class=\"aligncenter size-full wp-image-1334\" src=\"http:\/\/www.laser-maker.com\/wp-content\/uploads\/2019\/04\/5W-MODULE3.jpg\" alt=\"\" width=\"882\" height=\"410\" srcset=\"https:\/\/www.laser-maker.com\/wp-content\/uploads\/2019\/04\/5W-MODULE3.jpg 882w, https:\/\/www.laser-maker.com\/wp-content\/uploads\/2019\/04\/5W-MODULE3-300x139.jpg 300w, https:\/\/www.laser-maker.com\/wp-content\/uploads\/2019\/04\/5W-MODULE3-768x357.jpg 768w\" sizes=\"auto, (max-width: 882px) 100vw, 882px\" \/><\/a><span style=\"color: #00ccff;\">It&#8217;s time to test the laser diode module without scanners and security card!<\/span><\/p>\n<p style=\"text-align: center;\"><span style=\"color: #33cccc;\">C&#8217;est le moment de tester la diode laser sans scanners ni carte de s\u00e9curit\u00e9!<\/span><\/p>\n<p style=\"text-align: center;\"><a href=\"http:\/\/www.laser-maker.com\/wp-content\/uploads\/2019\/04\/Laser-symbol-text.png\"><img loading=\"lazy\" decoding=\"async\" class=\"aligncenter size-medium wp-image-1335\" src=\"http:\/\/www.laser-maker.com\/wp-content\/uploads\/2019\/04\/Laser-symbol-text-300x300.png\" alt=\"\" width=\"300\" height=\"300\" srcset=\"https:\/\/www.laser-maker.com\/wp-content\/uploads\/2019\/04\/Laser-symbol-text-300x300.png 300w, https:\/\/www.laser-maker.com\/wp-content\/uploads\/2019\/04\/Laser-symbol-text-150x150.png 150w, https:\/\/www.laser-maker.com\/wp-content\/uploads\/2019\/04\/Laser-symbol-text-65x65.png 65w, https:\/\/www.laser-maker.com\/wp-content\/uploads\/2019\/04\/Laser-symbol-text.png 557w\" sizes=\"auto, (max-width: 300px) 100vw, 300px\" \/><\/a><span style=\"color: #00ccff;\">Do this test when you are at your best!<\/span><br \/>\n<span style=\"color: #00ccff;\">No wife (or husband), no child (or friend), no dog (or cat)<br \/>\n<\/span><\/p>\n<p style=\"text-align: center;\"><span style=\"color: #00ccff;\">You have to be in a quiet and clean place and empty your possible static electricity<\/span><\/p>\n<p style=\"text-align: center;\"><span style=\"color: #00ccff;\">The beam terminate on a wall where the paint is dark and mate (non-reflective)<\/span><br \/>\n<span style=\"color: #00ccff;\">You can use a 1mW laser pointer to check this befor the test<\/span><\/p>\n<p style=\"text-align: center;\"><span style=\"color: #00ccff;\">The test should last one minute max. Pay attention to the polarity and put the driver to analog<\/span><\/p>\n<p style=\"text-align: center;\"><span style=\"color: #33cccc;\">Faite ce test quand vous \u00eates au top de votre forme!<\/span><br \/>\n<span style=\"color: #33cccc;\">Sans femme (ou mari), ni enfant (ou ami), ni chien (ou chat)<br \/>\n<\/span><\/p>\n<p style=\"text-align: center;\"><span style=\"color: #33cccc;\">Il faut \u00eatre dans un endroit calme et propre et vider votre \u00e9ventuelle \u00e9lectricit\u00e9 statique<\/span><\/p>\n<p style=\"text-align: center;\"><span style=\"color: #33cccc;\">Le faisceau arrive sur un mur dont la peinture est fonc\u00e9e mat (non r\u00e9fl\u00e9chissante)<\/span><br \/>\n<span style=\"color: #33cccc;\">Vous pouvez utiliser un pointeur laser 1mW pour v\u00e9rifier ceci avant le test<\/span><\/p>\n<p style=\"text-align: center;\"><span style=\"color: #33cccc;\">Le test doit durer une minute maxi. Attention \u00e0 la polarit\u00e9 et mettre le driver sur analogue<\/span><\/p>\n<p><a href=\"http:\/\/www.laser-maker.com\/wp-content\/uploads\/2019\/04\/5W-MODULE1.jpg\"><img loading=\"lazy\" decoding=\"async\" class=\"aligncenter wp-image-1336 size-medium\" src=\"http:\/\/www.laser-maker.com\/wp-content\/uploads\/2019\/04\/5W-MODULE1-300x287.jpg\" alt=\"\" width=\"300\" height=\"287\" srcset=\"https:\/\/www.laser-maker.com\/wp-content\/uploads\/2019\/04\/5W-MODULE1-300x287.jpg 300w, https:\/\/www.laser-maker.com\/wp-content\/uploads\/2019\/04\/5W-MODULE1.jpg 671w\" sizes=\"auto, (max-width: 300px) 100vw, 300px\" \/><\/a><\/p>\n<p style=\"text-align: center;\"><span style=\"color: #00ccff;\">Here are the photos that the factory sent me<\/span><br \/>\n<span style=\"color: #00ccff;\">We can see that the alignment is very good<br \/>\n<\/span><\/p>\n<p style=\"text-align: center;\"><span style=\"color: #00ccff;\">Do not use a mirror as in the picture because the alignments are already done!<\/span><\/p>\n<p style=\"text-align: center;\"><span style=\"color: #33cccc;\">Voici les photos que la manufacture m&#8217;a envoy\u00e9e<\/span><br \/>\n<span style=\"color: #33cccc;\">On peut voir que l&#8217;alignement est tr\u00e8s bon<br \/>\n<\/span><\/p>\n<p style=\"text-align: center;\"><span style=\"color: #33cccc;\">N&#8217;utilisez pas de miroir comme sur la photo car les alignements sont d\u00e9j\u00e0 fait!<\/span><\/p>\n<p><a href=\"http:\/\/www.laser-maker.com\/wp-content\/uploads\/2019\/04\/5W-MODULE4.jpg\"><img loading=\"lazy\" decoding=\"async\" class=\"aligncenter wp-image-1341 size-medium\" src=\"http:\/\/www.laser-maker.com\/wp-content\/uploads\/2019\/04\/5W-MODULE4-300x94.jpg\" alt=\"\" width=\"300\" height=\"94\" srcset=\"https:\/\/www.laser-maker.com\/wp-content\/uploads\/2019\/04\/5W-MODULE4-300x94.jpg 300w, https:\/\/www.laser-maker.com\/wp-content\/uploads\/2019\/04\/5W-MODULE4-768x242.jpg 768w, https:\/\/www.laser-maker.com\/wp-content\/uploads\/2019\/04\/5W-MODULE4-1024x322.jpg 1024w, https:\/\/www.laser-maker.com\/wp-content\/uploads\/2019\/04\/5W-MODULE4.jpg 1332w\" sizes=\"auto, (max-width: 300px) 100vw, 300px\" \/><\/a><\/p>\n<p style=\"text-align: center;\"><span style=\"color: #00ccff;\">The power measurement was performed<\/span><\/p>\n<p style=\"text-align: center;\"><span style=\"color: #33cccc;\">La mesure de la puissance a \u00e9t\u00e9 effectu\u00e9e<\/span><\/p>\n<p style=\"text-align: center;\"><span style=\"color: #33cccc;\"><a href=\"http:\/\/www.laser-maker.com\/wp-content\/uploads\/2019\/04\/5W-MODULE6.png\"><img loading=\"lazy\" decoding=\"async\" class=\"aligncenter wp-image-1342 size-medium\" src=\"http:\/\/www.laser-maker.com\/wp-content\/uploads\/2019\/04\/5W-MODULE6-300x177.png\" alt=\"\" width=\"300\" height=\"177\" srcset=\"https:\/\/www.laser-maker.com\/wp-content\/uploads\/2019\/04\/5W-MODULE6-300x177.png 300w, https:\/\/www.laser-maker.com\/wp-content\/uploads\/2019\/04\/5W-MODULE6-768x452.png 768w, https:\/\/www.laser-maker.com\/wp-content\/uploads\/2019\/04\/5W-MODULE6.png 927w\" sizes=\"auto, (max-width: 300px) 100vw, 300px\" \/><\/a><\/span><\/p>\n<p style=\"text-align: center;\"><span style=\"color: #00ccff;\">Here is a diagram with the power of laser sources and human sensitivity<\/span><\/p>\n<p style=\"text-align: center;\"><span style=\"color: #00ccff;\">The color balance is optimal and it&#8217;s very important for mixed colors<\/span><\/p>\n<p style=\"text-align: center;\"><span style=\"color: #33cccc;\">Voici un sch\u00e9ma avec la puissance des sources et la sensibilit\u00e9 humaine<\/span><\/p>\n<p style=\"text-align: center;\"><span style=\"color: #33cccc;\">La balance de couleur est optimale et c&#8217;est tr\u00e8s important pour les couleurs mix\u00e9es<\/span><\/p>\n<p style=\"text-align: center;\"><a href=\"http:\/\/www.laser-maker.com\/wp-content\/uploads\/2019\/04\/COLOR-BALANCE-web.png\"><img loading=\"lazy\" decoding=\"async\" class=\"aligncenter wp-image-1343 size-medium\" src=\"http:\/\/www.laser-maker.com\/wp-content\/uploads\/2019\/04\/COLOR-BALANCE-web-300x200.png\" alt=\"\" width=\"300\" height=\"200\" srcset=\"https:\/\/www.laser-maker.com\/wp-content\/uploads\/2019\/04\/COLOR-BALANCE-web-300x200.png 300w, https:\/\/www.laser-maker.com\/wp-content\/uploads\/2019\/04\/COLOR-BALANCE-web-768x512.png 768w, https:\/\/www.laser-maker.com\/wp-content\/uploads\/2019\/04\/COLOR-BALANCE-web.png 900w\" sizes=\"auto, (max-width: 300px) 100vw, 300px\" \/><\/a><\/p>\n<p style=\"text-align: center;\"><span style=\"color: #00ccff;\">Most of the time the projector will display mixed colors&#8230;<\/span><br \/>\n<span style=\"color: #00ccff;\">The comparison explains that the 3.5W laser is the most powerful regarding cyan color!<\/span><\/p>\n<p style=\"text-align: center;\"><span style=\"color: #33cccc;\">la plupart du temps le projecteur va afficher des couleurs mix\u00e9es&#8230;<\/span><br \/>\n<span style=\"color: #33cccc;\">Le comparatif explique que le laser de 3.5W est le plus puissant en ce qui concerne le cyan!<\/span><\/p>\n<p><a href=\"http:\/\/www.laser-maker.com\/wp-content\/uploads\/2019\/04\/P_20190427_204839.jpg\"><img loading=\"lazy\" decoding=\"async\" class=\"aligncenter size-medium wp-image-1361\" src=\"http:\/\/www.laser-maker.com\/wp-content\/uploads\/2019\/04\/P_20190427_204839-300x220.jpg\" alt=\"\" width=\"300\" height=\"220\" srcset=\"https:\/\/www.laser-maker.com\/wp-content\/uploads\/2019\/04\/P_20190427_204839-300x220.jpg 300w, https:\/\/www.laser-maker.com\/wp-content\/uploads\/2019\/04\/P_20190427_204839-768x562.jpg 768w, https:\/\/www.laser-maker.com\/wp-content\/uploads\/2019\/04\/P_20190427_204839-1024x750.jpg 1024w, https:\/\/www.laser-maker.com\/wp-content\/uploads\/2019\/04\/P_20190427_204839.jpg 1158w\" sizes=\"auto, (max-width: 300px) 100vw, 300px\" \/><\/a><\/p>\n<p style=\"text-align: center;\"><span style=\"color: #00ccff;\">To carry out the test we use the 12V power supply and other 5V power supply<\/span><\/p>\n<p style=\"text-align: center;\"><span style=\"color: #00ccff;\">A potentiometer is connected as an ajustable voltage divider on the 5V PSU<\/span><\/p>\n<p style=\"text-align: center;\"><span style=\"color: #33cccc;\">Pour r\u00e9aliser le test on utilise l&#8217;alimentation 12V et autre alimentation de 5V<\/span><\/p>\n<p style=\"text-align: center;\"><span style=\"color: #33cccc;\">Il faut brancher un potentiom\u00e8tre en diviseur de tension ajustable sur l&#8217;alim 5V<\/span><\/p>\n<p><a href=\"http:\/\/www.laser-maker.com\/wp-content\/uploads\/2019\/04\/P_20190427_093817.jpg\"><img loading=\"lazy\" decoding=\"async\" class=\"aligncenter size-medium wp-image-1362\" src=\"http:\/\/www.laser-maker.com\/wp-content\/uploads\/2019\/04\/P_20190427_093817-300x137.jpg\" alt=\"\" width=\"300\" height=\"137\" srcset=\"https:\/\/www.laser-maker.com\/wp-content\/uploads\/2019\/04\/P_20190427_093817-300x137.jpg 300w, https:\/\/www.laser-maker.com\/wp-content\/uploads\/2019\/04\/P_20190427_093817-768x352.jpg 768w, https:\/\/www.laser-maker.com\/wp-content\/uploads\/2019\/04\/P_20190427_093817-1024x469.jpg 1024w, https:\/\/www.laser-maker.com\/wp-content\/uploads\/2019\/04\/P_20190427_093817.jpg 1074w\" sizes=\"auto, (max-width: 300px) 100vw, 300px\" \/><\/a><\/p>\n<p style=\"text-align: center;\"><span style=\"color: #00ccff;\">It&#8217;s mandatory to have goggles against laser radiation<\/span><\/p>\n<p style=\"text-align: center;\"><span style=\"color: #00ccff;\">There is one for the blue and green laser (orange) and another to test the red laser (blue)<\/span><\/p>\n<p style=\"text-align: center;\"><span style=\"color: #33cccc;\">Il faut obligatoirement avoir des lunettes de protection contre les rayonnements laser<\/span><\/p>\n<p style=\"text-align: center;\"><span style=\"color: #33cccc;\">Il y a celle pour le laser bleu et vert (orange) et une autre pour tester le laser rouge (bleu)<\/span><\/p>\n<p><a href=\"http:\/\/www.laser-maker.com\/wp-content\/uploads\/2019\/04\/P_20190427_205453.jpg\"><img loading=\"lazy\" decoding=\"async\" class=\"aligncenter size-medium wp-image-1363\" src=\"http:\/\/www.laser-maker.com\/wp-content\/uploads\/2019\/04\/P_20190427_205453-225x300.jpg\" alt=\"\" width=\"225\" height=\"300\" srcset=\"https:\/\/www.laser-maker.com\/wp-content\/uploads\/2019\/04\/P_20190427_205453-225x300.jpg 225w, https:\/\/www.laser-maker.com\/wp-content\/uploads\/2019\/04\/P_20190427_205453-768x1024.jpg 768w, https:\/\/www.laser-maker.com\/wp-content\/uploads\/2019\/04\/P_20190427_205453.jpg 936w\" sizes=\"auto, (max-width: 225px) 100vw, 225px\" \/><\/a><\/p>\n<p style=\"text-align: center;\"><span style=\"color: #00ccff;\">it&#8217;s mandatory to fix the laser source on an aluminum plate<\/span><br \/>\n<span style=\"color: #00ccff;\">With adesive tape I prevent <strong>everything<\/strong> from moving<\/span><\/p>\n<p style=\"text-align: center;\"><span style=\"color: #33cccc;\">il faut imp\u00e9rativement fixer la source sur une plaque aluminium<\/span><br \/>\n<span style=\"color: #33cccc;\">Avec du ruban adh\u00e9sif j\u2019emp\u00eache <strong>tout<\/strong> de bouger<\/span><\/p>\n<p><a href=\"http:\/\/www.laser-maker.com\/wp-content\/uploads\/2019\/04\/P_20190427_211512.jpg\"><img loading=\"lazy\" decoding=\"async\" class=\"aligncenter size-medium wp-image-1364\" src=\"http:\/\/www.laser-maker.com\/wp-content\/uploads\/2019\/04\/P_20190427_211512-300x265.jpg\" alt=\"\" width=\"300\" height=\"265\" srcset=\"https:\/\/www.laser-maker.com\/wp-content\/uploads\/2019\/04\/P_20190427_211512-300x265.jpg 300w, https:\/\/www.laser-maker.com\/wp-content\/uploads\/2019\/04\/P_20190427_211512-768x677.jpg 768w, https:\/\/www.laser-maker.com\/wp-content\/uploads\/2019\/04\/P_20190427_211512-1024x903.jpg 1024w, https:\/\/www.laser-maker.com\/wp-content\/uploads\/2019\/04\/P_20190427_211512.jpg 1337w\" sizes=\"auto, (max-width: 300px) 100vw, 300px\" \/><\/a><\/p>\n<p style=\"text-align: center;\"><span style=\"color: #00ccff;\">First I will test the blue then the green with goggles<\/span><\/p>\n<p style=\"text-align: center;\"><span style=\"color: #00ccff;\">Then I change goggles and I test the red<\/span><\/p>\n<p style=\"text-align: center;\"><span style=\"color: #33cccc;\">Dans un premier temps je vais tester le bleu puis le vert avec les lunettes de protection<\/span><\/p>\n<p style=\"text-align: center;\"><span style=\"color: #33cccc;\">Ensuite je change de lunettes et je test le rouge<\/span><\/p>\n<p><a href=\"http:\/\/www.laser-maker.com\/wp-content\/uploads\/2019\/04\/P_20190427_211940.jpg\"><img loading=\"lazy\" decoding=\"async\" class=\"aligncenter size-medium wp-image-1365\" src=\"http:\/\/www.laser-maker.com\/wp-content\/uploads\/2019\/04\/P_20190427_211940-238x300.jpg\" alt=\"\" width=\"238\" height=\"300\" srcset=\"https:\/\/www.laser-maker.com\/wp-content\/uploads\/2019\/04\/P_20190427_211940-238x300.jpg 238w, https:\/\/www.laser-maker.com\/wp-content\/uploads\/2019\/04\/P_20190427_211940-768x968.jpg 768w, https:\/\/www.laser-maker.com\/wp-content\/uploads\/2019\/04\/P_20190427_211940-813x1024.jpg 813w, https:\/\/www.laser-maker.com\/wp-content\/uploads\/2019\/04\/P_20190427_211940.jpg 970w\" sizes=\"auto, (max-width: 238px) 100vw, 238px\" \/><\/a><\/p>\n<p style=\"text-align: center;\"><span style=\"color: #00ccff;\">Here is our cyan color made with 100% purple and 20% green<\/span><\/p>\n<p style=\"text-align: center;\"><span style=\"color: #33cccc;\">Voici notre couleur cyan avec 100% de violet et 20% de vert<\/span><\/p>\n<p><a href=\"http:\/\/www.laser-maker.com\/index.php\/11-scanner-setup\/\">Step 11 Scanner setup \/ \u00c9tape 11 Mise en place des scanners<\/a><\/p>\n<p><a href=\"http:\/\/www.laser-maker.com\/index.php\/alos-project\/\">Back to summary \/ Retour au sommaire<\/a><\/p>\n<p>&nbsp;<\/p>\n","protected":false},"excerpt":{"rendered":"<p>It&#8217;s time to test the laser diode module without scanners and security card! C&#8217;est le moment de tester la diode laser sans scanners ni carte de s\u00e9curit\u00e9! Do this test when you are at your best! No wife (or husband), no child (or friend), no dog (or cat) You have to be in a quiet [&hellip;]<\/p>\n","protected":false},"author":1,"featured_media":0,"parent":111,"menu_order":0,"comment_status":"closed","ping_status":"closed","template":"","meta":{"footnotes":""},"class_list":["post-1333","page","type-page","status-publish","hentry"],"_links":{"self":[{"href":"https:\/\/www.laser-maker.com\/index.php\/wp-json\/wp\/v2\/pages\/1333","targetHints":{"allow":["GET"]}}],"collection":[{"href":"https:\/\/www.laser-maker.com\/index.php\/wp-json\/wp\/v2\/pages"}],"about":[{"href":"https:\/\/www.laser-maker.com\/index.php\/wp-json\/wp\/v2\/types\/page"}],"author":[{"embeddable":true,"href":"https:\/\/www.laser-maker.com\/index.php\/wp-json\/wp\/v2\/users\/1"}],"replies":[{"embeddable":true,"href":"https:\/\/www.laser-maker.com\/index.php\/wp-json\/wp\/v2\/comments?post=1333"}],"version-history":[{"count":28,"href":"https:\/\/www.laser-maker.com\/index.php\/wp-json\/wp\/v2\/pages\/1333\/revisions"}],"predecessor-version":[{"id":2931,"href":"https:\/\/www.laser-maker.com\/index.php\/wp-json\/wp\/v2\/pages\/1333\/revisions\/2931"}],"up":[{"embeddable":true,"href":"https:\/\/www.laser-maker.com\/index.php\/wp-json\/wp\/v2\/pages\/111"}],"wp:attachment":[{"href":"https:\/\/www.laser-maker.com\/index.php\/wp-json\/wp\/v2\/media?parent=1333"}],"curies":[{"name":"wp","href":"https:\/\/api.w.org\/{rel}","templated":true}]}}