{"id":1262,"date":"2019-04-22T11:56:16","date_gmt":"2019-04-22T09:56:16","guid":{"rendered":"http:\/\/www.laser-maker.com\/?page_id=1262"},"modified":"2019-04-24T13:49:39","modified_gmt":"2019-04-24T11:49:39","slug":"08-back-panel-garnish","status":"publish","type":"page","link":"https:\/\/www.laser-maker.com\/index.php\/alos-project\/08-back-panel-garnish\/","title":{"rendered":"08 &#8211; Back panel garnish"},"content":{"rendered":"<p><a href=\"http:\/\/www.laser-maker.com\/wp-content\/uploads\/2019\/04\/0-1.jpg\"><img loading=\"lazy\" decoding=\"async\" class=\"aligncenter wp-image-1276 size-large\" src=\"http:\/\/www.laser-maker.com\/wp-content\/uploads\/2019\/04\/0-1-1024x447.jpg\" alt=\"\" width=\"900\" height=\"393\" srcset=\"https:\/\/www.laser-maker.com\/wp-content\/uploads\/2019\/04\/0-1-1024x447.jpg 1024w, https:\/\/www.laser-maker.com\/wp-content\/uploads\/2019\/04\/0-1-300x131.jpg 300w, https:\/\/www.laser-maker.com\/wp-content\/uploads\/2019\/04\/0-1-768x335.jpg 768w, https:\/\/www.laser-maker.com\/wp-content\/uploads\/2019\/04\/0-1.jpg 1559w\" sizes=\"auto, (max-width: 900px) 100vw, 900px\" \/><\/a><\/p>\n<p style=\"text-align: center;\"><span style=\"color: #00ccff;\">A 0.5mm ALU thick pad is added to the back<\/span><br \/>\n<span style=\"color: #00ccff;\">This in order to cover the cuts that were made in the steel<\/span><\/p>\n<p style=\"text-align: center;\"><span style=\"color: #33cccc;\">Une garniture en aluminium de 0.5mm d&#8217;\u00e9paisseur est ajout\u00e9e \u00e0 l&#8217;arri\u00e8re<\/span><br \/>\n<span style=\"color: #33cccc;\">Ceci dans le but de couvrir les d\u00e9coupes qui ont \u00e9t\u00e9 faites dans l&#8217;acier<\/span><\/p>\n<p style=\"text-align: center;\"><a href=\"http:\/\/www.laser-maker.com\/wp-content\/uploads\/2019\/04\/1.jpg\"><img loading=\"lazy\" decoding=\"async\" class=\"aligncenter wp-image-1277 size-medium\" src=\"http:\/\/www.laser-maker.com\/wp-content\/uploads\/2019\/04\/1-300x215.jpg\" alt=\"\" width=\"300\" height=\"215\" srcset=\"https:\/\/www.laser-maker.com\/wp-content\/uploads\/2019\/04\/1-300x215.jpg 300w, https:\/\/www.laser-maker.com\/wp-content\/uploads\/2019\/04\/1-768x549.jpg 768w, https:\/\/www.laser-maker.com\/wp-content\/uploads\/2019\/04\/1-1024x732.jpg 1024w, https:\/\/www.laser-maker.com\/wp-content\/uploads\/2019\/04\/1.jpg 1352w\" sizes=\"auto, (max-width: 300px) 100vw, 300px\" \/><\/a><span style=\"color: #00ccff;\">Cutting is done with a good cutter with a new blade<\/span><\/p>\n<p style=\"text-align: center;\"><span style=\"color: #33cccc;\">La d\u00e9coupe se fait \u00e0 l&#8217;aide d&#8217;un bon cutter avec une lame neuve<\/span><\/p>\n<p style=\"text-align: center;\"><a href=\"http:\/\/www.laser-maker.com\/wp-content\/uploads\/2019\/04\/2.jpg\"><img loading=\"lazy\" decoding=\"async\" class=\"aligncenter wp-image-1278 size-medium\" src=\"http:\/\/www.laser-maker.com\/wp-content\/uploads\/2019\/04\/2-300x235.jpg\" alt=\"\" width=\"300\" height=\"235\" srcset=\"https:\/\/www.laser-maker.com\/wp-content\/uploads\/2019\/04\/2-300x235.jpg 300w, https:\/\/www.laser-maker.com\/wp-content\/uploads\/2019\/04\/2-768x601.jpg 768w, https:\/\/www.laser-maker.com\/wp-content\/uploads\/2019\/04\/2.jpg 849w\" sizes=\"auto, (max-width: 300px) 100vw, 300px\" \/><\/a><span style=\"color: #00ccff;\">Hand protection and think about the direction of the blade if it slips<\/span><\/p>\n<p style=\"text-align: center;\"><span style=\"color: #33cccc;\">Protection des mains et r\u00e9fl\u00e9chir \u00e0 la direction de la lame si elle glisse<\/span><\/p>\n<p>&nbsp;<\/p>\n<p><a href=\"http:\/\/www.laser-maker.com\/wp-content\/uploads\/2019\/04\/3.jpg\"><img loading=\"lazy\" decoding=\"async\" class=\"aligncenter wp-image-1279 size-medium\" src=\"http:\/\/www.laser-maker.com\/wp-content\/uploads\/2019\/04\/3-300x143.jpg\" alt=\"\" width=\"300\" height=\"143\" srcset=\"https:\/\/www.laser-maker.com\/wp-content\/uploads\/2019\/04\/3-300x143.jpg 300w, https:\/\/www.laser-maker.com\/wp-content\/uploads\/2019\/04\/3-768x365.jpg 768w, https:\/\/www.laser-maker.com\/wp-content\/uploads\/2019\/04\/3-1024x487.jpg 1024w, https:\/\/www.laser-maker.com\/wp-content\/uploads\/2019\/04\/3.jpg 1239w\" sizes=\"auto, (max-width: 300px) 100vw, 300px\" \/><\/a><\/p>\n<p style=\"text-align: center;\"><span style=\"color: #00ccff;\">R\u00e9alisation du marquage des per\u00e7ages \u00e0 effectuer<\/span><\/p>\n<p style=\"text-align: center;\"><span style=\"color: #33cccc;\">Achievement of marking holes to perform<\/span><\/p>\n<p>&nbsp;<\/p>\n<p style=\"text-align: center;\"><a href=\"http:\/\/www.laser-maker.com\/wp-content\/uploads\/2019\/04\/4.jpg\"><img loading=\"lazy\" decoding=\"async\" class=\"aligncenter wp-image-1280 size-medium\" src=\"http:\/\/www.laser-maker.com\/wp-content\/uploads\/2019\/04\/4-300x283.jpg\" alt=\"\" width=\"300\" height=\"283\" srcset=\"https:\/\/www.laser-maker.com\/wp-content\/uploads\/2019\/04\/4-300x283.jpg 300w, https:\/\/www.laser-maker.com\/wp-content\/uploads\/2019\/04\/4-768x724.jpg 768w, https:\/\/www.laser-maker.com\/wp-content\/uploads\/2019\/04\/4.jpg 836w\" sizes=\"auto, (max-width: 300px) 100vw, 300px\" \/><\/a><span style=\"color: #00ccff;\">To avoid damaging the aluminum I drill through a plastic ruler with holes<\/span><\/p>\n<p style=\"text-align: center;\"><span style=\"color: #00ccff;\">For this you have to keep the rule against the plate, at the hole while drilling<br \/>\n<\/span><\/p>\n<p style=\"text-align: center;\"><span style=\"color: #33cccc;\">Pour ne pas abimer l&#8217;aluminium je perce \u00e0 travers une r\u00e8gle en plastique trou\u00e9e<\/span><\/p>\n<p style=\"text-align: center;\"><span style=\"color: #33cccc;\">Pour cela il faut bien maintenir la r\u00e8gle contre la plaque, au niveau du trou, lors du per\u00e7age<\/span><\/p>\n<p style=\"text-align: center;\"><a href=\"http:\/\/www.laser-maker.com\/wp-content\/uploads\/2019\/04\/5.jpg\"><img loading=\"lazy\" decoding=\"async\" class=\"aligncenter wp-image-1281 size-medium\" src=\"http:\/\/www.laser-maker.com\/wp-content\/uploads\/2019\/04\/5-300x169.jpg\" alt=\"\" width=\"300\" height=\"169\" srcset=\"https:\/\/www.laser-maker.com\/wp-content\/uploads\/2019\/04\/5-300x169.jpg 300w, https:\/\/www.laser-maker.com\/wp-content\/uploads\/2019\/04\/5-768x432.jpg 768w, https:\/\/www.laser-maker.com\/wp-content\/uploads\/2019\/04\/5-1024x576.jpg 1024w, https:\/\/www.laser-maker.com\/wp-content\/uploads\/2019\/04\/5.jpg 1076w\" sizes=\"auto, (max-width: 300px) 100vw, 300px\" \/><\/a><span style=\"color: #00ccff;\">Fine sanding and cleaning then painting<\/span><\/p>\n<p style=\"text-align: center;\"><span style=\"color: #33cccc;\">Pon\u00e7age fin et nettoyage puis peinture<\/span><\/p>\n<p style=\"text-align: center;\"><a href=\"http:\/\/www.laser-maker.com\/wp-content\/uploads\/2019\/04\/6.jpg\"><img loading=\"lazy\" decoding=\"async\" class=\"aligncenter size-large wp-image-1282\" src=\"http:\/\/www.laser-maker.com\/wp-content\/uploads\/2019\/04\/6-1024x687.jpg\" alt=\"\" width=\"900\" height=\"604\" srcset=\"https:\/\/www.laser-maker.com\/wp-content\/uploads\/2019\/04\/6-1024x687.jpg 1024w, https:\/\/www.laser-maker.com\/wp-content\/uploads\/2019\/04\/6-300x201.jpg 300w, https:\/\/www.laser-maker.com\/wp-content\/uploads\/2019\/04\/6-768x515.jpg 768w, https:\/\/www.laser-maker.com\/wp-content\/uploads\/2019\/04\/6.jpg 1106w\" sizes=\"auto, (max-width: 900px) 100vw, 900px\" \/><\/a><span style=\"color: #00ccff;\">Finally, quickly done well, I use letters transfers<\/span><\/p>\n<p style=\"text-align: center;\"><span style=\"color: #33cccc;\">Pour finir, vite fait bien fait, j&#8217;utilise des lettres transferts<\/span><\/p>\n<p><a href=\"http:\/\/www.laser-maker.com\/index.php\/alos-project\/09-back-panel-wiring\/\">Step 09 &#8211; Back panel wiring \/ \u00c9tape 09 c\u00e2blage du panneau arri\u00e8re<\/a><\/p>\n<p><a href=\"http:\/\/www.laser-maker.com\/index.php\/alos-project\/\">Back to summary \/ Retour au sommaire<\/a><\/p>\n","protected":false},"excerpt":{"rendered":"<p>A 0.5mm ALU thick pad is added to the back This in order to cover the cuts that were made in the steel Une garniture en aluminium de 0.5mm d&#8217;\u00e9paisseur est ajout\u00e9e \u00e0 l&#8217;arri\u00e8re Ceci dans le but de couvrir les d\u00e9coupes qui ont \u00e9t\u00e9 faites dans l&#8217;acier Cutting is done with a good cutter [&hellip;]<\/p>\n","protected":false},"author":1,"featured_media":0,"parent":111,"menu_order":0,"comment_status":"closed","ping_status":"closed","template":"","meta":{"footnotes":""},"class_list":["post-1262","page","type-page","status-publish","hentry"],"_links":{"self":[{"href":"https:\/\/www.laser-maker.com\/index.php\/wp-json\/wp\/v2\/pages\/1262","targetHints":{"allow":["GET"]}}],"collection":[{"href":"https:\/\/www.laser-maker.com\/index.php\/wp-json\/wp\/v2\/pages"}],"about":[{"href":"https:\/\/www.laser-maker.com\/index.php\/wp-json\/wp\/v2\/types\/page"}],"author":[{"embeddable":true,"href":"https:\/\/www.laser-maker.com\/index.php\/wp-json\/wp\/v2\/users\/1"}],"replies":[{"embeddable":true,"href":"https:\/\/www.laser-maker.com\/index.php\/wp-json\/wp\/v2\/comments?post=1262"}],"version-history":[{"count":8,"href":"https:\/\/www.laser-maker.com\/index.php\/wp-json\/wp\/v2\/pages\/1262\/revisions"}],"predecessor-version":[{"id":1330,"href":"https:\/\/www.laser-maker.com\/index.php\/wp-json\/wp\/v2\/pages\/1262\/revisions\/1330"}],"up":[{"embeddable":true,"href":"https:\/\/www.laser-maker.com\/index.php\/wp-json\/wp\/v2\/pages\/111"}],"wp:attachment":[{"href":"https:\/\/www.laser-maker.com\/index.php\/wp-json\/wp\/v2\/media?parent=1262"}],"curies":[{"name":"wp","href":"https:\/\/api.w.org\/{rel}","templated":true}]}}