{"id":1151,"date":"2019-04-18T10:29:11","date_gmt":"2019-04-18T08:29:11","guid":{"rendered":"http:\/\/www.laser-maker.com\/?page_id=1151"},"modified":"2019-04-22T11:56:08","modified_gmt":"2019-04-22T09:56:08","slug":"05-cpu-enclosure-assembly","status":"publish","type":"page","link":"https:\/\/www.laser-maker.com\/index.php\/alos-project\/05-cpu-enclosure-assembly\/","title":{"rendered":"05 &#8211; CPU enclosure assembly"},"content":{"rendered":"<p><a href=\"http:\/\/www.laser-maker.com\/wp-content\/uploads\/2019\/04\/51682642_391073588128924_591295148437012480_n.jpg\"><img loading=\"lazy\" decoding=\"async\" class=\"aligncenter wp-image-1152 size-large\" src=\"http:\/\/www.laser-maker.com\/wp-content\/uploads\/2019\/04\/51682642_391073588128924_591295148437012480_n-1024x576.jpg\" alt=\"\" width=\"900\" height=\"506\" srcset=\"https:\/\/www.laser-maker.com\/wp-content\/uploads\/2019\/04\/51682642_391073588128924_591295148437012480_n-1024x576.jpg 1024w, https:\/\/www.laser-maker.com\/wp-content\/uploads\/2019\/04\/51682642_391073588128924_591295148437012480_n-300x169.jpg 300w, https:\/\/www.laser-maker.com\/wp-content\/uploads\/2019\/04\/51682642_391073588128924_591295148437012480_n-768x432.jpg 768w, https:\/\/www.laser-maker.com\/wp-content\/uploads\/2019\/04\/51682642_391073588128924_591295148437012480_n.jpg 1280w\" sizes=\"auto, (max-width: 900px) 100vw, 900px\" \/><\/a><\/p>\n<p style=\"text-align: center;\"><span style=\"color: #00ccff;\">The CPU enclosure makes a Faraday cage and also allows the dissipation of TO220<\/span><\/p>\n<p style=\"text-align: center;\"><span style=\"color: #33cccc;\">Le coffret CPU r\u00e9alise une cage de Faraday et permet aussi la dissipation des TO220<\/span><\/p>\n<p>&nbsp;<\/p>\n<p style=\"text-align: center;\"><a href=\"http:\/\/www.laser-maker.com\/wp-content\/uploads\/2019\/04\/LEVEL-0.3-SECURITY-V0.4.jpg\"><img loading=\"lazy\" decoding=\"async\" class=\"aligncenter size-medium wp-image-1153\" src=\"http:\/\/www.laser-maker.com\/wp-content\/uploads\/2019\/04\/LEVEL-0.3-SECURITY-V0.4-300x270.jpg\" alt=\"\" width=\"300\" height=\"270\" srcset=\"https:\/\/www.laser-maker.com\/wp-content\/uploads\/2019\/04\/LEVEL-0.3-SECURITY-V0.4-300x270.jpg 300w, https:\/\/www.laser-maker.com\/wp-content\/uploads\/2019\/04\/LEVEL-0.3-SECURITY-V0.4-768x691.jpg 768w, https:\/\/www.laser-maker.com\/wp-content\/uploads\/2019\/04\/LEVEL-0.3-SECURITY-V0.4-1024x922.jpg 1024w, https:\/\/www.laser-maker.com\/wp-content\/uploads\/2019\/04\/LEVEL-0.3-SECURITY-V0.4.jpg 1284w\" sizes=\"auto, (max-width: 300px) 100vw, 300px\" \/><\/a><\/p>\n<p style=\"text-align: center;\"><span style=\"color: #00ccff;\">A first test to validate the computer part<\/span><\/p>\n<p style=\"text-align: center;\"><span style=\"color: #33cccc;\">Un premier test pour valider la partie informatique<\/span><\/p>\n<p>&nbsp;<\/p>\n<p><a href=\"http:\/\/www.laser-maker.com\/wp-content\/uploads\/2019\/04\/P_20190128_213111.jpg\"><img loading=\"lazy\" decoding=\"async\" class=\"aligncenter size-medium wp-image-1156\" src=\"http:\/\/www.laser-maker.com\/wp-content\/uploads\/2019\/04\/P_20190128_213111-300x288.jpg\" alt=\"\" width=\"300\" height=\"288\" srcset=\"https:\/\/www.laser-maker.com\/wp-content\/uploads\/2019\/04\/P_20190128_213111-300x288.jpg 300w, https:\/\/www.laser-maker.com\/wp-content\/uploads\/2019\/04\/P_20190128_213111-768x738.jpg 768w, https:\/\/www.laser-maker.com\/wp-content\/uploads\/2019\/04\/P_20190128_213111-1024x984.jpg 1024w, https:\/\/www.laser-maker.com\/wp-content\/uploads\/2019\/04\/P_20190128_213111.jpg 1076w\" sizes=\"auto, (max-width: 300px) 100vw, 300px\" \/><\/a><\/p>\n<p style=\"text-align: center;\"><span style=\"color: #00ccff;\">Recycling a DPSS laser diode driver out of order<\/span><br \/>\n<span style=\"color: #33cccc;\">Recyclage d&#8217;un pilote de diode laser DPSS hors service<\/span><\/p>\n<p style=\"text-align: center;\"><a href=\"http:\/\/www.laser-maker.com\/wp-content\/uploads\/2019\/04\/P_20190128_213120.jpg\"><img loading=\"lazy\" decoding=\"async\" class=\"aligncenter size-medium wp-image-1157\" src=\"http:\/\/www.laser-maker.com\/wp-content\/uploads\/2019\/04\/P_20190128_213120-225x300.jpg\" alt=\"\" width=\"225\" height=\"300\" srcset=\"https:\/\/www.laser-maker.com\/wp-content\/uploads\/2019\/04\/P_20190128_213120-225x300.jpg 225w, https:\/\/www.laser-maker.com\/wp-content\/uploads\/2019\/04\/P_20190128_213120-768x1024.jpg 768w, https:\/\/www.laser-maker.com\/wp-content\/uploads\/2019\/04\/P_20190128_213120.jpg 1248w\" sizes=\"auto, (max-width: 225px) 100vw, 225px\" \/><\/a><span style=\"color: #00ccff;\">You can also use a PC processor heatsink<\/span><\/p>\n<p style=\"text-align: center;\"><span style=\"color: #33cccc;\">Vous pouvez aussi utiliser un radiateur de processeur PC<\/span><\/p>\n<p><a href=\"http:\/\/www.laser-maker.com\/wp-content\/uploads\/2019\/04\/P_20190315_120012.jpg\"><img loading=\"lazy\" decoding=\"async\" class=\"aligncenter size-medium wp-image-1163\" src=\"http:\/\/www.laser-maker.com\/wp-content\/uploads\/2019\/04\/P_20190315_120012-225x300.jpg\" alt=\"\" width=\"225\" height=\"300\" srcset=\"https:\/\/www.laser-maker.com\/wp-content\/uploads\/2019\/04\/P_20190315_120012-225x300.jpg 225w, https:\/\/www.laser-maker.com\/wp-content\/uploads\/2019\/04\/P_20190315_120012-768x1024.jpg 768w, https:\/\/www.laser-maker.com\/wp-content\/uploads\/2019\/04\/P_20190315_120012.jpg 1248w\" sizes=\"auto, (max-width: 225px) 100vw, 225px\" \/><\/a><\/p>\n<p style=\"text-align: center;\"><span style=\"color: #00ccff;\">Holes are made for the fan to return air into the cabinet<\/span><\/p>\n<p style=\"text-align: center;\"><span style=\"color: #33cccc;\">Des trous sont faits pour que le ventilo rentre de l&#8217;air dans le coffret<\/span><\/p>\n<p style=\"text-align: center;\"><a href=\"http:\/\/www.laser-maker.com\/wp-content\/uploads\/2019\/04\/P_20190129_103355.jpg\"><img loading=\"lazy\" decoding=\"async\" class=\"aligncenter size-medium wp-image-1158\" src=\"http:\/\/www.laser-maker.com\/wp-content\/uploads\/2019\/04\/P_20190129_103355-300x143.jpg\" alt=\"\" width=\"300\" height=\"143\" srcset=\"https:\/\/www.laser-maker.com\/wp-content\/uploads\/2019\/04\/P_20190129_103355-300x143.jpg 300w, https:\/\/www.laser-maker.com\/wp-content\/uploads\/2019\/04\/P_20190129_103355-768x366.jpg 768w, https:\/\/www.laser-maker.com\/wp-content\/uploads\/2019\/04\/P_20190129_103355-1024x488.jpg 1024w, https:\/\/www.laser-maker.com\/wp-content\/uploads\/2019\/04\/P_20190129_103355.jpg 1082w\" sizes=\"auto, (max-width: 300px) 100vw, 300px\" \/><\/a><span style=\"color: #00ccff;\">An aluminum plate makes it possible to fill the gap (3mm) between the TO220 and the enclosure<\/span><\/p>\n<p style=\"text-align: center;\"><span style=\"color: #33cccc;\">Une plaque alu permet de combler l&#8217;espace (3mm) entre les TO220 et le coffret<\/span><\/p>\n<p><a href=\"http:\/\/www.laser-maker.com\/wp-content\/uploads\/2019\/04\/P_20190315_120049.jpg\"><img loading=\"lazy\" decoding=\"async\" class=\"aligncenter size-medium wp-image-1165\" src=\"http:\/\/www.laser-maker.com\/wp-content\/uploads\/2019\/04\/P_20190315_120049-300x225.jpg\" alt=\"\" width=\"300\" height=\"225\" srcset=\"https:\/\/www.laser-maker.com\/wp-content\/uploads\/2019\/04\/P_20190315_120049-300x225.jpg 300w, https:\/\/www.laser-maker.com\/wp-content\/uploads\/2019\/04\/P_20190315_120049-768x576.jpg 768w, https:\/\/www.laser-maker.com\/wp-content\/uploads\/2019\/04\/P_20190315_120049-1024x768.jpg 1024w, https:\/\/www.laser-maker.com\/wp-content\/uploads\/2019\/04\/P_20190315_120049-320x240.jpg 320w, https:\/\/www.laser-maker.com\/wp-content\/uploads\/2019\/04\/P_20190315_120049.jpg 1248w\" sizes=\"auto, (max-width: 300px) 100vw, 300px\" \/><\/a><\/p>\n<div class=\"result-shield-container tlid-copy-target\" style=\"text-align: center;\" tabindex=\"0\"><span class=\"tlid-translation translation\" lang=\"en\" style=\"color: #00ccff;\"><span class=\"alt-edited\">Cut out USB passages and hot air outlet using a burr<\/span><\/span><\/div>\n<div style=\"text-align: center;\" tabindex=\"0\"><span style=\"color: #33cccc;\">D\u00e9coupe des passages USB et sortie d&#8217;air chaud en utilisant une fraise<\/span><\/div>\n<div tabindex=\"0\"><\/div>\n<p><a href=\"http:\/\/www.laser-maker.com\/wp-content\/uploads\/2019\/04\/P_20190315_120018.jpg\"><img loading=\"lazy\" decoding=\"async\" class=\"aligncenter size-medium wp-image-1164\" src=\"http:\/\/www.laser-maker.com\/wp-content\/uploads\/2019\/04\/P_20190315_120018-225x300.jpg\" alt=\"\" width=\"225\" height=\"300\" srcset=\"https:\/\/www.laser-maker.com\/wp-content\/uploads\/2019\/04\/P_20190315_120018-225x300.jpg 225w, https:\/\/www.laser-maker.com\/wp-content\/uploads\/2019\/04\/P_20190315_120018-768x1024.jpg 768w, https:\/\/www.laser-maker.com\/wp-content\/uploads\/2019\/04\/P_20190315_120018.jpg 936w\" sizes=\"auto, (max-width: 225px) 100vw, 225px\" \/><\/a><\/p>\n<p style=\"text-align: center;\"><span style=\"color: #00ccff;\">Make several large holes and connect the sets to the file to make an oval cut<\/span><\/p>\n<p style=\"text-align: center;\"><span style=\"color: #33cccc;\">R\u00e9aliser plusieurs gros trous et relier les ensembles \u00e0 la lime pour faire une d\u00e9coupe ovale<\/span><\/p>\n<p style=\"text-align: center;\"><a href=\"http:\/\/www.laser-maker.com\/wp-content\/uploads\/2019\/04\/P_20190323_090135.jpg\"><img loading=\"lazy\" decoding=\"async\" class=\"aligncenter size-medium wp-image-1166\" src=\"http:\/\/www.laser-maker.com\/wp-content\/uploads\/2019\/04\/P_20190323_090135-300x120.jpg\" alt=\"\" width=\"300\" height=\"120\" srcset=\"https:\/\/www.laser-maker.com\/wp-content\/uploads\/2019\/04\/P_20190323_090135-300x120.jpg 300w, https:\/\/www.laser-maker.com\/wp-content\/uploads\/2019\/04\/P_20190323_090135-768x308.jpg 768w, https:\/\/www.laser-maker.com\/wp-content\/uploads\/2019\/04\/P_20190323_090135-1024x411.jpg 1024w, https:\/\/www.laser-maker.com\/wp-content\/uploads\/2019\/04\/P_20190323_090135.jpg 1090w\" sizes=\"auto, (max-width: 300px) 100vw, 300px\" \/><\/a><span style=\"color: #00ccff;\">Experience has shown me that you need &#8220;easy access&#8221; to USB<\/span><\/p>\n<p style=\"text-align: center;\"><span style=\"color: #33cccc;\">L&#8217;exp\u00e9rience m&#8217;a montr\u00e9 qu&#8217;il faut pouvoir &#8220;acc\u00e9der facilement&#8221; aux USB<\/span><\/p>\n<p style=\"text-align: center;\"><a href=\"http:\/\/www.laser-maker.com\/wp-content\/uploads\/2019\/04\/P_20190126_132443.jpg\"><img loading=\"lazy\" decoding=\"async\" class=\"aligncenter wp-image-1154 size-thumbnail\" src=\"http:\/\/www.laser-maker.com\/wp-content\/uploads\/2019\/04\/P_20190126_132443-150x150.jpg\" alt=\"\" width=\"150\" height=\"150\" srcset=\"https:\/\/www.laser-maker.com\/wp-content\/uploads\/2019\/04\/P_20190126_132443-150x150.jpg 150w, https:\/\/www.laser-maker.com\/wp-content\/uploads\/2019\/04\/P_20190126_132443-65x65.jpg 65w\" sizes=\"auto, (max-width: 150px) 100vw, 150px\" \/><\/a><span style=\"color: #00ccff;\">\u00a0\u00a0\u00a0 Use thread lock for assemblies<\/span><\/p>\n<p style=\"text-align: center;\"><span style=\"color: #33cccc;\">Il faut utiliser du frein filet pour les assemblages<\/span><\/p>\n<p style=\"text-align: center;\"><a href=\"http:\/\/www.laser-maker.com\/wp-content\/uploads\/2019\/04\/P_20190307_231316_1.jpg\"><img loading=\"lazy\" decoding=\"async\" class=\"aligncenter size-medium wp-image-1159\" src=\"http:\/\/www.laser-maker.com\/wp-content\/uploads\/2019\/04\/P_20190307_231316_1-300x211.jpg\" alt=\"\" width=\"300\" height=\"211\" srcset=\"https:\/\/www.laser-maker.com\/wp-content\/uploads\/2019\/04\/P_20190307_231316_1-300x211.jpg 300w, https:\/\/www.laser-maker.com\/wp-content\/uploads\/2019\/04\/P_20190307_231316_1-768x541.jpg 768w, https:\/\/www.laser-maker.com\/wp-content\/uploads\/2019\/04\/P_20190307_231316_1-1024x721.jpg 1024w, https:\/\/www.laser-maker.com\/wp-content\/uploads\/2019\/04\/P_20190307_231316_1.jpg 1173w\" sizes=\"auto, (max-width: 300px) 100vw, 300px\" \/><\/a><\/p>\n<p style=\"text-align: center;\"><span style=\"color: #00ccff;\">Do not forget the thermal conduction grease and TO220 side too<\/span><\/p>\n<p style=\"text-align: center;\"><span style=\"color: #33cccc;\">N&#8217;oubliez pas la graisse de conduction thermique et cot\u00e9 TO220 aussi<\/span><\/p>\n<p style=\"text-align: center;\"><a href=\"http:\/\/www.laser-maker.com\/wp-content\/uploads\/2019\/04\/P_20190308_135923.jpg\"><img loading=\"lazy\" decoding=\"async\" class=\"aligncenter size-medium wp-image-1161\" src=\"http:\/\/www.laser-maker.com\/wp-content\/uploads\/2019\/04\/P_20190308_135923-240x300.jpg\" alt=\"\" width=\"240\" height=\"300\" srcset=\"https:\/\/www.laser-maker.com\/wp-content\/uploads\/2019\/04\/P_20190308_135923-240x300.jpg 240w, https:\/\/www.laser-maker.com\/wp-content\/uploads\/2019\/04\/P_20190308_135923-768x958.jpg 768w, https:\/\/www.laser-maker.com\/wp-content\/uploads\/2019\/04\/P_20190308_135923-821x1024.jpg 821w, https:\/\/www.laser-maker.com\/wp-content\/uploads\/2019\/04\/P_20190308_135923.jpg 1170w\" sizes=\"auto, (max-width: 240px) 100vw, 240px\" \/><\/a><span style=\"color: #00ccff;\">Checking all boxes made by my cat!<\/span><\/p>\n<p style=\"text-align: center;\"><span style=\"color: #33cccc;\">Contr\u00f4le de toutes les boites effectu\u00e9 par mon chat!<\/span><\/p>\n<p><a href=\"http:\/\/www.laser-maker.com\/wp-content\/uploads\/2019\/04\/P_20190308_135858.jpg\"><img loading=\"lazy\" decoding=\"async\" class=\"aligncenter size-medium wp-image-1160\" src=\"http:\/\/www.laser-maker.com\/wp-content\/uploads\/2019\/04\/P_20190308_135858-300x154.jpg\" alt=\"\" width=\"300\" height=\"154\" srcset=\"https:\/\/www.laser-maker.com\/wp-content\/uploads\/2019\/04\/P_20190308_135858-300x154.jpg 300w, https:\/\/www.laser-maker.com\/wp-content\/uploads\/2019\/04\/P_20190308_135858-768x395.jpg 768w, https:\/\/www.laser-maker.com\/wp-content\/uploads\/2019\/04\/P_20190308_135858-1024x527.jpg 1024w, https:\/\/www.laser-maker.com\/wp-content\/uploads\/2019\/04\/P_20190308_135858.jpg 1540w\" sizes=\"auto, (max-width: 300px) 100vw, 300px\" \/><\/a><\/p>\n<p style=\"text-align: center;\"><span style=\"color: #00ccff;\"> Last shot of paint and the CPU enclosure is ready for assembly<\/span><\/p>\n<p style=\"text-align: center;\"><span style=\"color: #33cccc;\">Dernier coup de peinture et la CPU enclosure est pr\u00eate pour l&#8217;assemblage<\/span><\/p>\n<p><a href=\"http:\/\/www.laser-maker.com\/wp-content\/uploads\/2019\/04\/P_20190127_125043.jpg\"><img loading=\"lazy\" decoding=\"async\" class=\"aligncenter size-medium wp-image-1155\" src=\"http:\/\/www.laser-maker.com\/wp-content\/uploads\/2019\/04\/P_20190127_125043-225x300.jpg\" alt=\"\" width=\"225\" height=\"300\" srcset=\"https:\/\/www.laser-maker.com\/wp-content\/uploads\/2019\/04\/P_20190127_125043-225x300.jpg 225w, https:\/\/www.laser-maker.com\/wp-content\/uploads\/2019\/04\/P_20190127_125043-768x1024.jpg 768w, https:\/\/www.laser-maker.com\/wp-content\/uploads\/2019\/04\/P_20190127_125043.jpg 936w\" sizes=\"auto, (max-width: 225px) 100vw, 225px\" \/><\/a><\/p>\n<p style=\"text-align: center;\"><span style=\"color: #00ccff;\">Start with the wiring of the PCB LEVEL (Photo: V0.3)<\/span><\/p>\n<p style=\"text-align: center;\"><span style=\"color: #33cccc;\">D\u00e9but du c\u00e2blage par la PCB LEVEL (Photo: V0.3)<\/span><\/p>\n<p style=\"text-align: center;\"><a href=\"http:\/\/www.laser-maker.com\/wp-content\/uploads\/2019\/04\/P_20190309_123824.jpg\"><img loading=\"lazy\" decoding=\"async\" class=\"aligncenter size-medium wp-image-1162\" src=\"http:\/\/www.laser-maker.com\/wp-content\/uploads\/2019\/04\/P_20190309_123824-300x237.jpg\" alt=\"\" width=\"300\" height=\"237\" srcset=\"https:\/\/www.laser-maker.com\/wp-content\/uploads\/2019\/04\/P_20190309_123824-300x237.jpg 300w, https:\/\/www.laser-maker.com\/wp-content\/uploads\/2019\/04\/P_20190309_123824-768x606.jpg 768w, https:\/\/www.laser-maker.com\/wp-content\/uploads\/2019\/04\/P_20190309_123824-1024x808.jpg 1024w, https:\/\/www.laser-maker.com\/wp-content\/uploads\/2019\/04\/P_20190309_123824.jpg 1424w\" sizes=\"auto, (max-width: 300px) 100vw, 300px\" \/><\/a><span style=\"color: #00ccff;\">Check that the cables are correctly inserted into the terminal blocks<\/span><br \/>\n<span style=\"color: #00ccff;\">I put also hot glue on the terminal blocks just before closing<br \/>\n<\/span><\/p>\n<p style=\"text-align: center;\"><span style=\"color: #33cccc;\">Il faut v\u00e9rifier que les c\u00e2bles sont bien ins\u00e9r\u00e9s dans les borniers<\/span><br \/>\n<span style=\"color: #33cccc;\">Je d\u00e9pose aussi de la colle chaude sur les borniers avant de refermer<br \/>\n<\/span><\/p>\n<p><a href=\"http:\/\/www.laser-maker.com\/index.php\/alos-project\/06-refrigeration\/\">Step 06 &#8211; Refrigeration \/ Etape 06 &#8211; R\u00e9frig\u00e9ration<\/a><\/p>\n<p><a href=\"http:\/\/www.laser-maker.com\/index.php\/alos-project\/\">Back to summary \/ Retour au sommaire<\/a><\/p>\n","protected":false},"excerpt":{"rendered":"<p>The CPU enclosure makes a Faraday cage and also allows the dissipation of TO220 Le coffret CPU r\u00e9alise une cage de Faraday et permet aussi la dissipation des TO220 &nbsp; A first test to validate the computer part Un premier test pour valider la partie informatique &nbsp; Recycling a DPSS laser diode driver out of [&hellip;]<\/p>\n","protected":false},"author":1,"featured_media":0,"parent":111,"menu_order":0,"comment_status":"closed","ping_status":"closed","template":"","meta":{"footnotes":""},"class_list":["post-1151","page","type-page","status-publish","hentry"],"_links":{"self":[{"href":"https:\/\/www.laser-maker.com\/index.php\/wp-json\/wp\/v2\/pages\/1151","targetHints":{"allow":["GET"]}}],"collection":[{"href":"https:\/\/www.laser-maker.com\/index.php\/wp-json\/wp\/v2\/pages"}],"about":[{"href":"https:\/\/www.laser-maker.com\/index.php\/wp-json\/wp\/v2\/types\/page"}],"author":[{"embeddable":true,"href":"https:\/\/www.laser-maker.com\/index.php\/wp-json\/wp\/v2\/users\/1"}],"replies":[{"embeddable":true,"href":"https:\/\/www.laser-maker.com\/index.php\/wp-json\/wp\/v2\/comments?post=1151"}],"version-history":[{"count":12,"href":"https:\/\/www.laser-maker.com\/index.php\/wp-json\/wp\/v2\/pages\/1151\/revisions"}],"predecessor-version":[{"id":1270,"href":"https:\/\/www.laser-maker.com\/index.php\/wp-json\/wp\/v2\/pages\/1151\/revisions\/1270"}],"up":[{"embeddable":true,"href":"https:\/\/www.laser-maker.com\/index.php\/wp-json\/wp\/v2\/pages\/111"}],"wp:attachment":[{"href":"https:\/\/www.laser-maker.com\/index.php\/wp-json\/wp\/v2\/media?parent=1151"}],"curies":[{"name":"wp","href":"https:\/\/api.w.org\/{rel}","templated":true}]}}